{"id":12,"date":"2019-08-13T15:26:27","date_gmt":"2019-08-13T18:26:27","guid":{"rendered":"http:\/\/servsystem.com.br\/jr\/?page_id=12"},"modified":"2026-03-23T16:37:40","modified_gmt":"2026-03-23T19:37:40","slug":"precos","status":"publish","type":"page","link":"http:\/\/servsystem.com.br\/jr\/precos\/","title":{"rendered":"Planos"},"content":{"rendered":"\t\t<div data-elementor-type=\"wp-page\" data-elementor-id=\"12\" class=\"elementor elementor-12\">\n\t\t\t\t\t\t<section class=\"elementor-section elementor-top-section elementor-element elementor-element-714ae8b elementor-section-boxed elementor-section-height-default elementor-section-height-default\" data-id=\"714ae8b\" data-element_type=\"section\" data-e-type=\"section\">\n\t\t\t\t\t\t<div class=\"elementor-container elementor-column-gap-default\">\n\t\t\t\t\t<div class=\"elementor-column elementor-col-100 elementor-top-column elementor-element elementor-element-52850bc\" data-id=\"52850bc\" data-element_type=\"column\" data-e-type=\"column\">\n\t\t\t<div class=\"elementor-widget-wrap elementor-element-populated\">\n\t\t\t\t\t\t<div class=\"elementor-element elementor-element-455d3cb elementor-widget__width-initial elementor-widget elementor-widget-html\" data-id=\"455d3cb\" data-element_type=\"widget\" data-e-type=\"widget\" data-widget_type=\"html.default\">\n\t\t\t\t<div class=\"elementor-widget-container\">\n\t\t\t\t\t<script>\r\n  (function(i,s,o,g,r,a,m){i['GoogleAnalyticsObject']=r;i[r]=i[r]||function(){\r\n  (i[r].q=i[r].q||[]).push(arguments)},i[r].l=1*new Date();a=s.createElement(o),\r\n  m=s.getElementsByTagName(o)[0];a.async=1;a.src=g;m.parentNode.insertBefore(a,m)\r\n  })(window,document,'script','https:\/\/www.google-analytics.com\/analytics.js','ga');\r\n\r\n  ga('create', 'UA-89780925-1', 'auto');\r\n  ga('send', 'pageview');\r\n\r\n<\/script>\t\t\t\t<\/div>\n\t\t\t\t<\/div>\n\t\t\t\t\t<\/div>\n\t\t<\/div>\n\t\t\t\t\t<\/div>\n\t\t<\/section>\n\t\t\t\t<section class=\"elementor-section elementor-top-section elementor-element elementor-element-0466e93 elementor-section-boxed elementor-section-height-default elementor-section-height-default\" data-id=\"0466e93\" data-element_type=\"section\" data-e-type=\"section\">\n\t\t\t\t\t\t<div class=\"elementor-container elementor-column-gap-default\">\n\t\t\t\t\t<div class=\"elementor-column elementor-col-100 elementor-top-column elementor-element elementor-element-356d491\" data-id=\"356d491\" data-element_type=\"column\" data-e-type=\"column\">\n\t\t\t<div class=\"elementor-widget-wrap elementor-element-populated\">\n\t\t\t\t\t\t<div class=\"elementor-element elementor-element-6404011 elementor-widget__width-initial elementor-widget-tablet__width-initial elementor-widget-mobile__width-initial elementor-widget elementor-widget-image\" data-id=\"6404011\" data-element_type=\"widget\" data-e-type=\"widget\" data-widget_type=\"image.default\">\n\t\t\t\t<div class=\"elementor-widget-container\">\n\t\t\t\t\t\t\t\t\t\t\t\t\t\t\t<img fetchpriority=\"high\" decoding=\"async\" width=\"584\" height=\"150\" src=\"http:\/\/servsystem.com.br\/jr\/wp-content\/uploads\/2020\/07\/precoJRnfe.png\" class=\"attachment-full size-full wp-image-897\" alt=\"\" srcset=\"http:\/\/servsystem.com.br\/jr\/wp-content\/uploads\/2020\/07\/precoJRnfe.png 584w, http:\/\/servsystem.com.br\/jr\/wp-content\/uploads\/2020\/07\/precoJRnfe-300x77.png 300w, http:\/\/servsystem.com.br\/jr\/wp-content\/uploads\/2020\/07\/precoJRnfe-200x51.png 200w\" sizes=\"(max-width: 584px) 100vw, 584px\" \/>\t\t\t\t\t\t\t\t\t\t\t\t\t\t\t<\/div>\n\t\t\t\t<\/div>\n\t\t\t\t\t<\/div>\n\t\t<\/div>\n\t\t\t\t\t<\/div>\n\t\t<\/section>\n\t\t\t\t<section class=\"elementor-section elementor-top-section elementor-element elementor-element-6f28084 elementor-section-boxed elementor-section-height-default elementor-section-height-default\" data-id=\"6f28084\" data-element_type=\"section\" data-e-type=\"section\">\n\t\t\t\t\t\t<div class=\"elementor-container elementor-column-gap-default\">\n\t\t\t\t\t<div class=\"elementor-column elementor-col-100 elementor-top-column elementor-element elementor-element-c33fd74\" data-id=\"c33fd74\" data-element_type=\"column\" data-e-type=\"column\">\n\t\t\t<div class=\"elementor-widget-wrap elementor-element-populated\">\n\t\t\t\t\t\t<div class=\"elementor-element elementor-element-6d43160 elementor-widget-mobile__width-initial elementor-widget elementor-widget-html\" data-id=\"6d43160\" data-element_type=\"widget\" data-e-type=\"widget\" data-widget_type=\"html.default\">\n\t\t\t\t<div class=\"elementor-widget-container\">\n\t\t\t\t\t<html>\n\n<head>\n<meta http-equiv=\"Content-Type\" content=\"text\/html; charset=windows-1252\">\n<title>Nova pagina 3<\/title>\n<\/head>\n\n<body>\n\n<body       onload=\"somaF()\"  >\n\n<div align=\"center\">\n\t<p style=\"margin-left:10px; margin-right:4px; margin-top:0; margin-bottom:0\">\n\t<i><\/li>\n\t\t&nbsp;<\/i><\/p> \n\t<table border=\"0\" width=\"413\" cellspacing=\"0\" cellpadding=\"0\">\n\t\n\t\n\n                     <form action=\"https:\/\/www.servsystem.com.br\/apps\/jr\/assineJR-7d.php\" method=\"POST\" class=\"texto2\" onSubmit=\"return valida_form();\" language=\"JavaScript\">\n\t\n\t\t<tr>\n\t\t\t<td width=\"411\" align=\"center\" style=\"border-style:solid; border-width:1px; text-align: center\" height=\"29\" colspan=\"2\" bgcolor=\"#FFFFFF\">\n\t<p style=\"margin: 0 10px\"><b><span class=\"style10\">\n\t<font face=\"Arial\" size=\"4\">Cobertura: <\/font><\/span><\/b><\/p>\n\t<p style=\"margin-left:10px; margin-right:4px; margin-top:0; margin-bottom:0\">\n\t<i><span class=\"style10\"><font face=\"Arial\">Suporte t\u00e9cnico incluso.<\/font><\/span><\/i><\/p>\n\t<p style=\"margin-left:10px; margin-right:4px; margin-top:0; margin-bottom:0\">\n\t<i><span class=\"style10\"><font face=\"Arial\">Atualiza\u00e7\u00f5es legislativas.<\/font><\/span><\/i><\/p>\n\t<p style=\"margin-left:10px; margin-right:4px; margin-top:0; margin-bottom:0\">\n\t<i><span class=\"style10\"><font face=\"Arial\">Novas vers\u00f5es do software.<\/font><\/span><\/i><\/p> \n\t\t\t<\/td>\n\t\t<\/tr>\n\t\n\t\t<tr>\n\t\t\t<td width=\"206\" align=\"center\" bgcolor=\"#2196F3\" style=\"border-style:solid; border-width:1px; text-align: center\" height=\"29\">\n\t\t\t<b><font face=\"Arial\" size=\"4\" color=\"#FFFFFF\">PLANO ANUAL<\/font><\/b><\/td>\n\t\t\t<td width=\"203\" align=\"center\" bgcolor=\"#87CEEB\" style=\"border-style:solid; border-width:1px; text-align: center\" height=\"29\">\n\t\t\t<b><font face=\"Arial\" size=\"4\" color=\"#FFFFFF\">PLANO MENSAL <\/font><\/b><\/td>\n\t\t<\/tr>\n\t\t<tr>\n\t\t\t<td width=\"208\" align=\"center\" style=\"text-align: center; border-top-style:solid; border-top-width:1px\" height=\"29\">\n\t\t\t<font color=\"#FFFFFF\" size=\"2\"><b>\n\t\t\t<span style=\"background-color: #FF0000\">&nbsp;-30% <\/span><\/b>\n\t\t\t<\/font><\/td>\n\t\t\t<td width=\"205\" align=\"center\" bgcolor=\"#FFFFFF\" style=\"text-align: center; border-top-style:solid; border-top-width:1px\" height=\"29\">\n\t\t\t&nbsp;<\/td>\n\t\t<\/tr>\n\t\t<tr>\n\t\t\t<td width=\"208\" align=\"center\" bgcolor=\"#FFFFFF\" style=\"text-align: center\" height=\"29\">\n\t\t\t<b> \n\t\t\t<font face=\"Arial\" size=\"3\"> \n\t\t\tR$<input id=\"jrmensalA\" readonly name=\"jrmensalA\"    size=\"8\" style=\"border:1px solid #FFFFFF; font-size: 14pt; font-weight: bold\" > <\/font>\n\t\t\t<i>\n\t\t\t<font face=\"Arial\" size=\"2\"><span style=\"font-weight: 400\">por m\u00eas<\/span><\/font><\/i><\/b><\/td>\n\t\t\t<td width=\"205\" align=\"center\" bgcolor=\"#FFFFFF\" style=\"text-align: center\" height=\"29\">\n\t\t\t<font face=\"Arial\" size=\"3\">\n\t\t\t<b> \n\t\t\tR$<\/b><font face=\"Arial\"><b><input id=\"jrmensalM\" readonly name=\"jrmensalM\"    size=\"8\" style=\"border:1px solid #FFFFFF; font-size: 14pt; font-weight: bold\" >&nbsp; <\/b><\/font><b> \n\t\t\t&nbsp;<i><font face=\"Arial\" size=\"2\"><span style=\"font-weight: 400\">por \n\t\t\tm\u00eas<\/span><\/font><\/i><\/b><\/td>\n\t\t<\/tr>\n\t\t<tr>\n\t\t\t<td width=\"208\" align=\"center\" bgcolor=\"#FFFFFF\" style=\"text-align: center\" height=\"26\">\n\t\t\t<b> \n\t\t\t<font face=\"Arial\" size=\"3\"> \n\t\t\tR$<\/font><\/b><font face=\"Arial\" size=\"3\"><b><font face=\"Arial\"><input id=\"jradesaoA\" readonly name=\"jradesaoA\"    size=\"8\" style=\"border:1px solid #FFFFFF; font-size: 14pt; font-weight: bold\" ><\/font><\/b><font face=\"Arial\"> <\/font>\n\t\t\t<\/font>\n\t\t\t<font face=\"Arial\">\n\t\t\t<font face=\"Arial\" size=\"2\">Ades\u00e3o<\/font><font face=\"Arial\" size=\"3\">&nbsp; <\/font><\/td>\n\t\t\t<td width=\"205\" align=\"center\" bgcolor=\"#FFFFFF\" style=\"text-align: center\" height=\"26\">\n\t\t\t<b> \n\t\t\t<font face=\"Arial\" size=\"3\"> \n\t\t\tR$<\/font><\/b><font face=\"Arial\" size=\"3\"><b><font face=\"Arial\"><input id=\"jradesaoM\" readonly name=\"jradesaoM\"    size=\"8\" style=\"border:1px solid #FFFFFF; font-size: 14pt; font-weight: bold\" ><\/font><\/b><\/font><font face=\"Arial\">\n\t\t\t<font size=\"2\">&nbsp; Ades\u00e3o<\/font><\/font><\/td>\n\t\t<\/tr>\n\t\t<tr>\n\t\t\t<td width=\"208\" align=\"center\" bgcolor=\"#FFFFFF\" style=\"text-align: center\">\n\t\t\t<p style=\"text-align: left\">\n\t\t\t<font face=\"Arial\">Fideliza\u00e7\u00e3o<b>: <\/b><\/font>\n\t\t\t<font face=\"Arial\" size=\"4\">\n\n\t\t\t<b><font face=\"Arial\">\n\n\t\t<input id=\"fidemesA\" readonly name=\"fidemesA\"    size=\"5\" style=\"border:1px solid #FFFFFF; font-weight: bold\" ><\/font><\/b><\/font><font face=\"Arial\"> \n\t\t\tmeses<\/font><\/td>\n\t\t\t<td width=\"205\" align=\"center\" bgcolor=\"#FFFFFF\" style=\"text-align: center\">\n\t\t\t<p style=\"text-align: left\">\n\t\t\t<font face=\"Arial\">Fideliza\u00e7\u00e3o<b>: <\/b><\/font>\n\t\t\t<font face=\"Arial\" size=\"3\">\n\n\t\t\t<b><font face=\"Arial\">\n\n\t\t<input id=\"fidemesM\" readonly name=\"fidemesM\"   size=\"4\" style=\"border:1px solid #FFFFFF; font-weight: bold\" ><\/font><\/b><\/font><font face=\"Arial\"> \n\t\t\tmeses<\/font><\/td>\n\t\t<\/tr>\n\t\t<tr>\n\t\t\t<td width=\"208\" align=\"center\" bgcolor=\"#FFFFFF\" style=\"text-align: left\">\n\t\t\t<font face=\"Arial\">Software completo<\/font><\/td>\n\t\t\t<td width=\"205\" align=\"center\" bgcolor=\"#FFFFFF\" style=\"text-align: left\">\n\t\t\t<font face=\"Arial\">Software completo<\/font><\/td>\n\t\t<\/tr>\n\t\t<tr>\n\t\t\t<td width=\"208\" align=\"center\" bgcolor=\"#FFFFFF\" style=\"text-align: left\">\n\t\t\t<span class=\"style10\"><font face=\"Arial\">Sem limite de usu\u00e1rios<\/font><\/span><\/td>\n\t\t\t<td width=\"205\" align=\"center\" bgcolor=\"#FFFFFF\" style=\"text-align: left\">\n\t\t\t<span class=\"style10\"><font face=\"Arial\">Sem limite de usu\u00e1rios<\/font><\/span><\/td>\n\t\t<\/tr>\n\t\t<tr>\n\t\t\t<td width=\"208\" align=\"center\" bgcolor=\"#FFFFFF\" style=\"text-align: left\">\n\t\t\t<span class=\"style10\"><font face=\"Arial\">Sem limite de Notas Fiscais<\/font><\/span><\/td>\n\t\t\t<td width=\"205\" align=\"center\" bgcolor=\"#FFFFFF\" style=\"text-align: left\">\n\t\t\t<span class=\"style10\"><font face=\"Arial\">Sem limite de Notas Fiscais<\/font><\/span><\/td>\n\t\t<\/tr>\n\t\t<tr>\n\t\t\t<td width=\"413\" align=\"center\" bgcolor=\"#C0C0C0\" style=\"text-align: center\" colspan=\"2\">\n\t\t\t\t<font size=\"2\" face=\"Arial\">A primeira mensalidade ser\u00e1 \n\t\t\t\tcobrada no pedido.<\/font><\/td>\n\t\t<\/tr>\n\t\t<tr>\n\t\t\t<td width=\"413\" align=\"center\" bgcolor=\"#C0C0C0\" style=\"text-align: center\" colspan=\"2\">\n\t\t\t<font size=\"2\" face=\"Arial\">A ades\u00e3o ser\u00e1 \n\t\t\t\tcobrada no pedido.<\/font><\/td>\n\t\t<\/tr>\n\t\t<tr>\n\t\t\t<td width=\"413\" align=\"center\" bgcolor=\"#C0C0C0\" style=\"text-align: center\" colspan=\"2\">\n\t\t\t<font size=\"1\" face=\"Arial\">(*) \n\t\t\t\tValores por CNPJ -<\/font><font size=\"2\" face=\"Arial\">\n\t\t\t\t<span class=\"style2\">Desconto a partir do 2o. CNPJ<\/span> <\/font>\n\t\t\t\t<\/td>\n\t\t<\/tr>\n\t\t\t<\/table>\n\t\t\t<div align=\"center\">\n\t<font face=\"Arial\" size=\"3\">\n\n\t<b><font face=\"Arial\">\n\t<table border=\"0\" width=\"422\" cellspacing=\"1\" style=\"line-height: 100%; word-spacing: 0; margin-top: 0; margin-bottom: 0\" cellpadding=\"0\">\n\t\t\t\t\t\t<tr>\n\t\t\t\t\t\t\t<td width=\"265\" height=\"24\" style=\"line-height: 100%; text-indent: 0\" bgcolor=\"#FFFFFF\">\n\n   \n\n\t\t\t\t\t\t\n    &nbsp;<\/td>\n\t\t\t\t\t\t\t<td width=\"71\" height=\"24\" style=\"line-height: 100%\" bgcolor=\"#FFFFFF\">\n\n\n    &nbsp;<\/td>\n\t\t\t\t\t\t\t<td width=\"82\" height=\"24\" style=\"line-height: 100%\" bgcolor=\"#FFFFFF\">\n\n\n    &nbsp;<\/td>\n\t\t\t\t\t\t<\/tr>\n\t\t\t\t\t\t<tr>\n\t\t\t\t\t\t\t<td width=\"420\" height=\"24\" style=\"line-height: 100%; text-indent: 0\" align=\"left\" nowrap colspan=\"3\" bgcolor=\"#DDFFDD\">\n\n   \n<font face=\"Arial\" size=\"3\">\n\t\t\t\t\t\t\n\t<p align=\"center\"><b>Escolha o melhor plano para a sua empresa<\/b><\/font><\/td>\n\t\t\t\t\t\t<\/tr>\n\t\t\t\t\t\t<tr>\n\t\t\t\t\t\t\t<td width=\"265\" height=\"24\" style=\"line-height: 100%; text-indent: 0\" align=\"left\" nowrap bgcolor=\"#FFFFFF\">\n\n   \n\n\t\t\t\t\t\t\n\t\n\n\n\tQual \u00e9 a sua op\u00e7\u00e3o de assinatura?<\/font><\/td>\n\t\t\t\t\t\t\t<td width=\"71\" height=\"24\" style=\"line-height: 100%\" align=\"left\" nowrap bgcolor=\"#FFFFFF\">\n\n\t\t\t\t\t\t\t<input type=\"radio\" id=\"b_anual\" value=\"V1\" name=\"Contrato\"    onClick=\"somaF();\" checked  > Anual&nbsp;&nbsp;<\/font><\/td>\n\t\t\t\t\t\t\t<td width=\"82\" height=\"24\" style=\"line-height: 100%\" align=\"left\" nowrap bgcolor=\"#FFFFFF\">\n\n\t<input type=\"radio\" id=\"b_mensal\" value=\"V1\" name=\"Contrato\" onClick=\"somaF();\"  > \t\t\n\t\t\t\t\t\t\tMensal<\/td>\n\t\t\t\t\t\t<\/tr>\n\t\t\t\t\t\t<tr>\n\t\t\t\t\t\t\t<td width=\"265\" height=\"24\" style=\"line-height: 100%; text-indent: 0\" align=\"left\" nowrap bgcolor=\"#FFFFFF\">\n\n   \n\t\t\t\t\t\n\t\t\t\t\t\t\n\tMelhor dia para pagamento <font size=\"2\">(mensalidade)<\/font>?<\/font><\/td>\n\t\t\t\t\t\t\t<td width=\"71\" height=\"24\" style=\"line-height: 100%\" align=\"left\" nowrap bgcolor=\"#FFFFFF\">\n\n\t\t\t\n\t\t\t\t\t\t\t<input type=\"radio\" id=\"b_dia15\" value=\"V1\" name=\"vencimento\"    onClick=\"somaF();\" checked  > \n\t\t\t\t\t\t\t15<\/font><\/td>\n\t\t\t\t\t\t\t<td width=\"82\" height=\"24\" style=\"line-height: 100%\" align=\"left\" nowrap bgcolor=\"#FFFFFF\">\n\n\t\t\t\t\t\t\t<input type=\"radio\" id=\"b_dia20\" value=\"V1\" name=\"vencimento\"    onClick=\"somaF();\"  > \n\t20<\/td>\n\t\t\t\t\t\t<\/tr>\n\t\t\t\t\t<\/table>\n\t\t\t\t\t<table class=\"table table-hover\" table=\"calculatotal\" width=\"409\" style=\"text-indent: 0; line-height: 100%\" border=\"0\" cellspacing=\"1\">\n  \n  \n  <!-- Linha de Software  01 -->\n        \t\t\t\t<tr>\n\t\t\t\t\t\t\t<td id=\"td-software2\" width=\"405\" align=\"center\" colspan=\"3\" height=\"2\">\n\t\t\t\t\t\t\t<\/tr>\n\t\t\t\t\t\t<tr>\n\t\t\t\t\t\t\t<td id=\"td-software2\" width=\"405\" height=\"0\" style=\"text-indent: 0; line-height: 100%\" colspan=\"3\" bgcolor=\"#62C0FF\">\n\t\t\t\t\t\t\t<font face=\"Arial\" size=\"3\"><b><font face=\"Arial\">\n\t\t\t\t\t\t\t<span style=\"font-weight: 400\">Plano selecionado:   \t\t\n\t\t\t\t\t\t\t<\/span><span id=\"tipocontrato\"><\/span><\/td>\n\t\t\t\t\t\t<\/tr>\n\t\t\t\t\t\t<tr>\n\t\t\t\t\t\t\t<td id=\"td-software2\" width=\"215\" height=\"0\" style=\"text-indent: 0; line-height: 100%\" bgcolor=\"#FFFFFF\">Mensalidade \n\t\t\t\t\t\t\tR$<\/td>\n\t\t\t\t\t\t\t<td align=\"left\" width=\"77\" height=\"0\" style=\"text-indent: 0; line-height: 100%\" bgcolor=\"#FFFFFF\">\n\t\t\t\t\t\t\t<input id=\"jrvrmens\" readonly name=\"jrvrmens\"    size=\"10\" style=\"text-align: right; border: 1px solid #FFFFFF\" ><\/td>\n\t\t\t\t\t\t\t<td align=\"left\" width=\"103\" height=\"0\" style=\"text-indent: 0; line-height: 100%\" bgcolor=\"#FFFFFF\">&nbsp;\n\t\t\t\t\t\t\t<span id=\"jrvrmens\"><\/span><\/td>\n\t\t\t\t\t\t<\/tr>\n        \n  <!-- Linha de Software  02 -->\n        \t\t\t\t<tr>\n\t\t\t\t\t\t\t<td id=\"td-software3\" width=\"215\" bgcolor=\"#FFFFFF\">Ades\u00e3o<font face=\"Arial\" size=\"3\"><b><font face=\"Arial\"><span style=\"font-weight: 400\"> \n\t\t\t\t\t\t\tR$<\/span><\/font><\/b><\/td>\n\t\t\t\t\t\t\t<td align=\"left\" width=\"77\" bgcolor=\"#FFFFFF\">\n\t\t\t\t\t\t\t<input id=\"jrvrades\" readonly name=\"jrvrades\"      size=\"10\" style=\"text-align: right; border: 1px solid #FFFFFF\" ><\/td>\n\t\t\t\t\t\t\t<td align=\"left\" width=\"103\" bgcolor=\"#FFFFFF\">&nbsp;\n\t\t\n\n\n\t\t<\/td>\n\t\t\t\t\t\t<\/tr>\n        \n  <!-- Linha de Software  03 -->\n        \t\t\t\t<tr>\n\t\t\t\t\t\t\t<td id=\"td-software5\" width=\"215\" bgcolor=\"#FFFFFF\"><b>\n\t\t\t\t\t\t\t<span style=\"font-weight: 400\">Desconto ades\u00e3o<\/span><\/b><font face=\"Arial\" size=\"3\"><b><font face=\"Arial\"><span style=\"font-weight: 400\"> \n\t\t(-)<\/span> <span style=\"font-weight: 400\">R$ <\/span><\/font><\/b><\/td>\n\t\t\t\t\t\t\t<td align=\"left\" width=\"77\" bgcolor=\"#FFFFFF\">\n\t\t\t\t\t\t\t<font face=\"Arial\" size=\"3\"><font face=\"Arial\">\n\t\t\t\t\t\t\t<input id=\"desconto\" readonly name=\"desconto\"      size=\"10\" style=\"text-align: right; border: 1px solid #FFFFFF\" >\n\t\t\t\t\t\t\t<\/font><\/td>\n\t\t\t\t\t\t\t<td align=\"left\" width=\"103\" bgcolor=\"#FFFFFF\">&nbsp;\n\t\t\n    <\/td>\n\t\t\t\t\t\t<\/tr>\n\t\t\t\t\t\t<tr>\n\t\t\t\t\t\t\t<td id=\"td-software5\" width=\"215\" bgcolor=\"#FFFFFF\">Fidelidade<font face=\"Arial\" size=\"3\"><b><font face=\"Arial\">\n\n<\/font><\/b><\/font><b><span style=\"font-weight: 400\">&nbsp;<\/span><\/b><\/td>\n\t\t\t\t\t\t\t<td align=\"center\" width=\"77\" bgcolor=\"#FFFFFF\">\n\t\t\t\t\t\t\t<p align=\"center\">\n\t\t\t\t\t\t\t<input type=\"text\" id=\"jrmesfidel\" readonly name=\"jrmesfidel\"   size=\"8\" style=\"text-align: right; border: 1px solid #FFFFFF\" ><\/td>\n\t\t\t\t\t\t\t<td align=\"left\" width=\"103\" bgcolor=\"#FFFFFF\">\n\t\t\t\t\t\t\t<font face=\"Arial\" size=\"3\"><b>\n\t\t\t\t\t\t\t<span style=\"font-weight: 400; font-style:italic\">meses<\/span><\/b><\/td>\n\t\t\t\t\t\t<\/tr>\n\t\t\t\t\t<\/table>\n    \n    <!-- Tipo de contrato \/ dia de vencimento-->\n    \t\t\t\t<input type=\"hidden\" name=\"tipo\" id='tipo' >\n\t\t\t\t\t<input type=\"hidden\" name=\"dia\" id='dia' ><\/div>\n\n \t\t\t\t<p align=\"center\">\n    <font face=\"Arial\" size=\"3\">\n\n &nbsp;<input  name=\"enviar\" type=\"submit\" value=\"ASSINE agora \" style=\"font-family: Arial\"><\/p>\n \n   <\/font>\n <!--   <input name=\"tipo\" type=\"hidden\" >\n-->\n   \n   \n  <p>    \n   <\/form>\n\n<\/div>\n\n \n <!--     <?php include 'soma';?>    -->\n \n      <?php include 'somaF';?>\n    \t<p align=\"center\">\n\t\t&nbsp;\n\n\n\n\n\n<!-- <<<<<<<<<<< FUNCAO SOMA >>>>>>>  -->\n\n<script>\n            function somaF(){\n\/\/ Contrato ANUAL\n            var valorA1 = 129 \/\/ mensalidade anual\n            var valorA2 =  0 \/\/ ades\u00e3o anual\n            var valorA3 = 12 \/\/ fidelidade anual  \n                     \n            var valorA4 = 70 \n            \n\/\/ Contrato MENSAL\n            var valorM1 = 185 \/\/ mensalidade mensal\n            var valorM2 = 278 \/\/ ades\u00e3o mensal\n            var valorM3 =   0 \/\/ fidelidade mensal\n            \n            var valorM4 = 100\n\n           var tipocontrato = document.getElementById('tipocontrato');\n           var centavos = \",00\"\n\n          \/\/ checa se contrato anual ou mensal, se nenhum anual = true\nif(document.getElementById('b_mensal').checked) \n{ tipocontrato.innerHTML = \"MENSAL (sem fidelidade)\"   }\nelse\nif(document.getElementById('b_anual').checked) \n{ tipocontrato.innerHTML = \"ANUAL (com fidelidade)\" \n}\n\/\/{ tipo.innerHTML = \"ANUAL (com fidelidade)\" }\n\n\n\/\/ verifica valores dos inputs anual e mensal\n\ndocument.getElementById('fidemesM').value =  \"     \" + valorM3 ;\ndocument.getElementById('fidemesA').value =  \"     \" + valorA3 ;\ndocument.getElementById('jrmensalA').value = \"     \" + valorA1 + centavos;\ndocument.getElementById('jrmensalM').value = \"     \" + valorM1 + centavos;\n\ndocument.getElementById('jradesaoM').value = \"     \" + valorM2 + centavos;\ndocument.getElementById('jradesaoA').value = \"       \" + valorA2 + centavos;\n\nif(document.getElementById('b_mensal').checked) \n{\n\ndocument.getElementById('jrvrmens').value = \"    \" + valorM1 + centavos;\ndocument.getElementById('jrvrades').value = \"    \" + valorM2 + centavos;\ndocument.getElementById('jrmesfidel').value = \"    \" + valorM3;\ndocument.getElementById('desconto').value =   \"    \" + valorA2 + centavos;\ndocument.getElementById('tipo').value =   \"MENSAL (sem fidelidade)\"         ;\n\n}\nelse \n{\n\ndocument.getElementById('jrvrmens').value = \"    \" + valorA1 + centavos;\ndocument.getElementById('jrvrades').value = \"    \" + valorM2 + centavos;\ndocument.getElementById('jrmesfidel').value = \"    \" + valorA3;\ndocument.getElementById('desconto').value =   \"    \" + valorM2 + centavos;\ndocument.getElementById('tipo').value =   \"ANUAL (com fidelidade)\"         ;\n\n}\n\n\/\/ dia de vencimento b_dia15\n\nif(document.getElementById('b_dia15').checked) \n{\ndocument.getElementById('dia').value =   \"    15\"         ;\n}\nelse \n{\ndocument.getElementById('dia').value =   \"    20\"         ;\n}\n\n\/\/ fim de dia\n\n\/\/ faz a somatoria dependendo se anual ou mensal e por software escolhido\nvar  somaF2 = 0\n if(document.getElementById('b_mensal').checked) \n   var somaF2 = parseFloat(valorM1) ;\n   else\n   var somaF2 = parseFloat(valorA1) ;\t\n\n     }\n       \n<\/script>\n\n\n\n\n<\/p>\n\n<\/font><\/b>\n\n<\/body>\n\n\n<\/body>\n\n<\/html>\t\t\t\t<\/div>\n\t\t\t\t<\/div>\n\t\t\t\t\t<\/div>\n\t\t<\/div>\n\t\t\t\t\t<\/div>\n\t\t<\/section>\n\t\t\t\t<\/div>\n\t\t","protected":false},"excerpt":{"rendered":"<p>Nova pagina 3 &nbsp; Cobertura: Suporte t\u00e9cnico incluso. Atualiza\u00e7\u00f5es legislativas. Novas vers\u00f5es do software. PLANO ANUAL PLANO MENSAL &nbsp;-30% &nbsp; R$ por m\u00eas R$&nbsp; &nbsp;por m\u00eas R$ Ades\u00e3o&nbsp; R$ &nbsp; Ades\u00e3o Fideliza\u00e7\u00e3o: meses Fideliza\u00e7\u00e3o: meses Software completo Software completo Sem limite de usu\u00e1rios Sem limite de usu\u00e1rios Sem limite de Notas Fiscais Sem limite de &hellip; <\/p>\n<p class=\"link-more\"><a href=\"http:\/\/servsystem.com.br\/jr\/precos\/\" class=\"more-link\">Continue reading<span class=\"screen-reader-text\"> &#8220;Planos&#8221;<\/span><\/a><\/p>\n","protected":false},"author":1,"featured_media":0,"parent":0,"menu_order":0,"comment_status":"closed","ping_status":"closed","template":"full-width.php","meta":{"footnotes":""},"class_list":["post-12","page","type-page","status-publish","hentry"],"_links":{"self":[{"href":"http:\/\/servsystem.com.br\/jr\/wp-json\/wp\/v2\/pages\/12","targetHints":{"allow":["GET"]}}],"collection":[{"href":"http:\/\/servsystem.com.br\/jr\/wp-json\/wp\/v2\/pages"}],"about":[{"href":"http:\/\/servsystem.com.br\/jr\/wp-json\/wp\/v2\/types\/page"}],"author":[{"embeddable":true,"href":"http:\/\/servsystem.com.br\/jr\/wp-json\/wp\/v2\/users\/1"}],"replies":[{"embeddable":true,"href":"http:\/\/servsystem.com.br\/jr\/wp-json\/wp\/v2\/comments?post=12"}],"version-history":[{"count":103,"href":"http:\/\/servsystem.com.br\/jr\/wp-json\/wp\/v2\/pages\/12\/revisions"}],"predecessor-version":[{"id":1315,"href":"http:\/\/servsystem.com.br\/jr\/wp-json\/wp\/v2\/pages\/12\/revisions\/1315"}],"wp:attachment":[{"href":"http:\/\/servsystem.com.br\/jr\/wp-json\/wp\/v2\/media?parent=12"}],"curies":[{"name":"wp","href":"https:\/\/api.w.org\/{rel}","templated":true}]}}