{"id":261,"date":"2019-08-22T10:44:48","date_gmt":"2019-08-22T13:44:48","guid":{"rendered":"http:\/\/servsystem.com.br\/jr\/?page_id=261"},"modified":"2024-06-27T14:46:43","modified_gmt":"2024-06-27T17:46:43","slug":"download","status":"publish","type":"page","link":"http:\/\/servsystem.com.br\/jr\/download\/","title":{"rendered":"Download"},"content":{"rendered":"\t\t<div data-elementor-type=\"wp-page\" data-elementor-id=\"261\" class=\"elementor elementor-261\">\n\t\t\t\t\t\t<section class=\"elementor-section elementor-top-section elementor-element elementor-element-7aaa60d elementor-section-boxed elementor-section-height-default elementor-section-height-default\" data-id=\"7aaa60d\" data-element_type=\"section\" data-e-type=\"section\">\n\t\t\t\t\t\t<div class=\"elementor-container elementor-column-gap-default\">\n\t\t\t\t\t<div class=\"elementor-column elementor-col-100 elementor-top-column elementor-element elementor-element-4ae942e\" data-id=\"4ae942e\" data-element_type=\"column\" data-e-type=\"column\">\n\t\t\t<div class=\"elementor-widget-wrap elementor-element-populated\">\n\t\t\t\t\t\t<div class=\"elementor-element elementor-element-f7993d8 elementor-widget elementor-widget-html\" data-id=\"f7993d8\" data-element_type=\"widget\" data-e-type=\"widget\" data-widget_type=\"html.default\">\n\t\t\t\t<div class=\"elementor-widget-container\">\n\t\t\t\t\t<script>\r\n  (function(i,s,o,g,r,a,m){i['GoogleAnalyticsObject']=r;i[r]=i[r]||function(){\r\n  (i[r].q=i[r].q||[]).push(arguments)},i[r].l=1*new Date();a=s.createElement(o),\r\n  m=s.getElementsByTagName(o)[0];a.async=1;a.src=g;m.parentNode.insertBefore(a,m)\r\n  })(window,document,'script','https:\/\/www.google-analytics.com\/analytics.js','ga');\r\n\r\n  ga('create', 'UA-89780925-1', 'auto');\r\n  ga('send', 'pageview');\r\n\r\n<\/script>\t\t\t\t<\/div>\n\t\t\t\t<\/div>\n\t\t\t\t\t<\/div>\n\t\t<\/div>\n\t\t\t\t\t<\/div>\n\t\t<\/section>\n\t\t\t\t<section class=\"elementor-section elementor-top-section elementor-element elementor-element-c929697 elementor-section-boxed elementor-section-height-default elementor-section-height-default\" data-id=\"c929697\" data-element_type=\"section\" data-e-type=\"section\">\n\t\t\t\t\t\t<div class=\"elementor-container elementor-column-gap-default\">\n\t\t\t\t\t<div class=\"elementor-column elementor-col-33 elementor-top-column elementor-element elementor-element-fa33856\" data-id=\"fa33856\" data-element_type=\"column\" data-e-type=\"column\">\n\t\t\t<div class=\"elementor-widget-wrap\">\n\t\t\t\t\t\t\t<\/div>\n\t\t<\/div>\n\t\t\t\t<div class=\"elementor-column elementor-col-33 elementor-top-column elementor-element elementor-element-46dd94e\" data-id=\"46dd94e\" data-element_type=\"column\" data-e-type=\"column\">\n\t\t\t<div class=\"elementor-widget-wrap elementor-element-populated\">\n\t\t\t\t\t\t<div class=\"elementor-element elementor-element-457226a elementor-widget elementor-widget-html\" data-id=\"457226a\" data-element_type=\"widget\" data-e-type=\"widget\" data-widget_type=\"html.default\">\n\t\t\t\t<div class=\"elementor-widget-container\">\n\t\t\t\t\t<table border=\"0\" width=\"48%\">\r\n\t\t\t\t\t<tr>\r\n\t\t\t\t\t\t<td>\r\n\t\t\t\t\t\t<p class=\"texto2 style8 style6\" style=\"margin-top: 0; margin-bottom: 0\" align=\"center\">\r\n\t\t\t\t\t\t<span class=\"style1\"><b>\r\n\t\t\t\t\t\t<font face=\"Arial\" size=\"5\" color=\"#FF0000\">DOWNLOAD<\/font><\/b><\/span><\/p>\r\n\t\t\t\t\t<tr>\r\n\t\t\t\t\t\t<td bordercolorlight=\"#FF0000\">\r\n\t\t\t\t\t\t<font face=\"Arial\"><b><span class=\"style1\">\r\n\t\t\t\t\t\t<font \r\n\r\n\r\ncolor=\"#FF0000\">ALERTA<\/font><font size=\"2\">:<\/font><\/span><font size=\"2\"> Os j\u00e1 usu\u00e1rios deste software N\u00c3O dever\u00e3o fazer download de vers\u00f5es de demonstra\u00e7\u00e3o do software, pois ao instal\u00e1-lo poder\u00e1 ter conflito de vers\u00f5es.<\/font><\/b><\/font><tr>\r\n\t\t\t\t\t\t<td>\r\n\t\t\t\t\t\t<p style=\"margin-top: 0; margin-bottom: 0\" align=\"left\">\r\n\t\t\t\t\t\t<font face=\"Arial\" size=\"2\">As informa\u00e7\u00f5es abaixo s\u00e3o necess\u00e1rias para que possamos dar um melhor atendimento \r\n\t\t\t\t\t\t\u00e0 sua empresa, portanto, solicitamos o preenchimento do \r\n\t\t\t\t\t\tm\u00e1ximo de informa\u00e7\u00f5es.<br>\r\n\t\t\t\t\t\t<br>\r\n\t\t\t\t\t\t<\/font><b>\r\n<p style=\"margin:0 30px; \" align=\"center\">\r\n       <span class=\"style9\"> \r\n\t\t\t\t\t\t<font color=\"#0000FF\" face=\"Arial\">Ap\u00f3s o envio deste \r\n\t\t\t\t\t\tformul\u00e1rio, voc\u00ea receber\u00e1 em seu e-mail\r\n\t\t\t\t\t\tum link para que voc\u00ea efetue o download do \r\n\t\t\t\t\t\tsoftware.<\/font><\/span><\/b><\/p><p style=\"margin:0 30px; \" align=\"center\">\r\n\t\t\t\t\t\t<span class=\"style9\"><b>\r\n\t\t\t\t\t\t<font face=\"Arial\" color=\"#0000FF\" size=\"2\">(Verifique \r\n\t\t\t\t\t\ttamb\u00e9m em SPAM ou lixo eletr\u00f4nico, pois por conter link, \r\n\t\t\t\t\t\tdependendo <\/font><\/b><\/span>\r\n\t\t\t\t\t\t<p style=\"margin:0 30px; \" align=\"center\">\r\n\t\t\t\t\t\t<span class=\"style9\"><b>\r\n\t\t\t\t\t\t<font face=\"Arial\" color=\"#0000FF\" size=\"2\">do provedor \r\n\t\t\t\t\t\tde e-mails, o e-mail \u00e9 considerado perigoso)<\/font><\/b><\/span>\t\t\t\t<\/div>\n\t\t\t\t<\/div>\n\t\t\t\t\t<\/div>\n\t\t<\/div>\n\t\t\t\t<div class=\"elementor-column elementor-col-33 elementor-top-column elementor-element elementor-element-5395b9d\" data-id=\"5395b9d\" data-element_type=\"column\" data-e-type=\"column\">\n\t\t\t<div class=\"elementor-widget-wrap\">\n\t\t\t\t\t\t\t<\/div>\n\t\t<\/div>\n\t\t\t\t\t<\/div>\n\t\t<\/section>\n\t\t\t\t<section class=\"elementor-section elementor-top-section elementor-element elementor-element-e6bb62b elementor-section-boxed elementor-section-height-default elementor-section-height-default\" data-id=\"e6bb62b\" data-element_type=\"section\" data-e-type=\"section\">\n\t\t\t\t\t\t<div class=\"elementor-container elementor-column-gap-default\">\n\t\t\t\t\t<div class=\"elementor-column elementor-col-100 elementor-top-column elementor-element elementor-element-8a159b3\" data-id=\"8a159b3\" data-element_type=\"column\" data-e-type=\"column\">\n\t\t\t<div class=\"elementor-widget-wrap elementor-element-populated\">\n\t\t\t\t\t\t<div class=\"elementor-element elementor-element-5e0a8e6 elementor-widget elementor-widget-html\" data-id=\"5e0a8e6\" data-element_type=\"widget\" data-e-type=\"widget\" data-widget_type=\"html.default\">\n\t\t\t\t<div class=\"elementor-widget-container\">\n\t\t\t\t\t\r\n<html>\r\n<head>\r\n<title>SERV-SYSTEM Inform\u00e1tica<\/title>\r\n\r\n<meta http-equiv=\"Content-Type\" content=\"text\/html; charset=iso-8859-1\">\r\n\r\n<!--\r\n<meta http-equiv=\"Content-Type\" content=\"text\/html; charset=windows-1252\">\r\n-->\r\n\r\n<style type=\"text\/css\">\r\n<\/style>\r\n<\/head>\r\n\r\n<body>\r\n\r\n\r\n\t\t\t<table border=\"0\" width=\"43%\" bordercolor=\"#3399FF\" cellspacing=\"1\" bordercolordark=\"#FFFFFF\" bgcolor=\"#99CCFF\">\r\n\t\t\t\t<tr>\r\n\t\t\t\t\t<td>\r\n\r\n\r\n\r\n\r\n\r\n                         <FORM ACTION=\"https:\/\/www.servsystem.com.br\/apps\/jr\/formJR-7d.php\" METHOD=\"POST\" class=\"texto2\" onSubmit=\"return valida_form();\" language=\"JavaScript\">\r\n\t\t\t\t\t\t \t<input type=\"hidden\" name=\"Destino\" value=\"Download\" \/>\r\n                           \t<font face=\"Arial\"> \r\n               <smal><FONT\r\n\t\t\t\t  COLOR=\"#FF0000\"><b>*<\/b> <\/FONT><span lang=\"pt-br\">\r\n\t\t\t\t<font size=\"2\">Campos<b> <\/b>\r\n\t\t\t\t\t\t\tobrigat\u00f3rios<\/font><\/span><\/smal>\r\n               <smal><\/smal>\r\n             \t<\/font>\r\n\t\t\t\t\t\t\t<table border=\"0\" width=\"67%\">\r\n\t\t\t\t\t\t\t\t<tr>\r\n\t\t\t\t\t\t\t\t\t<td width=\"113\">&nbsp;<\/td>\r\n\t\t\t\t\t\t\t\t\t<td bgcolor=\"#3399FF\"><p style=\"margin-top: 0; margin-bottom: 0\"><B> <FONT color=\"#FFFFFF\" face=\"Arial\" size=\"2\">\r\n\t\t\t\t\t\t\t\t\tDADOS DA EMPRESA<\/FONT><\/B> <\/td>\r\n\t\t\t\t\t\t\t\t<\/tr>\r\n\t\t\t\t\t\t\t\t<tr>\r\n\t\t\t\t\t\t\t\t\t<td width=\"113\"><p style=\"margin-top: 0; margin-bottom: 0\"> \r\n\t\t\t\t\t\t\t\t<font face=\"Arial\" size=\"2\">\r\n                                 <SMAl>Empresa<FONT COLOR=\"#FF0000\">*<\/FONT><\/SMAl>\r\n                               <\/font><\/td>\r\n\t\t\t\t\t\t\t\t\t<td>\r\n                                 <smal> <font face=\"Arial\">\r\n\t\t\t\t\t\t\t\t\t<!--webbot bot=\"Validation\" i-minimum-length=\"1\" i-maximum-length=\"45\" --><INPUT TYPE=\"text\" NAME=\"Empresa*\" id=\"empresa\" SIZE=\"48\" MAXLENGHT=\"50\" TABINDEX=\"1\" MAXLENGTH=\"45\"><\/font><\/smal><\/td>\r\n\t\t\t\t\t\t\t\t<\/tr>\r\n\t\t\t\t\t\t\t\t<tr>\r\n\t\t\t\t\t\t\t\t\t<td width=\"113\"><p style=\"margin-top: 0; margin-bottom: 0\"> \r\n\t\t\t\t\t\t\t\t<font face=\"Arial\" size=\"2\">\r\n                                 <SMAl>Nome fantasia<\/SMAl>\r\n                               <\/font><\/td>\r\n\t\t\t\t\t\t\t\t\t<td>\r\n                                 <SMAl> <font face=\"Arial\">\r\n                                     <INPUT TYPE=\"text\" NAME=\"Apelido\" SIZE=\"30\" MAXLENGHT=\"50\" TABINDEX=\"2\"><\/font><\/SMAl><\/td>\r\n\t\t\t\t\t\t\t\t<\/tr>\r\n\t\t\t\t\t\t\t\t<tr>\r\n\t\t\t\t\t\t\t\t\t<td width=\"113\"><font face=\"Arial\"><smal><font size=\"2\">\r\n\t\t\t\t\t\t\t\t\tWebsite<\/font><\/smal>\r\n                               <\/font><\/td>\r\n\t\t\t\t\t\t\t\t\t<td>\r\n                                 <SMAl><font face=\"Arial\">\r\n\t\t\t\t\t\t\t\t\t<!--webbot bot=\"Validation\" i-minimum-length=\"1\" i-maximum-length=\"40\" --><INPUT TYPE=\"text\"  NAME=\"Web\" SIZE=\"48\" MAXLENGHT=\"35\" MAXLENGTH=\"40\" tabindex=\"3\"><\/font><\/SMAl><\/td>\r\n\t\t\t\t\t\t\t\t<\/tr>\r\n\t\t\t\t\t\t\t\t<tr>\r\n\t\t\t\t\t\t\t\t\t<td width=\"113\"> \r\n\t\t\t\t\t\t\t\t<font face=\"Arial\" size=\"2\">\r\n                                 <SMAl>Telefone Fixo<FONT COLOR=\"#FF0000\">*<\/FONT><\/SMAl><\/font><\/td>\r\n\t\t\t\t\t\t\t\t\t<td>\r\n                                 <SMAl> <font face=\"Arial\">\r\n                                     <!--webbot bot=\"Validation\" i-minimum-length=\"1\" i-maximum-length=\"25\" --><INPUT TYPE=\"text\"  NAME=\"Telefone*\" id=\"telefone\" SIZE=\"30\" MAXLENGHT=\"25\" MAXLENGTH=\"25\" tabindex=\"4\"><\/font><\/SMAl><\/td>\r\n\t\t\t\t\t\t\t\t<\/tr>\r\n\t\t\t\t\t\t\t\t<tr>\r\n\t\t\t\t\t\t\t\t\t<td width=\"113\">&nbsp;<\/td>\r\n\t\t\t\t\t\t\t\t\t<td bgcolor=\"#3399FF\"><p style=\"margin-top: 0; margin-bottom: 0\"><B> <FONT color=\"#FFFFFF\" face=\"Arial\" size=\"2\">\r\n\t\t\t\t\t\t\t\t\tPESSOA PARA CONTATO<\/FONT><\/B><\/td>\r\n\t\t\t\t\t\t\t\t<\/tr>\r\n\t\t\t\t\t\t\t\t<tr>\r\n\t\t\t\t\t\t\t\t\t<td width=\"113\"><p style=\"margin-top: 0; margin-bottom: 0\"> \r\n\t\t\t\t\t\t\t\t<font face=\"Arial\" size=\"2\">\r\n                                 <SMAl>Nome<FONT COLOR=\"#FF0000\">*<\/FONT><\/SMAl>\r\n                               <\/font><\/td>\r\n\t\t\t\t\t\t\t\t\t<td> <font face=\"Arial\">\r\n\t\t\t\t\t\t\t\t\t<!--webbot bot=\"Validation\" i-minimum-length=\"1\" i-maximum-length=\"45\" --><INPUT TYPE=\"text\" NAME=\"Nome*\" id=\"nome\" SIZE=\"48\"\r\n\t\t\t\t  MAXLENGHT=\"50\" MAXLENGTH=\"45\" tabindex=\"5\"><\/font><\/td>\r\n\t\t\t\t\t\t\t\t<\/tr>\r\n\t\t\t\t\t\t\t\t<tr>\r\n\t\t\t\t\t\t\t\t\t<td width=\"113\"> <font face=\"Arial\">\r\n                                 <SMAl><font size=\"2\">Fun\u00e7\u00e3o<\/font><\/SMAl>\r\n                               <\/font><\/td>\r\n\t\t\t\t\t\t\t\t\t<td> <font face=\"Arial\">\r\n\t\t\t\t\t\t\t\t\t<!--webbot bot=\"Validation\" i-minimum-length=\"1\" i-maximum-length=\"45\" --><INPUT TYPE=\"text\"\r\n\t\t\t\t  NAME=\"Funcao\" SIZE=\"30\" MAXLENGHT=\"35\" MAXLENGTH=\"45\" tabindex=\"6\"><\/font><\/td>\r\n\t\t\t\t\t\t\t\t<\/tr>\r\n\t\t\t\t\t\t\t\t<tr>\r\n\t\t\t\t\t\t\t\t\t<td width=\"113\"><p style=\"margin-top: 0; margin-bottom: 0\"> \r\n\t\t\t\t\t\t\t\t<font face=\"Arial\" size=\"2\">\r\n                                 <SMAl>E-mail<FONT COLOR=\"#FF0000\">*<\/FONT><\/SMAl>\r\n                               <\/font><\/td>\r\n\t\t\t\t\t\t\t\t\t<td><font face=\"Arial\">\r\n\t\t\t\t\t\t\t\t\t<!--webbot bot=\"Validation\" i-minimum-length=\"1\" i-maximum-length=\"45\" --><INPUT TYPE=\"text\" NAME=\"Email\" id=\"email\"\r\n\t\t\t\t  SIZE=\"48\" MAXLENGHT=\"50\" MAXLENGTH=\"45\" tabindex=\"7\"><\/font><\/td>\r\n\t\t\t\t\t\t\t\t<\/tr>\r\n\t\t\t\t\t\t\t\t<tr>\r\n\t\t\t\t\t\t\t\t\t<td width=\"113\"><p style=\"margin-top: 0; margin-bottom: 0\"> \r\n\t\t\t\t\t\t\t\t<font face=\"Arial\" size=\"2\">Celular<\/font><font face=\"Arial\">\r\n                                 <\/font><\/td>\r\n\t\t\t\t\t\t\t\t\t<td> <font face=\"Arial\">\r\n\t\t\t\t\t\t\t\t\t<!--webbot bot=\"Validation\" i-minimum-length=\"1\" i-maximum-length=\"45\" --><INPUT TYPE=\"text\"\r\n\t\t\t\t  NAME=\"Celular\" SIZE=\"30\" MAXLENGHT=\"35\" MAXLENGTH=\"45\" tabindex=\"8\"><\/font><\/td>\r\n\t\t\t\t\t\t\t\t<\/tr>\r\n\t\t\t\t\t\t\t\t<tr>\r\n\t\t\t\t\t\t\t\t\t<td width=\"113\">\r\n\t\t\t\t\t\t\t\t<p style=\"margin-top: 0; margin-bottom: 0\"> \r\n\t\t\t\t\t\t\t\t&nbsp;<\/td>\r\n\t\t\t\t\t\t\t\t\t<td> \r\n\t\t\t\t\t\t\t\t<font face=\"Arial\" size=\"2\">\r\n                                 <SMAl>Sua empresa \u00e9 uma? <\/SMAl>\r\n                               <\/font><\/td>\r\n\t\t\t\t\t\t\t\t<\/tr>\r\n\t\t\t\t\t\t\t\t<tr>\r\n\t\t\t\t\t\t\t\t\t<td width=\"113\">&nbsp;<\/td>\r\n\t\t\t\t\t\t\t\t\t<td><p style=\"margin-top: 0; margin-bottom: 0\"> <font face=\"Arial\">\r\n                                   <INPUT TYPE=\"checkbox\" NAME=\"INDUSTRIA\" VALUE=\"Sim\"\r\n\t\t\t\t  FACE=\"Arial\" tabindex=\"9\">\r\n                                   <font size=\"2\"> Ind\u00fastria<\/font><\/font><\/td>\r\n\t\t\t\t\t\t\t\t<\/tr>\r\n\t\t\t\t\t\t\t\t<tr>\r\n\t\t\t\t\t\t\t\t\t<td width=\"113\">&nbsp;<\/td>\r\n\t\t\t\t\t\t\t\t\t<td><p style=\"margin-top: 0; margin-bottom: 0\"> <font face=\"Arial\">\r\n                                   <INPUT TYPE=\"checkbox\" NAME=\"DISTRIBUIDORA\" VALUE=\"Sim\"\r\n\t\t\t\t  FACE=\"Arial\" tabindex=\"10\">\r\n                                   <font size=\"2\">Distribuidora<\/font><\/font><\/td>\r\n\t\t\t\t\t\t\t\t<\/tr>\r\n\t\t\t\t\t\t\t\t<tr>\r\n\t\t\t\t\t\t\t\t\t<td width=\"113\">&nbsp;<\/td>\r\n\t\t\t\t\t\t\t\t\t<td><font face=\"Arial\">\r\n                                 <INPUT TYPE=\"checkbox\" NAME=\"INDUSTRIAeSERV\" VALUE=\"Sim\"\r\n\t\t\t\t  FACE=\"Arial\" tabindex=\"11\">\r\n                                 <\/font><font size=\"2\" face=\"Arial\"><span lang=\"pt-br\">\r\n\t\t\t\t\t\t\t\t\tI<\/span>nd\u00fastria c\/<span lang=\"pt-br\"> <\/span>\r\n\t\t\t\t\t\t\t\t\tservi\u00e7o de beneficiamento<\/font><\/td>\r\n\t\t\t\t\t\t\t\t<\/tr>\r\n\t\t\t\t\t\t\t\t<tr>\r\n\t\t\t\t\t\t\t\t\t<td width=\"113\">&nbsp;<\/td>\r\n\t\t\t\t\t\t\t\t\t<td><font face=\"Arial\">\r\n                                 <INPUT TYPE=\"checkbox\" NAME=\"SERV_PREF\" VALUE=\"Sim\"\r\n\t\t\t\t  FACE=\"Arial\" tabindex=\"12\">\r\n                               <\/font><font size=\"2\" face=\"Arial\">Servi\u00e7os \r\n\t\t\t\t\t\t\t\t\t&quot;Prefeitura&quot;<\/font><\/td>\r\n\t\t\t\t\t\t\t\t<\/tr>\r\n\t\t\t\t\t\t\t\t<tr>\r\n\t\t\t\t\t\t\t\t\t<td width=\"113\">&nbsp;<\/td>\r\n\t\t\t\t\t\t\t\t\t<td><p style=\"margin-top: 0; margin-bottom: 0\"> <font face=\"Arial\">\r\n                                   <INPUT TYPE=\"checkbox\" NAME=\"SERV_OUTROS\" VALUE=\"Sim\"\r\n\t\t\t\t  FACE=\"Arial\" tabindex=\"13\">\r\n                                   <font size=\"2\"> Outros<\/font><\/font><\/td>\r\n\t\t\t\t\t\t\t\t<\/tr>\r\n\t\t\t\t\t\t\t\t<tr>\r\n\t\t\t\t\t\t\t\t\t<td width=\"113\">&nbsp;<\/td>\r\n\t\t\t\t\t\t\t\t\t<td>\r\n                           \t<p style=\"margin-top: 0; margin-bottom: 0\">\r\n\t\t\t\t\t\t\t<font face=\"Arial\" size=\"2\">\r\n                                 <smal>Descreva as principais atividades e \r\n\t\t\t\t\t\t\tprodutos da sua empresa:<\/smal>\r\n                               <\/font><\/p>\r\n                           \t\t\t<\/td>\r\n\t\t\t\t\t\t\t\t<\/tr>\r\n\t\t\t\t\t\t\t\t<tr>\r\n\t\t\t\t\t\t\t\t\t<td width=\"113\">&nbsp;<\/td>\r\n\t\t\t\t\t\t\t\t\t<td> <font face=\"Arial\"> \r\n\t\t\t\t\t\t\t\t\t<TEXTAREA NAME=\"DESCRICAO\" ROWS=\"5\" COLS=\"43\" tabindex=\"14\"><\/TEXTAREA><\/font><\/td>\r\n\t\t\t\t\t\t\t\t<\/tr>\r\n\t\t\t\t\t\t\t\t<tr>\r\n\t\t\t\t\t\t\t\t\t<td width=\"113\">&nbsp;<\/td>\r\n\t\t\t\t\t\t\t\t\t<td> \r\n\t\t\t\t\t\t\t\t<font size=\"2\" face=\"Arial\">J\u00e1 houve contato com \r\n\t\t\t\t\t\t\t\tum de nossos representantes?&nbsp;&nbsp;<\/font><\/td>\r\n\t\t\t\t\t\t\t\t<\/tr>\r\n\t\t\t\t\t\t\t\t<tr>\r\n\t\t\t\t\t\t\t\t\t<td width=\"113\">&nbsp;<\/td>\r\n\t\t\t\t\t\t\t\t\t<td><font face=\"Arial\">\r\n                                         <input type=\"radio\" value=\"RSim\" name=\"Revenda\" tabindex=\"15\">\r\n                                         <font size=\"2\"> Sim&nbsp;&nbsp; <\/font>\r\n                                         <input type=\"radio\" value=\"RNao\" name=\"Revenda\">\r\n                                         <font size=\"2\"> N\u00e3o<\/font><\/font><\/td>\r\n\t\t\t\t\t\t\t\t<\/tr>\r\n\t\t\t\t\t\t\t\t<tr>\r\n\t\t\t\t\t\t\t\t\t<td width=\"113\">&nbsp;<\/td>\r\n\t\t\t\t\t\t\t\t\t<td><font size=\"2\" face=\"Arial\">Nome do \r\n\t\t\t\t\t\t\t\t\trepresentante&nbsp;&nbsp;&nbsp;&nbsp; <\/font><font face=\"Arial\">\r\n\t\t\t\t\t\t\t\t\t<!--webbot bot=\"Validation\" i-minimum-length=\"1\" i-maximum-length=\"45\" --><INPUT TYPE=\"text\"\r\n\t\t\t\t  NAME=\"Representante\" SIZE=\"30\" MAXLENGHT=\"35\" MAXLENGTH=\"45\" tabindex=\"16\"><\/font><\/td>\r\n\t\t\t\t\t\t\t\t<\/tr>\r\n\t\t\t\t\t\t\t\t<tr>\r\n\t\t\t\t\t\t\t\t\t<td width=\"113\">&nbsp;<\/td>\r\n\t\t\t\t\t\t\t\t\t<td>\r\n                           <p style=\"margin-top: 0; margin-bottom: 0\"> \r\n\t\t\t\t\t\t\t<font face=\"Arial\" size=\"2\">\r\n                             <smal><b>Eu gostaria de:<\/b><\/smal>\r\n                             <\/font> <\/p>\r\n                           \t\t\t<\/td>\r\n\t\t\t\t\t\t\t\t<\/tr>\r\n\t\t\t\t\t\t\t\t<tr>\r\n\t\t\t\t\t\t\t\t\t<td width=\"113\">&nbsp;<\/td>\r\n\t\t\t\t\t\t\t\t\t<td> <font face=\"Arial\">\r\n                                   <INPUT TYPE=\"checkbox\" NAME=\"TELEFONEMA\" VALUE=\"Sim\"\r\n\t\t\t\t  FACE=\"Arial\" tabindex=\"17\">\r\n                                   <font size=\"2\"> Receber contato de um \r\n\t\t\t\t\t\t\t\t\trepresentante<\/font><\/font><\/td>\r\n\t\t\t\t\t\t\t\t<\/tr>\r\n\t\t\t\t\t\t\t\t<tr>\r\n\t\t\t\t\t\t\t\t\t<td width=\"113\">&nbsp;<\/td>\r\n\t\t\t\t\t\t\t\t\t<td>\r\n                           <p style=\"margin-top: 0; margin-bottom: 0\"> <b> \r\n\t\t\t\t\t\t\t<font face=\"Arial\" size=\"2\"> Como tomou conhecimento \r\n\t\t\t\t\t\t\tdos nossos softwares?<\/font><\/b><\/p>\r\n                           \t\t\t<\/td>\r\n\t\t\t\t\t\t\t\t<\/tr>\r\n\t\t\t\t\t\t\t\t<tr>\r\n\t\t\t\t\t\t\t\t\t<td width=\"113\">&nbsp;<\/td>\r\n\t\t\t\t\t\t\t\t\t<td><font face=\"Arial\">\r\n                                 <input type=\"radio\" name=\"Midia\" value=\"Google\" tabindex=\"18\">\r\n                                 <font size=\"2\"> Google (Busca)<\/font><\/font><\/td>\r\n\t\t\t\t\t\t\t\t<\/tr>\r\n\t\t\t\t\t\t\t\t<tr>\r\n\t\t\t\t\t\t\t\t\t<td width=\"113\">&nbsp;<\/td>\r\n\t\t\t\t\t\t\t\t\t<td><font face=\"Arial\">\r\n                                 <input type=\"radio\" name=\"Midia\" value=\"Revista\">\r\n\t\t\t\t\t\t\t\t\t<font size=\"2\">Redes sociais (Facebook, \r\n\t\t\t\t\t\t\t\t\tInstagram, Twitter, etc.)<\/font><\/font><\/td>\r\n\t\t\t\t\t\t\t\t<\/tr>\r\n\t\t\t\t\t\t\t\t<tr>\r\n\t\t\t\t\t\t\t\t\t<td width=\"113\">&nbsp;<\/td>\r\n\t\t\t\t\t\t\t\t\t<td><font face=\"Arial\">\r\n                                 <input type=\"radio\" name=\"Midia\" value=\"Internet\">\r\n\t\t\t\t\t\t\t\t\t<font size=\"2\">Usu\u00e1rio dos nossos softwares\r\n\t\t\t\t\t\t\t\t\t<\/font><\/font><\/td>\r\n\t\t\t\t\t\t\t\t<\/tr>\r\n\t\t\t\t\t\t\t\t<tr>\r\n\t\t\t\t\t\t\t\t\t<td width=\"113\">&nbsp;<\/td>\r\n\t\t\t\t\t\t\t\t\t<td><font face=\"Arial\">\r\n                                 <input type=\"radio\" name=\"Midia\" value=\"Contador\">\r\n                                 <font size=\"2\"> Indica\u00e7\u00e3o <\/font><\/font><\/td>\r\n\t\t\t\t\t\t\t\t<\/tr>\r\n\t\t\t\t\t\t\t\t<tr>\r\n\t\t\t\t\t\t\t\t\t<td width=\"113\">&nbsp;<\/td>\r\n\t\t\t\t\t\t\t\t\t<td><font size=\"2\" face=\"Arial\"> Quem?:&nbsp; \r\n                                   <input type=\"text\" name=\"Contador\" size=\"37\" tabindex=\"19\"><\/font><\/td>\r\n\t\t\t\t\t\t\t\t<\/tr>\r\n\t\t\t\t\t\t\t\t<tr>\r\n\t\t\t\t\t\t\t\t\t<td width=\"113\"&nbsp;<\/td>\r\n\t\t\t\t\t\t\t\t\t<td> \r\n\t\t\t\t\t\t\t\t<font face=\"Arial\">\r\n\r\n\r\n<INPUT name=\"enviar\" TYPE=\"submit\"\r\n\tVALUE=\"Enviar\" tabindex=\"20\" style=\"font-family: Arial\">&nbsp;&nbsp;&nbsp;&nbsp;\r\n                                         \r\n<INPUT name=\"reset\" TYPE=\"reset\" VALUE=\"Limpar\" tabindex=\"22\" style=\"font-family: Arial\"><\/font><\/td>\r\n\t\t\t\t\t\t\t\t<\/tr>\r\n\t\t\t\t\t\t\t<\/table>\r\n\t\t\t\t\t\t\t\r\n\t\t\t\t\t\t<\/table>\r\n\r\n                      \r\n          <\/div>\r\n\t\t\t \t<input type=\"hidden\" name=\"Destino\" value=\"Download\" \/>\r\n       <\/FORM>\r\n  \r\n                      \r\n                      \r\n                         \r\n <script type=\"text\/javascript\"> function valida_form() {\r\n\tempresa = document.getElementById(\"empresa\").value;\r\n\ttelefone = document.getElementById(\"telefone\").value;\r\n\tnome = document.getElementById(\"nome\").value;\r\n\temail = document.getElementById(\"email\").value;\r\n\t\r\n\t\r\n\tif (empresa == \"\") \r\n\t{ \t\talert(\"Os campos marcados com (*) s\u00e3o de preenchimento obrigat\u00f3rio!\");\r\n\t\treturn false; }\r\n\t\t\r\n\t\r\n\tif (nome == \"\") \r\n\t{ \t\talert(\"Os campos marcados com (*) s\u00e3o de preenchimento obrigat\u00f3rio!\");\r\n\t\treturn false; }\r\n\t\r\n\tif (telefone == \"\") \r\n\t{ \t\talert(\"Os campos marcados com (*) s\u00e3o de preenchimento obrigat\u00f3rio!\");\r\n\t\treturn false; }\r\n\t\t\r\n\tif (email == \"\") \r\n\t{ \t\talert(\"Os campos marcados com (*) s\u00e3o de preenchimento obrigat\u00f3rio!\");\r\n\t\treturn false; }\r\n\t\t\t\r\n\t\t\t\r\n\treturn true;\r\n}\r\n            <\/script>                     <\/TD>\r\n                   <\/TR>\r\n                 <\/TABLE>\r\n\r\n\t\t\t\t\t<\/td>\r\n\t\t\t\t<\/tr>\r\n\t\t\t<\/table>\r\n\t\t<\/div>\r\n\t\t<\/td>\r\n\t\t<\/tr>\r\n\t\t\t<\/table>\r\n\t\t\t<\/td>\r\n\t\t<\/tr>\r\n\t<\/table>\r\n<\/div>\r\n<\/body >\r\n<\/html>\t\t\t\t<\/div>\n\t\t\t\t<\/div>\n\t\t\t\t\t<\/div>\n\t\t<\/div>\n\t\t\t\t\t<\/div>\n\t\t<\/section>\n\t\t\t\t<\/div>\n\t\t","protected":false},"excerpt":{"rendered":"<p>DOWNLOAD ALERTA: Os j\u00e1 usu\u00e1rios deste software N\u00c3O dever\u00e3o fazer download de vers\u00f5es de demonstra\u00e7\u00e3o do software, pois ao instal\u00e1-lo poder\u00e1 ter conflito de vers\u00f5es. As informa\u00e7\u00f5es abaixo s\u00e3o necess\u00e1rias para que possamos dar um melhor atendimento \u00e0 sua empresa, portanto, solicitamos o preenchimento do m\u00e1ximo de informa\u00e7\u00f5es. Ap\u00f3s o envio deste formul\u00e1rio, voc\u00ea receber\u00e1 &hellip; <\/p>\n<p class=\"link-more\"><a href=\"http:\/\/servsystem.com.br\/jr\/download\/\" class=\"more-link\">Continue reading<span class=\"screen-reader-text\"> &#8220;Download&#8221;<\/span><\/a><\/p>\n","protected":false},"author":1,"featured_media":0,"parent":0,"menu_order":0,"comment_status":"closed","ping_status":"closed","template":"full-width.php","meta":{"footnotes":""},"class_list":["post-261","page","type-page","status-publish","hentry"],"_links":{"self":[{"href":"http:\/\/servsystem.com.br\/jr\/wp-json\/wp\/v2\/pages\/261","targetHints":{"allow":["GET"]}}],"collection":[{"href":"http:\/\/servsystem.com.br\/jr\/wp-json\/wp\/v2\/pages"}],"about":[{"href":"http:\/\/servsystem.com.br\/jr\/wp-json\/wp\/v2\/types\/page"}],"author":[{"embeddable":true,"href":"http:\/\/servsystem.com.br\/jr\/wp-json\/wp\/v2\/users\/1"}],"replies":[{"embeddable":true,"href":"http:\/\/servsystem.com.br\/jr\/wp-json\/wp\/v2\/comments?post=261"}],"version-history":[{"count":47,"href":"http:\/\/servsystem.com.br\/jr\/wp-json\/wp\/v2\/pages\/261\/revisions"}],"predecessor-version":[{"id":1247,"href":"http:\/\/servsystem.com.br\/jr\/wp-json\/wp\/v2\/pages\/261\/revisions\/1247"}],"wp:attachment":[{"href":"http:\/\/servsystem.com.br\/jr\/wp-json\/wp\/v2\/media?parent=261"}],"curies":[{"name":"wp","href":"https:\/\/api.w.org\/{rel}","templated":true}]}}