{"id":614,"date":"2019-09-17T14:40:32","date_gmt":"2019-09-17T17:40:32","guid":{"rendered":"http:\/\/servsystem.com.br\/jr\/?page_id=614"},"modified":"2020-07-29T17:21:46","modified_gmt":"2020-07-29T20:21:46","slug":"area-de-clientes","status":"publish","type":"page","link":"http:\/\/servsystem.com.br\/jr\/area-de-clientes\/","title":{"rendered":"\u00c1rea de clientes"},"content":{"rendered":"\t\t<div data-elementor-type=\"wp-page\" data-elementor-id=\"614\" class=\"elementor elementor-614\">\n\t\t\t\t\t\t<section class=\"elementor-section elementor-top-section elementor-element elementor-element-e7e1da1 elementor-section-boxed elementor-section-height-default elementor-section-height-default\" data-id=\"e7e1da1\" data-element_type=\"section\" data-e-type=\"section\">\n\t\t\t\t\t\t<div class=\"elementor-container elementor-column-gap-default\">\n\t\t\t\t\t<div class=\"elementor-column elementor-col-100 elementor-top-column elementor-element elementor-element-65d8ad2\" data-id=\"65d8ad2\" data-element_type=\"column\" data-e-type=\"column\">\n\t\t\t<div class=\"elementor-widget-wrap elementor-element-populated\">\n\t\t\t\t\t\t<div class=\"elementor-element elementor-element-0071aeb elementor-widget elementor-widget-html\" data-id=\"0071aeb\" data-element_type=\"widget\" data-e-type=\"widget\" data-widget_type=\"html.default\">\n\t\t\t\t<div class=\"elementor-widget-container\">\n\t\t\t\t\t<script>\r\n  (function(i,s,o,g,r,a,m){i['GoogleAnalyticsObject']=r;i[r]=i[r]||function(){\r\n  (i[r].q=i[r].q||[]).push(arguments)},i[r].l=1*new Date();a=s.createElement(o),\r\n  m=s.getElementsByTagName(o)[0];a.async=1;a.src=g;m.parentNode.insertBefore(a,m)\r\n  })(window,document,'script','https:\/\/www.google-analytics.com\/analytics.js','ga');\r\n\r\n  ga('create', 'UA-89780925-1', 'auto');\r\n  ga('send', 'pageview');\r\n\r\n<\/script>\t\t\t\t<\/div>\n\t\t\t\t<\/div>\n\t\t\t\t\t<\/div>\n\t\t<\/div>\n\t\t\t\t\t<\/div>\n\t\t<\/section>\n\t\t\t\t<section class=\"elementor-section elementor-top-section elementor-element elementor-element-13913dc0 elementor-section-boxed elementor-section-height-default elementor-section-height-default\" data-id=\"13913dc0\" data-element_type=\"section\" data-e-type=\"section\">\n\t\t\t\t\t\t<div class=\"elementor-container elementor-column-gap-default\">\n\t\t\t\t\t<div class=\"elementor-column elementor-col-100 elementor-top-column elementor-element elementor-element-57bd5efa\" data-id=\"57bd5efa\" data-element_type=\"column\" data-e-type=\"column\">\n\t\t\t<div class=\"elementor-widget-wrap elementor-element-populated\">\n\t\t\t\t\t\t<div class=\"elementor-element elementor-element-61972256 elementor-widget elementor-widget-text-editor\" data-id=\"61972256\" data-element_type=\"widget\" data-e-type=\"widget\" data-widget_type=\"text-editor.default\">\n\t\t\t\t<div class=\"elementor-widget-container\">\n\t\t\t\t\t\t\t\t\t\n<p><a href=\"nf-es\">\n<\/a><\/p>\n\n\n\n<script>\n\n  (function(i,s,o,g,r,a,m){i['GoogleAnalyticsObject']=r;i[r]=i[r]||function(){\n\n  (i[r].q=i[r].q||[]).push(arguments)},i[r].l=1*new Date();a=s.createElement(o),\n\n  m=s.getElementsByTagName(o)[0];a.async=1;a.src=g;m.parentNode.insertBefore(a,m)\n\n  })(window,document,'script','https:\/\/www.google-analytics.com\/analytics.js','ga');\n\n\n\n  ga('create', 'UA-89780925-1', 'auto');\n\n  ga('send', 'pageview');\n\n\n\n<\/script>\n\n\n\n<meta http-equiv=\"Content-Type\" content=\"text\/html; charset=iso-8859-1\">\n\n\n\n<figure class=\"wp-block-image\"><a href=\"nf-es\"><img decoding=\"async\" width=\"300\" height=\"93\" src=\"http:\/\/servsystem.com.br\/jr\/wp-content\/uploads\/2019\/09\/prefeitura-de-sp.jpg\" alt=\"\" class=\"wp-image-790\" srcset=\"http:\/\/servsystem.com.br\/jr\/wp-content\/uploads\/2019\/09\/prefeitura-de-sp.jpg 300w, http:\/\/servsystem.com.br\/jr\/wp-content\/uploads\/2019\/09\/prefeitura-de-sp-200x62.jpg 200w\" sizes=\"(max-width: 300px) 100vw, 300px\" \/><\/a><\/figure>\n\n\n\n<p><\/p>\n\n\n\n<style type=\"text\/css\">\n\n<!--\n\nbody {\n\n\tbackground-color: #CCCCCC;\n\n\tmargin-left: 0px;\n\n\tmargin-top: 0px;\n\n\tmargin-right: 0px;\n\n\tmargin-bottom: 0px;\n\n}\n\n.style10 {font-family: Verdana, Arial, Helvetica, sans-serif; font-size: 12px; }\n\n.style6 {font-family: Verdana, Arial, Helvetica, sans-serif}\n\n.style8 {font-size: 12px}\n\n.style9 {\tfont-family: Verdana, Arial, Helvetica, sans-serif;\n\n\tfont-size: 12px;\n\n\tfont-weight: bold;\n\n}\n\n-->\n\n<\/style>\n\n\n\n<div align=\"center\">\n\n\n\t\t<table border=\"0\" width=\"737\" bordercolor=\"#3399FF\" cellspacing=\"1\" bordercolordark=\"#FFFFFF\">\n\n<!-- fwtable fwsrc=\"Projeto5 pages.png\" fwbase=\"page.jpg\" fwstyle=\"Dreamweaver\" fwdocid = \"742308039\" fwnested=\"0\" -->\n\n  \n\n  <tbody><tr>\n\n    <td align=\"center\" valign=\"middle\">\n\t<div align=\"left\">\n\t\t<table border=\"0\" cellspacing=\"1\" width=\"647\">\n\t\t\t<tbody><tr>\n\n\n\t\t\t\t<td><b><font face=\"Arial\">Esta&nbsp;\u00e1rea&nbsp;\u00e9 de uso&nbsp;exclusivo&nbsp;para os \n\t\t\t\tclientes da Serv-System.<\/font><\/b><\/td>\n\n\n\t\t\t<\/tr>\n\t\t\t<tr>\n\n\n\t\t\t\t<td><font face=\"Arial\">Se voc\u00ea recebeu o \n\t\t\t\t\t<b>RPS<\/b> &#8211; Recibo Provis\u00f3rio de Servi\u00e7os e quer consultar \n\t\t\t\tou imprimir a NFS-e Nota Fiscal de Servi\u00e7os Eletr\u00f4nica atrav\u00e9s \n\t\t\t\tdo site da Prefeitura Municipal de S\u00e3o Paulo.<\/font><p>\n\t\t\t\t<font face=\"Arial\">&nbsp;<a href=\"nf-es\"><strong><font size=\"5\"><span style=\"text-decoration: none\">Clique&nbsp;aqui<\/span><\/font><\/strong><span style=\"text-decoration: none\">.<\/span><\/a><\/font><\/p><\/td>\n\n\n\t\t\t<\/tr>\n\t\t<\/tbody><\/table>\n\t<\/div>\n\t<\/td>\n\n  <\/tr>\n\n  <\/tbody><\/table>\n\n<\/div>\n\n\n\n<p><\/p>\n\t\t\t\t\t\t\t\t<\/div>\n\t\t\t\t<\/div>\n\t\t\t\t\t<\/div>\n\t\t<\/div>\n\t\t\t\t\t<\/div>\n\t\t<\/section>\n\t\t\t\t<\/div>\n\t\t","protected":false},"excerpt":{"rendered":"<p>Esta&nbsp;\u00e1rea&nbsp;\u00e9 de uso&nbsp;exclusivo&nbsp;para os clientes da Serv-System. Se voc\u00ea recebeu o RPS &#8211; Recibo Provis\u00f3rio de Servi\u00e7os e quer consultar ou imprimir a NFS-e Nota Fiscal de Servi\u00e7os Eletr\u00f4nica atrav\u00e9s do site da Prefeitura Municipal de S\u00e3o Paulo. &nbsp;Clique&nbsp;aqui.<\/p>\n","protected":false},"author":1,"featured_media":0,"parent":0,"menu_order":0,"comment_status":"closed","ping_status":"closed","template":"full-width.php","meta":{"footnotes":""},"class_list":["post-614","page","type-page","status-publish","hentry"],"_links":{"self":[{"href":"http:\/\/servsystem.com.br\/jr\/wp-json\/wp\/v2\/pages\/614","targetHints":{"allow":["GET"]}}],"collection":[{"href":"http:\/\/servsystem.com.br\/jr\/wp-json\/wp\/v2\/pages"}],"about":[{"href":"http:\/\/servsystem.com.br\/jr\/wp-json\/wp\/v2\/types\/page"}],"author":[{"embeddable":true,"href":"http:\/\/servsystem.com.br\/jr\/wp-json\/wp\/v2\/users\/1"}],"replies":[{"embeddable":true,"href":"http:\/\/servsystem.com.br\/jr\/wp-json\/wp\/v2\/comments?post=614"}],"version-history":[{"count":31,"href":"http:\/\/servsystem.com.br\/jr\/wp-json\/wp\/v2\/pages\/614\/revisions"}],"predecessor-version":[{"id":1131,"href":"http:\/\/servsystem.com.br\/jr\/wp-json\/wp\/v2\/pages\/614\/revisions\/1131"}],"wp:attachment":[{"href":"http:\/\/servsystem.com.br\/jr\/wp-json\/wp\/v2\/media?parent=614"}],"curies":[{"name":"wp","href":"https:\/\/api.w.org\/{rel}","templated":true}]}}