{"id":10,"date":"2019-08-13T15:25:27","date_gmt":"2019-08-13T18:25:27","guid":{"rendered":"https:\/\/servsystem.com.br\/erp\/?page_id=10"},"modified":"2024-06-27T10:43:53","modified_gmt":"2024-06-27T13:43:53","slug":"o-software","status":"publish","type":"page","link":"https:\/\/servsystem.com.br\/erp\/o-software\/","title":{"rendered":"Softwares"},"content":{"rendered":"\t\t<div data-elementor-type=\"wp-page\" data-elementor-id=\"10\" class=\"elementor elementor-10\">\n\t\t\t\t\t\t<section class=\"elementor-section elementor-top-section elementor-element elementor-element-8a942df elementor-section-boxed elementor-section-height-default elementor-section-height-default\" data-id=\"8a942df\" data-element_type=\"section\" data-e-type=\"section\">\n\t\t\t\t\t\t<div class=\"elementor-container elementor-column-gap-default\">\n\t\t\t\t\t<div class=\"elementor-column elementor-col-100 elementor-top-column elementor-element elementor-element-a095006\" data-id=\"a095006\" data-element_type=\"column\" data-e-type=\"column\">\n\t\t\t<div class=\"elementor-widget-wrap elementor-element-populated\">\n\t\t\t\t\t\t<div class=\"elementor-element elementor-element-4ba034c elementor-widget elementor-widget-html\" data-id=\"4ba034c\" data-element_type=\"widget\" data-e-type=\"widget\" data-widget_type=\"html.default\">\n\t\t\t\t<div class=\"elementor-widget-container\">\n\t\t\t\t\t<script>\r\n  (function(i,s,o,g,r,a,m){i['GoogleAnalyticsObject']=r;i[r]=i[r]||function(){\r\n  (i[r].q=i[r].q||[]).push(arguments)},i[r].l=1*new Date();a=s.createElement(o),\r\n  m=s.getElementsByTagName(o)[0];a.async=1;a.src=g;m.parentNode.insertBefore(a,m)\r\n  })(window,document,'script','https:\/\/www.google-analytics.com\/analytics.js','ga');\r\n\r\n  ga('create', 'UA-89780925-1', 'auto');\r\n  ga('send', 'pageview');\r\n\r\n<\/script>\t\t\t\t<\/div>\n\t\t\t\t<\/div>\n\t\t\t\t\t<\/div>\n\t\t<\/div>\n\t\t\t\t\t<\/div>\n\t\t<\/section>\n\t\t\t\t<section class=\"elementor-section elementor-top-section elementor-element elementor-element-185c1d4 elementor-section-boxed elementor-section-height-default elementor-section-height-default\" data-id=\"185c1d4\" data-element_type=\"section\" data-e-type=\"section\">\n\t\t\t\t\t\t<div class=\"elementor-container elementor-column-gap-default\">\n\t\t\t\t\t<div class=\"elementor-column elementor-col-100 elementor-top-column elementor-element elementor-element-6bd9f31\" data-id=\"6bd9f31\" data-element_type=\"column\" data-e-type=\"column\">\n\t\t\t<div class=\"elementor-widget-wrap\">\n\t\t\t\t\t\t\t<\/div>\n\t\t<\/div>\n\t\t\t\t\t<\/div>\n\t\t<\/section>\n\t\t\t\t<section class=\"elementor-section elementor-top-section elementor-element elementor-element-6c51562 elementor-section-boxed elementor-section-height-default elementor-section-height-default\" data-id=\"6c51562\" data-element_type=\"section\" data-e-type=\"section\">\n\t\t\t\t\t\t<div class=\"elementor-container elementor-column-gap-default\">\n\t\t\t\t\t<div class=\"elementor-column elementor-col-33 elementor-top-column elementor-element elementor-element-078fa8b\" data-id=\"078fa8b\" data-element_type=\"column\" data-e-type=\"column\">\n\t\t\t<div class=\"elementor-widget-wrap elementor-element-populated\">\n\t\t\t\t\t\t<div class=\"elementor-element elementor-element-48f3ac4 elementor-position-top elementor-invisible elementor-widget elementor-widget-image-box\" data-id=\"48f3ac4\" data-element_type=\"widget\" data-e-type=\"widget\" data-settings=\"{&quot;_animation&quot;:&quot;fadeIn&quot;}\" data-widget_type=\"image-box.default\">\n\t\t\t\t<div class=\"elementor-widget-container\">\n\t\t\t\t\t<div class=\"elementor-image-box-wrapper\"><figure class=\"elementor-image-box-img\"><a href=\"https:\/\/www.nfejunior.com.br\" target=\"_blank\" tabindex=\"-1\"><img decoding=\"async\" width=\"400\" height=\"120\" src=\"https:\/\/servsystem.com.br\/erp\/wp-content\/uploads\/2020\/01\/LogoJR_padrao.jpg\" class=\"elementor-animation-pop attachment-full size-full wp-image-1243\" alt=\"\" srcset=\"https:\/\/servsystem.com.br\/erp\/wp-content\/uploads\/2020\/01\/LogoJR_padrao.jpg 400w, https:\/\/servsystem.com.br\/erp\/wp-content\/uploads\/2020\/01\/LogoJR_padrao-300x90.jpg 300w, https:\/\/servsystem.com.br\/erp\/wp-content\/uploads\/2020\/01\/LogoJR_padrao-200x60.jpg 200w\" sizes=\"(max-width: 400px) 100vw, 400px\" \/><\/a><\/figure><div class=\"elementor-image-box-content\"><h3 class=\"elementor-image-box-title\"><a href=\"https:\/\/www.nfejunior.com.br\" target=\"_blank\">Emissor de NF-e<\/a><\/h3><p class=\"elementor-image-box-description\">O Software Able Business <b>JUNIOR <\/b>foi desenvolvido para atender \u00e0s necessidades das empresas na emiss\u00e3o\/transmiss\u00e3o de suas NF-e (Notas Fiscais Eletr\u00f4nicas). Com pequenas configura\u00e7\u00f5es ele permite a automatiza\u00e7\u00e3o dos c\u00e1lculos da sua NF-e.\nO Able Business <b>JUNIOR <\/b>\u00e9 o software mais pr\u00e1tico de emiss\u00e3o de notas fiscais eletr\u00f4nicas do mercado.<br><br><br><\/p><\/div><\/div>\t\t\t\t<\/div>\n\t\t\t\t<\/div>\n\t\t\t\t<div class=\"elementor-element elementor-element-0dc5cee elementor-invisible elementor-widget elementor-widget-image\" data-id=\"0dc5cee\" data-element_type=\"widget\" data-e-type=\"widget\" data-settings=\"{&quot;_animation&quot;:&quot;fadeIn&quot;}\" data-widget_type=\"image.default\">\n\t\t\t\t<div class=\"elementor-widget-container\">\n\t\t\t\t\t\t\t\t\t\t\t\t\t\t\t\t<a href=\"http:\/\/www.nfejunior.com.br\">\n\t\t\t\t\t\t\t<img decoding=\"async\" width=\"298\" height=\"60\" src=\"https:\/\/servsystem.com.br\/erp\/wp-content\/uploads\/2019\/10\/brush-png-transparent-images-paint-brush-stroke2p.jpg\" class=\"elementor-animation-pop attachment-large size-large wp-image-1024\" alt=\"\" srcset=\"https:\/\/servsystem.com.br\/erp\/wp-content\/uploads\/2019\/10\/brush-png-transparent-images-paint-brush-stroke2p.jpg 298w, https:\/\/servsystem.com.br\/erp\/wp-content\/uploads\/2019\/10\/brush-png-transparent-images-paint-brush-stroke2p-200x40.jpg 200w\" sizes=\"(max-width: 298px) 100vw, 298px\" \/>\t\t\t\t\t\t\t\t<\/a>\n\t\t\t\t\t\t\t\t\t\t\t\t\t\t\t<\/div>\n\t\t\t\t<\/div>\n\t\t\t\t\t<\/div>\n\t\t<\/div>\n\t\t\t\t<div class=\"elementor-column elementor-col-33 elementor-top-column elementor-element elementor-element-8a364f8\" data-id=\"8a364f8\" data-element_type=\"column\" data-e-type=\"column\">\n\t\t\t<div class=\"elementor-widget-wrap elementor-element-populated\">\n\t\t\t\t\t\t<div class=\"elementor-element elementor-element-1a2123b elementor-position-top elementor-invisible elementor-widget elementor-widget-image-box\" data-id=\"1a2123b\" data-element_type=\"widget\" data-e-type=\"widget\" data-settings=\"{&quot;_animation&quot;:&quot;fadeIn&quot;}\" data-widget_type=\"image-box.default\">\n\t\t\t\t<div class=\"elementor-widget-container\">\n\t\t\t\t\t<div class=\"elementor-image-box-wrapper\"><figure class=\"elementor-image-box-img\"><a href=\"https:\/\/servsystem.com.br\/erp\/erp-gestao-empresarial\/\" tabindex=\"-1\"><img decoding=\"async\" width=\"400\" height=\"120\" src=\"https:\/\/servsystem.com.br\/erp\/wp-content\/uploads\/2020\/01\/LogoERP_padrao.jpg\" class=\"elementor-animation-pop attachment-full size-full wp-image-1244\" alt=\"\" srcset=\"https:\/\/servsystem.com.br\/erp\/wp-content\/uploads\/2020\/01\/LogoERP_padrao.jpg 400w, https:\/\/servsystem.com.br\/erp\/wp-content\/uploads\/2020\/01\/LogoERP_padrao-300x90.jpg 300w, https:\/\/servsystem.com.br\/erp\/wp-content\/uploads\/2020\/01\/LogoERP_padrao-200x60.jpg 200w\" sizes=\"(max-width: 400px) 100vw, 400px\" \/><\/a><\/figure><div class=\"elementor-image-box-content\"><h3 class=\"elementor-image-box-title\"><a href=\"https:\/\/servsystem.com.br\/erp\/erp-gestao-empresarial\/\">ERP - Gest\u00e3o Empresarial<\/a><\/h3><p class=\"elementor-image-box-description\">O Sistema Able Business <b>ERP <\/b>integra os diferentes departamentos da sua empresa em um s\u00f3 sistema, automatizando os processos. M\u00f3dulos de controle de estoque, financeiro, pedidos, produ\u00e7\u00e3o e muito mais.<br>N\u00e3o importa o tamanho da sua empresa. \nO Able Business <span style=\"font-weight: 700\">ERP <\/span>emite a NF-e sem a necessidade de softwares de terceiros, apresentando assim a tecnologia aliada \u00e0 simplicidade e com baixo custo na emiss\u00e3o da NF-e.<\/p><\/div><\/div>\t\t\t\t<\/div>\n\t\t\t\t<\/div>\n\t\t\t\t<div class=\"elementor-element elementor-element-88c3f9e elementor-invisible elementor-widget elementor-widget-image\" data-id=\"88c3f9e\" data-element_type=\"widget\" data-e-type=\"widget\" data-settings=\"{&quot;_animation&quot;:&quot;fadeIn&quot;}\" data-widget_type=\"image.default\">\n\t\t\t\t<div class=\"elementor-widget-container\">\n\t\t\t\t\t\t\t\t\t\t\t\t\t\t\t\t<a href=\"https:\/\/servsystem.com.br\/erp\/erp-gestao-empresarial\/\">\n\t\t\t\t\t\t\t<img decoding=\"async\" width=\"298\" height=\"60\" src=\"https:\/\/servsystem.com.br\/erp\/wp-content\/uploads\/2019\/10\/brush-png-transparent-images-paint-brush-stroke2p.jpg\" class=\"elementor-animation-pop attachment-large size-large wp-image-1024\" alt=\"\" srcset=\"https:\/\/servsystem.com.br\/erp\/wp-content\/uploads\/2019\/10\/brush-png-transparent-images-paint-brush-stroke2p.jpg 298w, https:\/\/servsystem.com.br\/erp\/wp-content\/uploads\/2019\/10\/brush-png-transparent-images-paint-brush-stroke2p-200x40.jpg 200w\" sizes=\"(max-width: 298px) 100vw, 298px\" \/>\t\t\t\t\t\t\t\t<\/a>\n\t\t\t\t\t\t\t\t\t\t\t\t\t\t\t<\/div>\n\t\t\t\t<\/div>\n\t\t\t\t\t<\/div>\n\t\t<\/div>\n\t\t\t\t<div class=\"elementor-column elementor-col-33 elementor-top-column elementor-element elementor-element-8861803\" data-id=\"8861803\" data-element_type=\"column\" data-e-type=\"column\">\n\t\t\t<div class=\"elementor-widget-wrap elementor-element-populated\">\n\t\t\t\t\t\t<div class=\"elementor-element elementor-element-243f7f6 elementor-position-top elementor-invisible elementor-widget elementor-widget-image-box\" data-id=\"243f7f6\" data-element_type=\"widget\" data-e-type=\"widget\" data-settings=\"{&quot;_animation&quot;:&quot;fadeIn&quot;}\" data-widget_type=\"image-box.default\">\n\t\t\t\t<div class=\"elementor-widget-container\">\n\t\t\t\t\t<div class=\"elementor-image-box-wrapper\"><figure class=\"elementor-image-box-img\"><a href=\"https:\/\/servsystem.com.br\/erp\/bank\" tabindex=\"-1\"><img loading=\"lazy\" decoding=\"async\" width=\"400\" height=\"120\" src=\"https:\/\/servsystem.com.br\/erp\/wp-content\/uploads\/2020\/01\/LogoBK_padrao.jpg\" class=\"elementor-animation-pop attachment-full size-full wp-image-1245\" alt=\"\" srcset=\"https:\/\/servsystem.com.br\/erp\/wp-content\/uploads\/2020\/01\/LogoBK_padrao.jpg 400w, https:\/\/servsystem.com.br\/erp\/wp-content\/uploads\/2020\/01\/LogoBK_padrao-300x90.jpg 300w, https:\/\/servsystem.com.br\/erp\/wp-content\/uploads\/2020\/01\/LogoBK_padrao-200x60.jpg 200w\" sizes=\"(max-width: 400px) 100vw, 400px\" \/><\/a><\/figure><div class=\"elementor-image-box-content\"><h3 class=\"elementor-image-box-title\"><a href=\"https:\/\/servsystem.com.br\/erp\/bank\">Bancos \/ Cont\u00e1bil<\/a><\/h3><p class=\"elementor-image-box-description\">O Sistema Able Bank agiliza e otimiza as necessidades dos departamentos financeiro e cont\u00e1bil, realizando lan\u00e7amentos banc\u00e1rios e cont\u00e1beis simult\u00e2neos.<br>O Able Bank elimina a duplicidade de tarefas que o departamento cont\u00e1bil executa na rotina financeira, tal como a concilia\u00e7\u00e3o banc\u00e1ria. <br>Todas as movimenta\u00e7\u00f5es banc\u00e1rias\/cont\u00e1beis em poucos cliques.<br><br><\/p><\/div><\/div>\t\t\t\t<\/div>\n\t\t\t\t<\/div>\n\t\t\t\t<div class=\"elementor-element elementor-element-4645def elementor-invisible elementor-widget elementor-widget-image\" data-id=\"4645def\" data-element_type=\"widget\" data-e-type=\"widget\" data-settings=\"{&quot;_animation&quot;:&quot;fadeIn&quot;}\" data-widget_type=\"image.default\">\n\t\t\t\t<div class=\"elementor-widget-container\">\n\t\t\t\t\t\t\t\t\t\t\t\t\t\t\t\t<a href=\"https:\/\/servsystem.com.br\/erp\/bank\">\n\t\t\t\t\t\t\t<img decoding=\"async\" width=\"298\" height=\"60\" src=\"https:\/\/servsystem.com.br\/erp\/wp-content\/uploads\/2019\/10\/brush-png-transparent-images-paint-brush-stroke2p.jpg\" class=\"elementor-animation-pop attachment-large size-large wp-image-1024\" alt=\"\" srcset=\"https:\/\/servsystem.com.br\/erp\/wp-content\/uploads\/2019\/10\/brush-png-transparent-images-paint-brush-stroke2p.jpg 298w, https:\/\/servsystem.com.br\/erp\/wp-content\/uploads\/2019\/10\/brush-png-transparent-images-paint-brush-stroke2p-200x40.jpg 200w\" sizes=\"(max-width: 298px) 100vw, 298px\" \/>\t\t\t\t\t\t\t\t<\/a>\n\t\t\t\t\t\t\t\t\t\t\t\t\t\t\t<\/div>\n\t\t\t\t<\/div>\n\t\t\t\t\t<\/div>\n\t\t<\/div>\n\t\t\t\t\t<\/div>\n\t\t<\/section>\n\t\t\t\t<\/div>\n\t\t","protected":false},"excerpt":{"rendered":"<p>Emissor de NF-e O Software Able Business JUNIOR foi desenvolvido para atender \u00e0s necessidades das empresas na emiss\u00e3o\/transmiss\u00e3o de suas NF-e (Notas Fiscais Eletr\u00f4nicas). Com pequenas configura\u00e7\u00f5es ele permite a automatiza\u00e7\u00e3o dos c\u00e1lculos da sua NF-e. O Able Business JUNIOR \u00e9 o software mais pr\u00e1tico de emiss\u00e3o de notas fiscais eletr\u00f4nicas do mercado. ERP &#8211; &hellip; <\/p>\n<p class=\"link-more\"><a href=\"https:\/\/servsystem.com.br\/erp\/o-software\/\" class=\"more-link\">Continue reading<span class=\"screen-reader-text\"> &#8220;Softwares&#8221;<\/span><\/a><\/p>\n","protected":false},"author":1,"featured_media":0,"parent":0,"menu_order":0,"comment_status":"closed","ping_status":"closed","template":"full-width.php","meta":{"footnotes":""},"class_list":["post-10","page","type-page","status-publish","hentry"],"_links":{"self":[{"href":"https:\/\/servsystem.com.br\/erp\/wp-json\/wp\/v2\/pages\/10"}],"collection":[{"href":"https:\/\/servsystem.com.br\/erp\/wp-json\/wp\/v2\/pages"}],"about":[{"href":"https:\/\/servsystem.com.br\/erp\/wp-json\/wp\/v2\/types\/page"}],"author":[{"embeddable":true,"href":"https:\/\/servsystem.com.br\/erp\/wp-json\/wp\/v2\/users\/1"}],"replies":[{"embeddable":true,"href":"https:\/\/servsystem.com.br\/erp\/wp-json\/wp\/v2\/comments?post=10"}],"version-history":[{"count":131,"href":"https:\/\/servsystem.com.br\/erp\/wp-json\/wp\/v2\/pages\/10\/revisions"}],"predecessor-version":[{"id":1361,"href":"https:\/\/servsystem.com.br\/erp\/wp-json\/wp\/v2\/pages\/10\/revisions\/1361"}],"wp:attachment":[{"href":"https:\/\/servsystem.com.br\/erp\/wp-json\/wp\/v2\/media?parent=10"}],"curies":[{"name":"wp","href":"https:\/\/api.w.org\/{rel}","templated":true}]}}