{"id":1030,"date":"2019-10-24T13:15:56","date_gmt":"2019-10-24T16:15:56","guid":{"rendered":"https:\/\/servsystem.com.br\/erp\/?page_id=1030"},"modified":"2024-06-27T11:15:15","modified_gmt":"2024-06-27T14:15:15","slug":"bank","status":"publish","type":"page","link":"https:\/\/servsystem.com.br\/erp\/bank\/","title":{"rendered":"BANK Bancos \/ Cont\u00e1bil"},"content":{"rendered":"\t\t<div data-elementor-type=\"wp-page\" data-elementor-id=\"1030\" class=\"elementor elementor-1030\">\n\t\t\t\t\t\t<section class=\"elementor-section elementor-top-section elementor-element elementor-element-4fbf17c elementor-section-boxed elementor-section-height-default elementor-section-height-default\" data-id=\"4fbf17c\" data-element_type=\"section\" data-e-type=\"section\">\n\t\t\t\t\t\t<div class=\"elementor-container elementor-column-gap-default\">\n\t\t\t\t\t<div class=\"elementor-column elementor-col-100 elementor-top-column elementor-element elementor-element-e37bf40\" data-id=\"e37bf40\" data-element_type=\"column\" data-e-type=\"column\">\n\t\t\t<div class=\"elementor-widget-wrap elementor-element-populated\">\n\t\t\t\t\t\t<div class=\"elementor-element elementor-element-42a15bd elementor-widget elementor-widget-html\" data-id=\"42a15bd\" data-element_type=\"widget\" data-e-type=\"widget\" data-widget_type=\"html.default\">\n\t\t\t\t<div class=\"elementor-widget-container\">\n\t\t\t\t\t<script>\r\n  (function(i,s,o,g,r,a,m){i['GoogleAnalyticsObject']=r;i[r]=i[r]||function(){\r\n  (i[r].q=i[r].q||[]).push(arguments)},i[r].l=1*new Date();a=s.createElement(o),\r\n  m=s.getElementsByTagName(o)[0];a.async=1;a.src=g;m.parentNode.insertBefore(a,m)\r\n  })(window,document,'script','https:\/\/www.google-analytics.com\/analytics.js','ga');\r\n\r\n  ga('create', 'UA-89780925-1', 'auto');\r\n  ga('send', 'pageview');\r\n\r\n<\/script>\t\t\t\t<\/div>\n\t\t\t\t<\/div>\n\t\t\t\t\t<\/div>\n\t\t<\/div>\n\t\t\t\t\t<\/div>\n\t\t<\/section>\n\t\t\t\t<section class=\"elementor-section elementor-top-section elementor-element elementor-element-497c8491 elementor-section-boxed elementor-section-height-default elementor-section-height-default\" data-id=\"497c8491\" data-element_type=\"section\" data-e-type=\"section\">\n\t\t\t\t\t\t<div class=\"elementor-container elementor-column-gap-default\">\n\t\t\t\t\t<div class=\"elementor-column elementor-col-100 elementor-top-column elementor-element elementor-element-3b2c0629\" data-id=\"3b2c0629\" data-element_type=\"column\" data-e-type=\"column\">\n\t\t\t<div class=\"elementor-widget-wrap elementor-element-populated\">\n\t\t\t\t\t\t<div class=\"elementor-element elementor-element-73832d72 elementor-widget elementor-widget-text-editor\" data-id=\"73832d72\" data-element_type=\"widget\" data-e-type=\"widget\" data-widget_type=\"text-editor.default\">\n\t\t\t\t<div class=\"elementor-widget-container\">\n\t\t\t\t\t\t\t\t\t<p><strong><img fetchpriority=\"high\" decoding=\"async\" class=\"aligncenter\" src=\"https:\/\/servsystem.com.br\/erp\/wp-content\/uploads\/2019\/10\/logoBK_t.jpg\" alt=\"\" width=\"473\" height=\"137\" \/><\/strong><\/p><p>O sistema\u00a0<span style=\"font-weight: bold;\">Able\u00a0<\/span><strong>Bank<\/strong>\u00a0tem como objetivo agilizar e otimizar as necessidades dos departamentos financeiro e cont\u00e1bil. Para cada movimento banc\u00e1rio o software efetua simultaneamente o lan\u00e7amento cont\u00e1bil (D\u00e9bito e Cr\u00e9dito).<\/p><p>O\u00a0<span style=\"font-weight: bold;\">Able\u00a0<\/span><span style=\"font-weight: bold;\">Bank\u00a0<\/span>se adapta \u00e0s necessidades das m\u00e9dias, pequenas e microempresas e das pessoas f\u00edsicas e profissionais liberais.<\/p><p>Para as empresas, uma das principais fun\u00e7\u00f5es do\u00a0<span style=\"font-weight: bold;\">Able\u00a0<\/span><span style=\"font-weight: bold;\">Bank\u00a0<\/span>\u00e9 a elimina\u00e7\u00e3o de duplicidade ou triplicidade de tarefas que o departamento cont\u00e1bil executa na rotina financeira, tal como a concilia\u00e7\u00e3o banc\u00e1ria. Permite ainda, que os lan\u00e7amentos cont\u00e1beis sejam feitos de forma resumida na contabilidade.<\/p><p>Para pessoas f\u00edsicas,\u00a0 profissionais liberais e\u00a0 empresas dispensadas de contabilidade, poder\u00e3o tamb\u00e9m utilizar o <strong>Able\u00a0<\/strong><span style=\"font-weight: bold;\">Bank\u00a0<\/span>como Livro Caixa, ou ainda como um administrador financeiro, obtendo resultados e totaliza\u00e7\u00f5es das despesas e receitas movimentadas.<\/p><p>A movimenta\u00e7\u00e3o pode ser realizada atrav\u00e9s de lan\u00e7amentos manuais, importa\u00e7\u00e3o de arquivos ou ainda via importa\u00e7\u00e3o da movimenta\u00e7\u00e3o do seu extrato banc\u00e1rio.<\/p><p><!-- \/wp:paragraph --><\/p>\t\t\t\t\t\t\t\t<\/div>\n\t\t\t\t<\/div>\n\t\t\t\t\t<\/div>\n\t\t<\/div>\n\t\t\t\t\t<\/div>\n\t\t<\/section>\n\t\t\t\t<section class=\"elementor-section elementor-top-section elementor-element elementor-element-89a5650 elementor-section-boxed elementor-section-height-default elementor-section-height-default\" data-id=\"89a5650\" data-element_type=\"section\" data-e-type=\"section\">\n\t\t\t\t\t\t<div class=\"elementor-container elementor-column-gap-default\">\n\t\t\t\t\t<div class=\"elementor-column elementor-col-50 elementor-top-column elementor-element elementor-element-14c98d7\" data-id=\"14c98d7\" data-element_type=\"column\" data-e-type=\"column\">\n\t\t\t<div class=\"elementor-widget-wrap elementor-element-populated\">\n\t\t\t\t\t\t<div class=\"elementor-element elementor-element-a0f1e66 elementor-widget elementor-widget-text-editor\" data-id=\"a0f1e66\" data-element_type=\"widget\" data-e-type=\"widget\" data-widget_type=\"text-editor.default\">\n\t\t\t\t<div class=\"elementor-widget-container\">\n\t\t\t\t\t\t\t\t\t<p><strong>Algumas caracter\u00edsticas do Sistema:<\/strong><\/p><ul><li>Lan\u00e7amentos Banc\u00e1rios (normais e de transfer\u00eancias)<\/li><li>Lan\u00e7amentos cont\u00e1beis m\u00faltiplos (um financeiro p\/diversos cont\u00e1beis)<\/li><li>Di\u00e1rio Auxiliar de Bancos<\/li><li>Planilha Cont\u00e1bil<\/li><li>Emiss\u00e3o de Cheques<\/li><li>Rela\u00e7\u00e3o de Cheques Emitidos<\/li><li>Raz\u00e3o por Contra Partida<\/li><li>Controla Compensa\u00e7\u00e3o de Cheques <\/li><\/ul>\t\t\t\t\t\t\t\t<\/div>\n\t\t\t\t<\/div>\n\t\t\t\t\t<\/div>\n\t\t<\/div>\n\t\t\t\t<div class=\"elementor-column elementor-col-50 elementor-top-column elementor-element elementor-element-1cfc76c\" data-id=\"1cfc76c\" data-element_type=\"column\" data-e-type=\"column\">\n\t\t\t<div class=\"elementor-widget-wrap elementor-element-populated\">\n\t\t\t\t\t\t<div class=\"elementor-element elementor-element-3829b42 elementor-widget elementor-widget-text-editor\" data-id=\"3829b42\" data-element_type=\"widget\" data-e-type=\"widget\" data-widget_type=\"text-editor.default\">\n\t\t\t\t<div class=\"elementor-widget-container\">\n\t\t\t\t\t\t\t\t\t<div>\u00a0<\/div><div>\u00a0<\/div><ul><li>Extrato Banc\u00e1rio<\/li><li>Exporta\u00e7\u00e3o para softwares de Contabilidade<\/li><li>Busca de informa\u00e7\u00f5es de lan\u00e7amentos por per\u00edodo<\/li><li>Relat\u00f3rios de qualquer per\u00edodo<\/li><li>Concilia\u00e7\u00e3o Banc\u00e1ria direta com o extrato do banco (padr\u00e3o OFX)<\/li><li>Integrado com o software ABLE BUSINESS ERP &#8211; Gest\u00e3o Empresarial<\/li><li>Senhas de acesso para maior seguran\u00e7a<\/li><\/ul><div>\u00a0<\/div><div>\u00a0<\/div>\t\t\t\t\t\t\t\t<\/div>\n\t\t\t\t<\/div>\n\t\t\t\t\t<\/div>\n\t\t<\/div>\n\t\t\t\t\t<\/div>\n\t\t<\/section>\n\t\t\t\t<section class=\"elementor-section elementor-top-section elementor-element elementor-element-206b906 elementor-section-boxed elementor-section-height-default elementor-section-height-default\" data-id=\"206b906\" data-element_type=\"section\" data-e-type=\"section\">\n\t\t\t\t\t\t<div class=\"elementor-container elementor-column-gap-default\">\n\t\t\t\t\t<div class=\"elementor-column elementor-col-100 elementor-top-column elementor-element elementor-element-fb87d3d\" data-id=\"fb87d3d\" data-element_type=\"column\" data-e-type=\"column\">\n\t\t\t<div class=\"elementor-widget-wrap elementor-element-populated\">\n\t\t\t\t\t\t<div class=\"elementor-element elementor-element-7041bb6 elementor-arrows-position-inside elementor-pagination-position-outside elementor-widget elementor-widget-image-carousel\" data-id=\"7041bb6\" data-element_type=\"widget\" data-e-type=\"widget\" data-settings=\"{&quot;autoplay_speed&quot;:900,&quot;navigation&quot;:&quot;both&quot;,&quot;autoplay&quot;:&quot;yes&quot;,&quot;pause_on_hover&quot;:&quot;yes&quot;,&quot;pause_on_interaction&quot;:&quot;yes&quot;,&quot;infinite&quot;:&quot;yes&quot;,&quot;speed&quot;:500}\" data-widget_type=\"image-carousel.default\">\n\t\t\t\t<div class=\"elementor-widget-container\">\n\t\t\t\t\t\t\t<div class=\"elementor-image-carousel-wrapper swiper\" role=\"region\" aria-roledescription=\"carousel\" aria-label=\"Carrossel de imagens\" dir=\"ltr\">\n\t\t\t<div class=\"elementor-image-carousel swiper-wrapper\" aria-live=\"off\">\n\t\t\t\t\t\t\t\t<div class=\"swiper-slide\" role=\"group\" aria-roledescription=\"slide\" aria-label=\"1 de 18\"><figure class=\"swiper-slide-inner\"><img decoding=\"async\" class=\"swiper-slide-image\" src=\"https:\/\/servsystem.com.br\/erp\/wp-content\/uploads\/2019\/10\/TelaInicial-300x214.png\" alt=\"TelaInicial\" \/><\/figure><\/div><div class=\"swiper-slide\" role=\"group\" aria-roledescription=\"slide\" aria-label=\"2 de 18\"><figure class=\"swiper-slide-inner\"><img decoding=\"async\" class=\"swiper-slide-image\" src=\"https:\/\/servsystem.com.br\/erp\/wp-content\/uploads\/2019\/10\/TelaLanctoEntrada-300x278.png\" alt=\"TelaLanctoEntrada\" \/><\/figure><\/div><div class=\"swiper-slide\" role=\"group\" aria-roledescription=\"slide\" aria-label=\"3 de 18\"><figure class=\"swiper-slide-inner\"><img decoding=\"async\" class=\"swiper-slide-image\" src=\"https:\/\/servsystem.com.br\/erp\/wp-content\/uploads\/2019\/10\/TelaLanctoSaida-300x278.png\" alt=\"TelaLanctoSaida\" \/><\/figure><\/div><div class=\"swiper-slide\" role=\"group\" aria-roledescription=\"slide\" aria-label=\"4 de 18\"><figure class=\"swiper-slide-inner\"><img decoding=\"async\" class=\"swiper-slide-image\" src=\"https:\/\/servsystem.com.br\/erp\/wp-content\/uploads\/2019\/10\/TelaCadContaCorrente-300x130.png\" alt=\"TelaCadContaCorrente\" \/><\/figure><\/div><div class=\"swiper-slide\" role=\"group\" aria-roledescription=\"slide\" aria-label=\"5 de 18\"><figure class=\"swiper-slide-inner\"><img decoding=\"async\" class=\"swiper-slide-image\" src=\"https:\/\/servsystem.com.br\/erp\/wp-content\/uploads\/2019\/10\/TelaIntegra\u00e7\u00e3oOFX4-300x125.png\" alt=\"TelaIntegra\u00e7\u00e3oOFX4\" \/><\/figure><\/div><div class=\"swiper-slide\" role=\"group\" aria-roledescription=\"slide\" aria-label=\"6 de 18\"><figure class=\"swiper-slide-inner\"><img decoding=\"async\" class=\"swiper-slide-image\" src=\"https:\/\/servsystem.com.br\/erp\/wp-content\/uploads\/2019\/10\/TelaLanctoCompensacao-300x215.png\" alt=\"TelaLanctoCompensacao\" \/><\/figure><\/div><div class=\"swiper-slide\" role=\"group\" aria-roledescription=\"slide\" aria-label=\"7 de 18\"><figure class=\"swiper-slide-inner\"><img decoding=\"async\" class=\"swiper-slide-image\" src=\"https:\/\/servsystem.com.br\/erp\/wp-content\/uploads\/2019\/10\/TelaCadContasContabeis-300x184.png\" alt=\"TelaCadContasContabeis\" \/><\/figure><\/div><div class=\"swiper-slide\" role=\"group\" aria-roledescription=\"slide\" aria-label=\"8 de 18\"><figure class=\"swiper-slide-inner\"><img decoding=\"async\" class=\"swiper-slide-image\" src=\"https:\/\/servsystem.com.br\/erp\/wp-content\/uploads\/2019\/10\/TelaCadEmpresa-300x222.png\" alt=\"TelaCadEmpresa\" \/><\/figure><\/div><div class=\"swiper-slide\" role=\"group\" aria-roledescription=\"slide\" aria-label=\"9 de 18\"><figure class=\"swiper-slide-inner\"><img decoding=\"async\" class=\"swiper-slide-image\" src=\"https:\/\/servsystem.com.br\/erp\/wp-content\/uploads\/2019\/10\/TelaExtratoCompensacao-300x178.png\" alt=\"TelaExtratoCompensacao\" \/><\/figure><\/div><div class=\"swiper-slide\" role=\"group\" aria-roledescription=\"slide\" aria-label=\"10 de 18\"><figure class=\"swiper-slide-inner\"><img decoding=\"async\" class=\"swiper-slide-image\" src=\"https:\/\/servsystem.com.br\/erp\/wp-content\/uploads\/2019\/10\/TelaHelp-300x244.png\" alt=\"TelaHelp\" \/><\/figure><\/div><div class=\"swiper-slide\" role=\"group\" aria-roledescription=\"slide\" aria-label=\"11 de 18\"><figure class=\"swiper-slide-inner\"><img decoding=\"async\" class=\"swiper-slide-image\" src=\"https:\/\/servsystem.com.br\/erp\/wp-content\/uploads\/2019\/10\/TelaImpressaoConferenciaContabil-300x177.png\" alt=\"TelaImpressaoConferenciaContabil\" \/><\/figure><\/div><div class=\"swiper-slide\" role=\"group\" aria-roledescription=\"slide\" aria-label=\"12 de 18\"><figure class=\"swiper-slide-inner\"><img decoding=\"async\" class=\"swiper-slide-image\" src=\"https:\/\/servsystem.com.br\/erp\/wp-content\/uploads\/2019\/10\/TelaImpressaoDemonstrativoContabil-300x142.png\" alt=\"TelaImpressaoDemonstrativoContabil\" \/><\/figure><\/div><div class=\"swiper-slide\" role=\"group\" aria-roledescription=\"slide\" aria-label=\"13 de 18\"><figure class=\"swiper-slide-inner\"><img decoding=\"async\" class=\"swiper-slide-image\" src=\"https:\/\/servsystem.com.br\/erp\/wp-content\/uploads\/2019\/10\/TelaImpressaoDiario-300x197.png\" alt=\"TelaImpressaoDiario\" \/><\/figure><\/div><div class=\"swiper-slide\" role=\"group\" aria-roledescription=\"slide\" aria-label=\"14 de 18\"><figure class=\"swiper-slide-inner\"><img decoding=\"async\" class=\"swiper-slide-image\" src=\"https:\/\/servsystem.com.br\/erp\/wp-content\/uploads\/2019\/10\/TelaImpressaoExtratoCompensacao-300x168.png\" alt=\"TelaImpressaoExtratoCompensacao\" \/><\/figure><\/div><div class=\"swiper-slide\" role=\"group\" aria-roledescription=\"slide\" aria-label=\"15 de 18\"><figure class=\"swiper-slide-inner\"><img decoding=\"async\" class=\"swiper-slide-image\" src=\"https:\/\/servsystem.com.br\/erp\/wp-content\/uploads\/2019\/10\/TelaImpressaoRazao-300x203.png\" alt=\"TelaImpressaoRazao\" \/><\/figure><\/div><div class=\"swiper-slide\" role=\"group\" aria-roledescription=\"slide\" aria-label=\"16 de 18\"><figure class=\"swiper-slide-inner\"><img decoding=\"async\" class=\"swiper-slide-image\" src=\"https:\/\/servsystem.com.br\/erp\/wp-content\/uploads\/2019\/10\/TelaIntegra\u00e7\u00e3oOFX-300x216.png\" alt=\"TelaIntegra\u00e7\u00e3oOFX\" \/><\/figure><\/div><div class=\"swiper-slide\" role=\"group\" aria-roledescription=\"slide\" aria-label=\"17 de 18\"><figure class=\"swiper-slide-inner\"><img decoding=\"async\" class=\"swiper-slide-image\" src=\"https:\/\/servsystem.com.br\/erp\/wp-content\/uploads\/2019\/10\/TelaIntegra\u00e7\u00e3oOFX2-300x216.png\" alt=\"TelaIntegra\u00e7\u00e3oOFX2\" \/><\/figure><\/div><div class=\"swiper-slide\" role=\"group\" aria-roledescription=\"slide\" aria-label=\"18 de 18\"><figure class=\"swiper-slide-inner\"><img decoding=\"async\" class=\"swiper-slide-image\" src=\"https:\/\/servsystem.com.br\/erp\/wp-content\/uploads\/2019\/10\/TelaIntegra\u00e7\u00e3oOFX3-300x216.png\" alt=\"TelaIntegra\u00e7\u00e3oOFX3\" \/><\/figure><\/div>\t\t\t<\/div>\n\t\t\t\t\t\t\t\t\t\t\t\t<div class=\"elementor-swiper-button elementor-swiper-button-prev\" role=\"button\" tabindex=\"0\">\n\t\t\t\t\t\t<i aria-hidden=\"true\" class=\"eicon-chevron-left\"><\/i>\t\t\t\t\t<\/div>\n\t\t\t\t\t<div class=\"elementor-swiper-button elementor-swiper-button-next\" role=\"button\" tabindex=\"0\">\n\t\t\t\t\t\t<i aria-hidden=\"true\" class=\"eicon-chevron-right\"><\/i>\t\t\t\t\t<\/div>\n\t\t\t\t\n\t\t\t\t\t\t\t\t\t<div class=\"swiper-pagination\"><\/div>\n\t\t\t\t\t\t\t\t\t<\/div>\n\t\t\t\t\t\t<\/div>\n\t\t\t\t<\/div>\n\t\t\t\t\t<\/div>\n\t\t<\/div>\n\t\t\t\t\t<\/div>\n\t\t<\/section>\n\t\t\t\t<\/div>\n\t\t","protected":false},"excerpt":{"rendered":"<p>O sistema\u00a0Able\u00a0Bank\u00a0tem como objetivo agilizar e otimizar as necessidades dos departamentos financeiro e cont\u00e1bil. Para cada movimento banc\u00e1rio o software efetua simultaneamente o lan\u00e7amento cont\u00e1bil (D\u00e9bito e Cr\u00e9dito). O\u00a0Able\u00a0Bank\u00a0se adapta \u00e0s necessidades das m\u00e9dias, pequenas e microempresas e das pessoas f\u00edsicas e profissionais liberais. Para as empresas, uma das principais fun\u00e7\u00f5es do\u00a0Able\u00a0Bank\u00a0\u00e9 a elimina\u00e7\u00e3o de &hellip; <\/p>\n<p class=\"link-more\"><a href=\"https:\/\/servsystem.com.br\/erp\/bank\/\" class=\"more-link\">Continue reading<span class=\"screen-reader-text\"> &#8220;BANK Bancos \/ Cont\u00e1bil&#8221;<\/span><\/a><\/p>\n","protected":false},"author":1,"featured_media":0,"parent":0,"menu_order":0,"comment_status":"closed","ping_status":"closed","template":"full-width.php","meta":{"footnotes":""},"class_list":["post-1030","page","type-page","status-publish","hentry"],"_links":{"self":[{"href":"https:\/\/servsystem.com.br\/erp\/wp-json\/wp\/v2\/pages\/1030"}],"collection":[{"href":"https:\/\/servsystem.com.br\/erp\/wp-json\/wp\/v2\/pages"}],"about":[{"href":"https:\/\/servsystem.com.br\/erp\/wp-json\/wp\/v2\/types\/page"}],"author":[{"embeddable":true,"href":"https:\/\/servsystem.com.br\/erp\/wp-json\/wp\/v2\/users\/1"}],"replies":[{"embeddable":true,"href":"https:\/\/servsystem.com.br\/erp\/wp-json\/wp\/v2\/comments?post=1030"}],"version-history":[{"count":26,"href":"https:\/\/servsystem.com.br\/erp\/wp-json\/wp\/v2\/pages\/1030\/revisions"}],"predecessor-version":[{"id":1383,"href":"https:\/\/servsystem.com.br\/erp\/wp-json\/wp\/v2\/pages\/1030\/revisions\/1383"}],"wp:attachment":[{"href":"https:\/\/servsystem.com.br\/erp\/wp-json\/wp\/v2\/media?parent=1030"}],"curies":[{"name":"wp","href":"https:\/\/api.w.org\/{rel}","templated":true}]}}