{"id":1106,"date":"2019-10-30T10:50:42","date_gmt":"2019-10-30T13:50:42","guid":{"rendered":"https:\/\/servsystem.com.br\/erp\/?page_id=1106"},"modified":"2024-10-22T15:51:37","modified_gmt":"2024-10-22T18:51:37","slug":"erp-gestao-empresarial","status":"publish","type":"page","link":"https:\/\/servsystem.com.br\/erp\/erp-gestao-empresarial\/","title":{"rendered":"ERP &#8211; Gest\u00e3o Empresarial"},"content":{"rendered":"\t\t<div data-elementor-type=\"wp-page\" data-elementor-id=\"1106\" class=\"elementor elementor-1106\">\n\t\t\t\t\t\t<section class=\"elementor-section elementor-top-section elementor-element elementor-element-4fbf17c elementor-section-boxed elementor-section-height-default elementor-section-height-default\" data-id=\"4fbf17c\" data-element_type=\"section\" data-e-type=\"section\">\n\t\t\t\t\t\t<div class=\"elementor-container elementor-column-gap-default\">\n\t\t\t\t\t<div class=\"elementor-column elementor-col-100 elementor-top-column elementor-element elementor-element-e37bf40\" data-id=\"e37bf40\" data-element_type=\"column\" data-e-type=\"column\">\n\t\t\t<div class=\"elementor-widget-wrap elementor-element-populated\">\n\t\t\t\t\t\t<div class=\"elementor-element elementor-element-42a15bd elementor-widget elementor-widget-html\" data-id=\"42a15bd\" data-element_type=\"widget\" data-e-type=\"widget\" data-widget_type=\"html.default\">\n\t\t\t\t<div class=\"elementor-widget-container\">\n\t\t\t\t\t<script>\r\n  (function(i,s,o,g,r,a,m){i['GoogleAnalyticsObject']=r;i[r]=i[r]||function(){\r\n  (i[r].q=i[r].q||[]).push(arguments)},i[r].l=1*new Date();a=s.createElement(o),\r\n  m=s.getElementsByTagName(o)[0];a.async=1;a.src=g;m.parentNode.insertBefore(a,m)\r\n  })(window,document,'script','https:\/\/www.google-analytics.com\/analytics.js','ga');\r\n\r\n  ga('create', 'UA-89780925-1', 'auto');\r\n  ga('send', 'pageview');\r\n\r\n<\/script>\t\t\t\t<\/div>\n\t\t\t\t<\/div>\n\t\t\t\t\t<\/div>\n\t\t<\/div>\n\t\t\t\t\t<\/div>\n\t\t<\/section>\n\t\t\t\t<section class=\"elementor-section elementor-top-section elementor-element elementor-element-7cfdde2 elementor-section-boxed elementor-section-height-default elementor-section-height-default\" data-id=\"7cfdde2\" data-element_type=\"section\" data-e-type=\"section\">\n\t\t\t\t\t\t<div class=\"elementor-container elementor-column-gap-default\">\n\t\t\t\t\t<div class=\"elementor-column elementor-col-100 elementor-top-column elementor-element elementor-element-9b2d726\" data-id=\"9b2d726\" data-element_type=\"column\" data-e-type=\"column\">\n\t\t\t<div class=\"elementor-widget-wrap elementor-element-populated\">\n\t\t\t\t\t\t<div class=\"elementor-element elementor-element-2e473b9 elementor-widget elementor-widget-image\" data-id=\"2e473b9\" data-element_type=\"widget\" data-e-type=\"widget\" data-widget_type=\"image.default\">\n\t\t\t\t<div class=\"elementor-widget-container\">\n\t\t\t\t\t\t\t\t\t\t\t\t\t\t\t<img fetchpriority=\"high\" decoding=\"async\" width=\"657\" height=\"190\" src=\"https:\/\/servsystem.com.br\/erp\/wp-content\/uploads\/2019\/10\/logoAB_t.jpg\" class=\"attachment-large size-large wp-image-962\" alt=\"\" srcset=\"https:\/\/servsystem.com.br\/erp\/wp-content\/uploads\/2019\/10\/logoAB_t.jpg 657w, https:\/\/servsystem.com.br\/erp\/wp-content\/uploads\/2019\/10\/logoAB_t-300x87.jpg 300w, https:\/\/servsystem.com.br\/erp\/wp-content\/uploads\/2019\/10\/logoAB_t-200x58.jpg 200w\" sizes=\"(max-width: 657px) 100vw, 657px\" \/>\t\t\t\t\t\t\t\t\t\t\t\t\t\t\t<\/div>\n\t\t\t\t<\/div>\n\t\t\t\t\t<\/div>\n\t\t<\/div>\n\t\t\t\t\t<\/div>\n\t\t<\/section>\n\t\t\t\t<section class=\"elementor-section elementor-top-section elementor-element elementor-element-497c8491 elementor-section-boxed elementor-section-height-default elementor-section-height-default\" data-id=\"497c8491\" data-element_type=\"section\" data-e-type=\"section\">\n\t\t\t\t\t\t<div class=\"elementor-container elementor-column-gap-default\">\n\t\t\t\t\t<div class=\"elementor-column elementor-col-100 elementor-top-column elementor-element elementor-element-3b2c0629\" data-id=\"3b2c0629\" data-element_type=\"column\" data-e-type=\"column\">\n\t\t\t<div class=\"elementor-widget-wrap elementor-element-populated\">\n\t\t\t\t\t\t<div class=\"elementor-element elementor-element-73832d72 elementor-widget elementor-widget-text-editor\" data-id=\"73832d72\" data-element_type=\"widget\" data-e-type=\"widget\" data-widget_type=\"text-editor.default\">\n\t\t\t\t<div class=\"elementor-widget-container\">\n\t\t\t\t\t\t\t\t\t<p>O <b>Ab<\/b><b>le B<\/b><b>usiness \u2013<\/b> <b>ERP <\/b>atende a diversos ramos de atividade: ind\u00fastrias, distribuidoras e prestadoras de servi\u00e7os<b>.<\/b><\/p><p>O <b>Able Business \u2013<\/b> <b>ERP<\/b> <b>Gest\u00e3o Empresarial<\/b> \u00e9 um software corporativo que tem como fun\u00e7\u00e3o o controle total das empresas, integrando as informa\u00e7\u00f5es nos processos e recursos das empresas para assertividade na tomada de decis\u00f5es.<\/p><p>O resultado disso \u00e9 economia, efici\u00eancia e agilidade para alcan\u00e7ar maior sucesso nos neg\u00f3cios.<\/p><p>O mercado em todos os segmentos est\u00e1 cada vez mais competitivo e o desafio das empresas \u00e9 reduzir cada vez mais os seus custos aumentando assim a rentabilidade sem que se altere a qualidade de seu produto ou servi\u00e7o, e ainda, proporcionando maior satisfa\u00e7\u00e3o para os seus clientes.<\/p><p>Tenha todas as informa\u00e7\u00f5es da empresa concentradas em um \u00fanico lugar, integrando dessa forma departamentos e dados com mais seguran\u00e7a.<\/p><p><!-- \/wp:paragraph --><\/p>\t\t\t\t\t\t\t\t<\/div>\n\t\t\t\t<\/div>\n\t\t\t\t\t<\/div>\n\t\t<\/div>\n\t\t\t\t\t<\/div>\n\t\t<\/section>\n\t\t\t\t<section class=\"elementor-section elementor-top-section elementor-element elementor-element-89a5650 elementor-section-boxed elementor-section-height-default elementor-section-height-default\" data-id=\"89a5650\" data-element_type=\"section\" data-e-type=\"section\">\n\t\t\t\t\t\t<div class=\"elementor-container elementor-column-gap-default\">\n\t\t\t\t\t<div class=\"elementor-column elementor-col-50 elementor-top-column elementor-element elementor-element-14c98d7\" data-id=\"14c98d7\" data-element_type=\"column\" data-e-type=\"column\">\n\t\t\t<div class=\"elementor-widget-wrap elementor-element-populated\">\n\t\t\t\t\t\t<div class=\"elementor-element elementor-element-a0f1e66 elementor-widget elementor-widget-text-editor\" data-id=\"a0f1e66\" data-element_type=\"widget\" data-e-type=\"widget\" data-widget_type=\"text-editor.default\">\n\t\t\t\t<div class=\"elementor-widget-container\">\n\t\t\t\t\t\t\t\t\t<p><strong>Algumas caracter\u00edsticas do Sistema:<\/strong><\/p><ul><li>Atende Ind\u00fastria \/ Com\u00e9rcio \/ Presta\u00e7\u00e3o de Servi\u00e7os<\/li><li>Manuten\u00e7\u00e3o de Arquivos (Empresa, Portadores, Clientes, Fornecedores, Transportadoras, Produtos\/Servi\u00e7os, etc.)<\/li><li>Emiss\u00e3o e Aprova\u00e7\u00e3o de Or\u00e7amentos com gera\u00e7\u00e3o de pedidos autom\u00e1tica (Venda, Compra)<\/li><li>Controle de <b>Pedidos <\/b>(Venda, Compra)<\/li><li>Ordem de <b>Produ\u00e7\u00e3o <\/b>com baixa de estoque das mat\u00e9rias-primas<\/li><li>Emiss\u00e3o\/Transmiss\u00e3o de <b>Notas Fiscais<\/b> (Servi\u00e7o\/Mercantil\/Conjugada \u2013 NF-e, NFS-e, Modelo 21, Modelos 1 e 1A), \u00a0Duplicatas e Boletos<\/li><li>Controle de Notas Fiscais de Devolu\u00e7\u00e3o e Notas Fiscais de Entrada<\/li><li>Controle <b>Financeiro<\/b> (Contas a Pagar e Receber) com diversos relat\u00f3rios, inclusive Fluxo Financeiro<\/li><li>Integra\u00e7\u00e3o com <b>Cobran\u00e7a<\/b> OnLine (integra com o software do seu banco)<\/li><li>Comiss\u00f5es de <b>Vendedores<\/b> e Compradores<\/li><li>Controle de Rastreabilidade (<b>LOTE<\/b>)<\/li><li>Controle de <b>Estoque<\/b> F\u00edsico \/ Financeiro <\/li><\/ul>\t\t\t\t\t\t\t\t<\/div>\n\t\t\t\t<\/div>\n\t\t\t\t\t<\/div>\n\t\t<\/div>\n\t\t\t\t<div class=\"elementor-column elementor-col-50 elementor-top-column elementor-element elementor-element-1cfc76c\" data-id=\"1cfc76c\" data-element_type=\"column\" data-e-type=\"column\">\n\t\t\t<div class=\"elementor-widget-wrap elementor-element-populated\">\n\t\t\t\t\t\t<div class=\"elementor-element elementor-element-3829b42 elementor-widget elementor-widget-text-editor\" data-id=\"3829b42\" data-element_type=\"widget\" data-e-type=\"widget\" data-widget_type=\"text-editor.default\">\n\t\t\t\t<div class=\"elementor-widget-container\">\n\t\t\t\t\t\t\t\t\t<div>\u00a0<\/div><div>\u00a0<\/div><ul><li>\u00a0Mala Direta (Emiss\u00e3o de Etiquetas de Cliente, Fornecedores, Transportadoras, Vendedores)<\/li><li>Emiss\u00e3o de Etiquetas de Produtos (inclusive c\u00f3digo de barras) e\/ou Digitadas<\/li><li>Conta Corrente Clientes \/ Fornecedores<\/li><li><b>Estat\u00edsticas <\/b>de Vendas e Compras<\/li><li>Exporta Notas Fiscais para Sistemas de Escrita Fiscal<\/li><li>Exporta Baixas de Contas a Pagar\/ Receber para Bancos (ABLE BANK)<\/li><li>Exporta Dados para Receita Estadual \/ Interestadual (Sistema Sintegra)<\/li><li>Exporta Dados para Suframa<\/li><li>Rotina de Acompanhamento de Clientes (com lan\u00e7amento de atendimentos efetuados \/ em aberto)<\/li><li>Integra com\u00a0<b>SPED <\/b>Fiscal e Contribui\u00e7\u00f5es (inclusive bloco K)<\/li><li>Senhas de acesso\u00a0para maior seguran\u00e7a<\/li><li>Controle de\u00a0Log de Usu\u00e1rios<\/li><\/ul><div>\u00a0<\/div>\t\t\t\t\t\t\t\t<\/div>\n\t\t\t\t<\/div>\n\t\t\t\t\t<\/div>\n\t\t<\/div>\n\t\t\t\t\t<\/div>\n\t\t<\/section>\n\t\t\t\t<section class=\"elementor-section elementor-top-section elementor-element elementor-element-206b906 elementor-section-boxed elementor-section-height-default elementor-section-height-default\" data-id=\"206b906\" data-element_type=\"section\" data-e-type=\"section\">\n\t\t\t\t\t\t<div class=\"elementor-container elementor-column-gap-default\">\n\t\t\t\t\t<div class=\"elementor-column elementor-col-100 elementor-top-column elementor-element elementor-element-fb87d3d\" data-id=\"fb87d3d\" data-element_type=\"column\" data-e-type=\"column\">\n\t\t\t<div class=\"elementor-widget-wrap elementor-element-populated\">\n\t\t\t\t\t\t<div class=\"elementor-element elementor-element-7041bb6 elementor-arrows-position-inside elementor-pagination-position-outside elementor-widget elementor-widget-image-carousel\" data-id=\"7041bb6\" data-element_type=\"widget\" data-e-type=\"widget\" data-settings=\"{&quot;autoplay_speed&quot;:900,&quot;navigation&quot;:&quot;both&quot;,&quot;autoplay&quot;:&quot;yes&quot;,&quot;pause_on_hover&quot;:&quot;yes&quot;,&quot;pause_on_interaction&quot;:&quot;yes&quot;,&quot;infinite&quot;:&quot;yes&quot;,&quot;speed&quot;:500}\" data-widget_type=\"image-carousel.default\">\n\t\t\t\t<div class=\"elementor-widget-container\">\n\t\t\t\t\t\t\t<div class=\"elementor-image-carousel-wrapper swiper\" role=\"region\" aria-roledescription=\"carousel\" aria-label=\"Carrossel de imagens\" dir=\"ltr\">\n\t\t\t<div class=\"elementor-image-carousel swiper-wrapper\" aria-live=\"off\">\n\t\t\t\t\t\t\t\t<div class=\"swiper-slide\" role=\"group\" aria-roledescription=\"slide\" aria-label=\"1 de 19\"><figure class=\"swiper-slide-inner\"><img decoding=\"async\" class=\"swiper-slide-image\" src=\"https:\/\/servsystem.com.br\/erp\/wp-content\/uploads\/2024\/10\/Tela01_sistema-1-300x209.jpg\" alt=\"Tela01_sistema\" \/><\/figure><\/div><div class=\"swiper-slide\" role=\"group\" aria-roledescription=\"slide\" aria-label=\"2 de 19\"><figure class=\"swiper-slide-inner\"><img decoding=\"async\" class=\"swiper-slide-image\" src=\"https:\/\/servsystem.com.br\/erp\/wp-content\/uploads\/2024\/10\/Tela02_empresa-1-300x209.jpg\" alt=\"Tela02_empresa\" \/><\/figure><\/div><div class=\"swiper-slide\" role=\"group\" aria-roledescription=\"slide\" aria-label=\"3 de 19\"><figure class=\"swiper-slide-inner\"><img decoding=\"async\" class=\"swiper-slide-image\" src=\"https:\/\/servsystem.com.br\/erp\/wp-content\/uploads\/2024\/10\/Tela03_clientes-1-300x219.jpg\" alt=\"Tela03_clientes\" \/><\/figure><\/div><div class=\"swiper-slide\" role=\"group\" aria-roledescription=\"slide\" aria-label=\"4 de 19\"><figure class=\"swiper-slide-inner\"><img decoding=\"async\" class=\"swiper-slide-image\" src=\"https:\/\/servsystem.com.br\/erp\/wp-content\/uploads\/2024\/10\/Tela04_produtos-1-300x212.jpg\" alt=\"Tela04_produtos\" \/><\/figure><\/div><div class=\"swiper-slide\" role=\"group\" aria-roledescription=\"slide\" aria-label=\"5 de 19\"><figure class=\"swiper-slide-inner\"><img decoding=\"async\" class=\"swiper-slide-image\" src=\"https:\/\/servsystem.com.br\/erp\/wp-content\/uploads\/2024\/10\/Tela05_comp_produtos-1-300x212.jpg\" alt=\"Tela05_comp_produtos\" \/><\/figure><\/div><div class=\"swiper-slide\" role=\"group\" aria-roledescription=\"slide\" aria-label=\"6 de 19\"><figure class=\"swiper-slide-inner\"><img decoding=\"async\" class=\"swiper-slide-image\" src=\"https:\/\/servsystem.com.br\/erp\/wp-content\/uploads\/2024\/10\/Tela05_Estoque-1-300x207.jpg\" alt=\"Tela05_Estoque\" \/><\/figure><\/div><div class=\"swiper-slide\" role=\"group\" aria-roledescription=\"slide\" aria-label=\"7 de 19\"><figure class=\"swiper-slide-inner\"><img decoding=\"async\" class=\"swiper-slide-image\" src=\"https:\/\/servsystem.com.br\/erp\/wp-content\/uploads\/2024\/10\/Tela06_Pedido-1-300x222.jpg\" alt=\"Tela06_Pedido\" \/><\/figure><\/div><div class=\"swiper-slide\" role=\"group\" aria-roledescription=\"slide\" aria-label=\"8 de 19\"><figure class=\"swiper-slide-inner\"><img decoding=\"async\" class=\"swiper-slide-image\" src=\"https:\/\/servsystem.com.br\/erp\/wp-content\/uploads\/2024\/10\/Tela07_DANFE-1-300x294.jpg\" alt=\"Tela07_DANFE\" \/><\/figure><\/div><div class=\"swiper-slide\" role=\"group\" aria-roledescription=\"slide\" aria-label=\"9 de 19\"><figure class=\"swiper-slide-inner\"><img decoding=\"async\" class=\"swiper-slide-image\" src=\"https:\/\/servsystem.com.br\/erp\/wp-content\/uploads\/2024\/10\/Tela07_LanctoNotas-1-300x190.jpg\" alt=\"Tela07_LanctoNotas\" \/><\/figure><\/div><div class=\"swiper-slide\" role=\"group\" aria-roledescription=\"slide\" aria-label=\"10 de 19\"><figure class=\"swiper-slide-inner\"><img decoding=\"async\" class=\"swiper-slide-image\" src=\"https:\/\/servsystem.com.br\/erp\/wp-content\/uploads\/2024\/10\/Tela08_Boleto-1-222x300.jpg\" alt=\"Tela08_Boleto\" \/><\/figure><\/div><div class=\"swiper-slide\" role=\"group\" aria-roledescription=\"slide\" aria-label=\"11 de 19\"><figure class=\"swiper-slide-inner\"><img decoding=\"async\" class=\"swiper-slide-image\" src=\"https:\/\/servsystem.com.br\/erp\/wp-content\/uploads\/2024\/10\/Tela09_Ordem-Producao-1-300x274.jpg\" alt=\"Tela09_Ordem Produ\u00e7\u00e3o\" \/><\/figure><\/div><div class=\"swiper-slide\" role=\"group\" aria-roledescription=\"slide\" aria-label=\"12 de 19\"><figure class=\"swiper-slide-inner\"><img decoding=\"async\" class=\"swiper-slide-image\" src=\"https:\/\/servsystem.com.br\/erp\/wp-content\/uploads\/2024\/10\/Tela10_Integracao_EFD-1-300x236.jpg\" alt=\"Tela10_Integra\u00e7\u00e3o_EFD\" \/><\/figure><\/div><div class=\"swiper-slide\" role=\"group\" aria-roledescription=\"slide\" aria-label=\"13 de 19\"><figure class=\"swiper-slide-inner\"><img decoding=\"async\" class=\"swiper-slide-image\" src=\"https:\/\/servsystem.com.br\/erp\/wp-content\/uploads\/2024\/10\/Tela10_UtilNfe-1-300x212.jpg\" alt=\"Tela10_UtilNfe\" \/><\/figure><\/div><div class=\"swiper-slide\" role=\"group\" aria-roledescription=\"slide\" aria-label=\"14 de 19\"><figure class=\"swiper-slide-inner\"><img decoding=\"async\" class=\"swiper-slide-image\" src=\"https:\/\/servsystem.com.br\/erp\/wp-content\/uploads\/2024\/10\/Tela11_Consulta-Vendas-1-300x222.jpg\" alt=\"Tela11_Consulta Vendas\" \/><\/figure><\/div><div class=\"swiper-slide\" role=\"group\" aria-roledescription=\"slide\" aria-label=\"15 de 19\"><figure class=\"swiper-slide-inner\"><img decoding=\"async\" class=\"swiper-slide-image\" src=\"https:\/\/servsystem.com.br\/erp\/wp-content\/uploads\/2024\/10\/Tela12_Fluxo-1-300x296.jpg\" alt=\"Tela12_Fluxo\" \/><\/figure><\/div><div class=\"swiper-slide\" role=\"group\" aria-roledescription=\"slide\" aria-label=\"16 de 19\"><figure class=\"swiper-slide-inner\"><img decoding=\"async\" class=\"swiper-slide-image\" src=\"https:\/\/servsystem.com.br\/erp\/wp-content\/uploads\/2024\/10\/Tela13_Demonstrativo-1-300x184.jpg\" alt=\"Tela13_Demonstrativo\" \/><\/figure><\/div><div class=\"swiper-slide\" role=\"group\" aria-roledescription=\"slide\" aria-label=\"17 de 19\"><figure class=\"swiper-slide-inner\"><img decoding=\"async\" class=\"swiper-slide-image\" src=\"https:\/\/servsystem.com.br\/erp\/wp-content\/uploads\/2024\/10\/Tela14_Lucratividade-1-300x228.jpg\" alt=\"Tela14_Lucratividade\" \/><\/figure><\/div><div class=\"swiper-slide\" role=\"group\" aria-roledescription=\"slide\" aria-label=\"18 de 19\"><figure class=\"swiper-slide-inner\"><img decoding=\"async\" class=\"swiper-slide-image\" src=\"https:\/\/servsystem.com.br\/erp\/wp-content\/uploads\/2024\/10\/Tela15_Fechamento-1-300x191.jpg\" alt=\"Tela15_Fechamento\" \/><\/figure><\/div><div class=\"swiper-slide\" role=\"group\" aria-roledescription=\"slide\" aria-label=\"19 de 19\"><figure class=\"swiper-slide-inner\"><img decoding=\"async\" class=\"swiper-slide-image\" src=\"https:\/\/servsystem.com.br\/erp\/wp-content\/uploads\/2024\/10\/Tela16_Manual-1-300x260.jpg\" alt=\"Tela16_Manual\" \/><\/figure><\/div>\t\t\t<\/div>\n\t\t\t\t\t\t\t\t\t\t\t\t<div class=\"elementor-swiper-button elementor-swiper-button-prev\" role=\"button\" tabindex=\"0\">\n\t\t\t\t\t\t<i aria-hidden=\"true\" class=\"eicon-chevron-left\"><\/i>\t\t\t\t\t<\/div>\n\t\t\t\t\t<div class=\"elementor-swiper-button elementor-swiper-button-next\" role=\"button\" tabindex=\"0\">\n\t\t\t\t\t\t<i aria-hidden=\"true\" class=\"eicon-chevron-right\"><\/i>\t\t\t\t\t<\/div>\n\t\t\t\t\n\t\t\t\t\t\t\t\t\t<div class=\"swiper-pagination\"><\/div>\n\t\t\t\t\t\t\t\t\t<\/div>\n\t\t\t\t\t\t<\/div>\n\t\t\t\t<\/div>\n\t\t\t\t\t<\/div>\n\t\t<\/div>\n\t\t\t\t\t<\/div>\n\t\t<\/section>\n\t\t\t\t<\/div>\n\t\t","protected":false},"excerpt":{"rendered":"<p>O Able Business \u2013 ERP atende a diversos ramos de atividade: ind\u00fastrias, distribuidoras e prestadoras de servi\u00e7os. O Able Business \u2013 ERP Gest\u00e3o Empresarial \u00e9 um software corporativo que tem como fun\u00e7\u00e3o o controle total das empresas, integrando as informa\u00e7\u00f5es nos processos e recursos das empresas para assertividade na tomada de decis\u00f5es. O resultado disso &hellip; <\/p>\n<p class=\"link-more\"><a href=\"https:\/\/servsystem.com.br\/erp\/erp-gestao-empresarial\/\" class=\"more-link\">Continue reading<span class=\"screen-reader-text\"> &#8220;ERP &#8211; Gest\u00e3o Empresarial&#8221;<\/span><\/a><\/p>\n","protected":false},"author":1,"featured_media":0,"parent":0,"menu_order":0,"comment_status":"closed","ping_status":"closed","template":"full-width.php","meta":{"footnotes":""},"class_list":["post-1106","page","type-page","status-publish","hentry"],"_links":{"self":[{"href":"https:\/\/servsystem.com.br\/erp\/wp-json\/wp\/v2\/pages\/1106"}],"collection":[{"href":"https:\/\/servsystem.com.br\/erp\/wp-json\/wp\/v2\/pages"}],"about":[{"href":"https:\/\/servsystem.com.br\/erp\/wp-json\/wp\/v2\/types\/page"}],"author":[{"embeddable":true,"href":"https:\/\/servsystem.com.br\/erp\/wp-json\/wp\/v2\/users\/1"}],"replies":[{"embeddable":true,"href":"https:\/\/servsystem.com.br\/erp\/wp-json\/wp\/v2\/comments?post=1106"}],"version-history":[{"count":25,"href":"https:\/\/servsystem.com.br\/erp\/wp-json\/wp\/v2\/pages\/1106\/revisions"}],"predecessor-version":[{"id":1657,"href":"https:\/\/servsystem.com.br\/erp\/wp-json\/wp\/v2\/pages\/1106\/revisions\/1657"}],"wp:attachment":[{"href":"https:\/\/servsystem.com.br\/erp\/wp-json\/wp\/v2\/media?parent=1106"}],"curies":[{"name":"wp","href":"https:\/\/api.w.org\/{rel}","templated":true}]}}