{"id":12,"date":"2019-08-13T15:26:27","date_gmt":"2019-08-13T18:26:27","guid":{"rendered":"https:\/\/servsystem.com.br\/erp\/?page_id=12"},"modified":"2020-01-09T17:13:40","modified_gmt":"2020-01-09T19:13:40","slug":"precos","status":"publish","type":"page","link":"https:\/\/servsystem.com.br\/erp\/precos\/","title":{"rendered":"Pre\u00e7os"},"content":{"rendered":"\t\t<div data-elementor-type=\"wp-page\" data-elementor-id=\"12\" class=\"elementor elementor-12\">\n\t\t\t\t\t\t<section class=\"elementor-section elementor-top-section elementor-element elementor-element-5a17d1d elementor-section-boxed elementor-section-height-default elementor-section-height-default\" data-id=\"5a17d1d\" data-element_type=\"section\" data-e-type=\"section\">\n\t\t\t\t\t\t<div class=\"elementor-container elementor-column-gap-default\">\n\t\t\t\t\t<div class=\"elementor-column elementor-col-100 elementor-top-column elementor-element elementor-element-d94bc25\" data-id=\"d94bc25\" data-element_type=\"column\" data-e-type=\"column\">\n\t\t\t<div class=\"elementor-widget-wrap elementor-element-populated\">\n\t\t\t\t\t\t<div class=\"elementor-element elementor-element-e2d04cc elementor-widget elementor-widget-html\" data-id=\"e2d04cc\" data-element_type=\"widget\" data-e-type=\"widget\" data-widget_type=\"html.default\">\n\t\t\t\t<div class=\"elementor-widget-container\">\n\t\t\t\t\t<script>\r\n  (function(i,s,o,g,r,a,m){i['GoogleAnalyticsObject']=r;i[r]=i[r]||function(){\r\n  (i[r].q=i[r].q||[]).push(arguments)},i[r].l=1*new Date();a=s.createElement(o),\r\n  m=s.getElementsByTagName(o)[0];a.async=1;a.src=g;m.parentNode.insertBefore(a,m)\r\n  })(window,document,'script','https:\/\/www.google-analytics.com\/analytics.js','ga');\r\n\r\n  ga('create', 'UA-89780925-1', 'auto');\r\n  ga('send', 'pageview');\r\n\r\n<\/script>\t\t\t\t<\/div>\n\t\t\t\t<\/div>\n\t\t\t\t\t<\/div>\n\t\t<\/div>\n\t\t\t\t\t<\/div>\n\t\t<\/section>\n\t\t\t\t<section class=\"elementor-section elementor-top-section elementor-element elementor-element-a8b56ff elementor-section-boxed elementor-section-height-default elementor-section-height-default\" data-id=\"a8b56ff\" data-element_type=\"section\" data-e-type=\"section\">\n\t\t\t\t\t\t<div class=\"elementor-container elementor-column-gap-default\">\n\t\t\t\t\t<div class=\"elementor-column elementor-col-100 elementor-top-column elementor-element elementor-element-1f65834\" data-id=\"1f65834\" data-element_type=\"column\" data-e-type=\"column\">\n\t\t\t<div class=\"elementor-widget-wrap elementor-element-populated\">\n\t\t\t\t\t\t<div class=\"elementor-element elementor-element-83c1197 elementor-widget elementor-widget-heading\" data-id=\"83c1197\" data-element_type=\"widget\" data-e-type=\"widget\" data-widget_type=\"heading.default\">\n\t\t\t\t<div class=\"elementor-widget-container\">\n\t\t\t\t\t<h2 class=\"elementor-heading-title elementor-size-xl\">CONSULTE OS NOSSOS PLANOS<\/h2>\t\t\t\t<\/div>\n\t\t\t\t<\/div>\n\t\t\t\t\t<\/div>\n\t\t<\/div>\n\t\t\t\t\t<\/div>\n\t\t<\/section>\n\t\t\t\t<section class=\"elementor-section elementor-top-section elementor-element elementor-element-0eba685 elementor-section-boxed elementor-section-height-default elementor-section-height-default\" data-id=\"0eba685\" data-element_type=\"section\" data-e-type=\"section\">\n\t\t\t\t\t\t<div class=\"elementor-container elementor-column-gap-default\">\n\t\t\t\t\t<div class=\"elementor-column elementor-col-100 elementor-top-column elementor-element elementor-element-62da6d6\" data-id=\"62da6d6\" data-element_type=\"column\" data-e-type=\"column\">\n\t\t\t<div class=\"elementor-widget-wrap elementor-element-populated\">\n\t\t\t\t\t\t<div class=\"elementor-element elementor-element-dafef13 elementor-widget elementor-widget-shortcode\" data-id=\"dafef13\" data-element_type=\"widget\" data-e-type=\"widget\" data-widget_type=\"shortcode.default\">\n\t\t\t\t<div class=\"elementor-widget-container\">\n\t\t\t\t\t\t\t<div class=\"elementor-shortcode\">\n    <script>\n        jQuery(document).ready(function($) {\n\n                        if (window.innerWidth < 576) {\n\n                $('.pricingtable-1279').addClass('owl-carousel');\n\n\n\n                $(\".pricingtable-1279\").owlCarousel({\n\n                    items: 1,\n                    navText: [\"\", \"\"],\n                    autoplay: false,\n                    loop: false,\n                    autoHeight: true,\n                    nav: true,\n                    dots: true,\n                })\n\n            }\n            \n\n\n        })\n    <\/script>\n\n\n    <style type=\"text\/css\">\n        @media (max-width: 576px) {\n            .pricingtable .column {\n                width: 90% !important;\n            }\n\n        }\n    <\/style>\n\n\n<style type=\"text\/css\">\n\t.pricingtable-1279 .column-item-data.odd {\n\t\tbackground: #79c9f2;\n\t\t\t}\n\n\t.pricingtable-1279 .column-item-data.even {\n\t\tbackground: #d2e6f2;\n\t\t\t}\n<\/style>\n\n<div class=\"pricingtable   pricingtable-1279 semi-rounded\" style=\"background:url(https:\/\/servsystem.com.br\/erp\/wp-content\/plugins\/pricingtable\/assets\/front\/css\/background\/bgnoise_lg.png) repeat scroll 0 0 rgba(0, 0, 0, 0);\">\n\n\t<div style=\"width:;margin: \" class=\"column column-1 \">\n\n\n\t\t\t<div style=\" background-color:#bc95e2;color: #7406e2\" class=\"column-item column-item-header\">\n\t<span style=\"font-size:;\" class=\"pricingtable-header-name\">Able Business ERP <\/span>\n\t\t\t<span class='pt-hd'>LIGHT<\/span>\n\t<\/div><div style=\" background-color:; color:\" class=\"column-item column-item-price\">\n\t<span style='font-size:;line-height:;color:' class='price-value'>Consulte<\/span>\n\t<\/div>\t\t\t\t\t\t<div class=\"column-item column-item-body\">\n\t\t\t\t\t\t\t<div class=\"column-item-data odd\">At\u00e9 01 usu\u00e1rio* <\/div>\n<div class=\"column-item-data even\">At\u00e9 100 documentos**<\/div>\n<div class=\"column-item-data odd\">Software completo<\/div>\n\t\t\t\t\t\t<\/div>\n\t\t\t<div style=\" background-color:\" class=\"column-item column-item-footer\">\n\t<a style=\"background-color:#00a1f2;color:\" class=\"pricingtable-signup-name pricingtable-button rounded\" href=\"http:\/\/consultar\">Consultar<\/a>\n<\/div>\n\n\t\t<\/div><div style=\"width:;margin: \" class=\"column column-2 \">\n\n\n\t\t\t<div style=\" background-color:#29eaf4;color: #1e73be\" class=\"column-item column-item-header\">\n\t<span style=\"font-size:;\" class=\"pricingtable-header-name\">Able Business ERP <\/span>\n\t\t\t<span class='pt-hd'> ESSENTIAL<\/span>\n\t<\/div><div style=\" background-color:; color:\" class=\"column-item column-item-price\">\n\t<span style='font-size:;line-height:;color:' class='price-value'>Consulte<\/span>\n\t<\/div>\t\t\t\t\t\t<div class=\"column-item column-item-body\">\n\t\t\t\t\t\t\t<div class=\"column-item-data odd\">At\u00e9 03 usu\u00e1rios* <\/div>\n<div class=\"column-item-data even\">At\u00e9 100 documentos**<\/div>\n<div class=\"column-item-data odd\">Software completo<\/div>\n\t\t\t\t\t\t<\/div>\n\t\t\t<div style=\" background-color:\" class=\"column-item column-item-footer\">\n\t<a style=\"background-color:#00a1f2;color:\" class=\"pricingtable-signup-name pricingtable-button rounded\" href=\"http:\/\/consultar\">Consultar<\/a>\n<\/div>\n\n\t\t<\/div><div style=\"width:;margin: \" class=\"column column-3 \">\n\n\n\t\t\t<div style=\" background-color:#d3c789;color: #ff5400\" class=\"column-item column-item-header\">\n\t<span style=\"font-size:;\" class=\"pricingtable-header-name\">Able Business ERP <\/span>\n\t\t\t<span class='pt-hd'>PREMIUM<\/span>\n\t<\/div><div style=\" background-color:; color:\" class=\"column-item column-item-price\">\n\t<span style='font-size:;line-height:;color:' class='price-value'>Consulte<\/span>\n\t<\/div>\t\t\t\t\t\t<div class=\"column-item column-item-body\">\n\t\t\t\t\t\t\t<div class=\"column-item-data odd\">At\u00e9 03 usu\u00e1rios* <\/div>\n<div class=\"column-item-data even\">At\u00e9 300 documentos**<\/div>\n<div class=\"column-item-data odd\">Software completo<\/div>\n\t\t\t\t\t\t<\/div>\n\t\t\t<div style=\" background-color:\" class=\"column-item column-item-footer\">\n\t<a style=\"background-color:#00a1f2;color:\" class=\"pricingtable-signup-name pricingtable-button rounded\" href=\"http:\/\/consultar\">Consultar<\/a>\n<\/div>\n\n\t\t<\/div><div style=\"width:255px;margin: \" class=\"column column-4 \">\n\n\n\t\t\t<div style=\" background-color:#47bc3a;color: \" class=\"column-item column-item-header\">\n\t<span style=\"font-size:;\" class=\"pricingtable-header-name\">Able BANK Bancos\/Cont\u00e1bil <\/span>\n\t\t\t<span class='pt-hd'>   <\/span>\n\t<\/div><div style=\" background-color:; color:\" class=\"column-item column-item-price\">\n\t<span style='font-size:;line-height:;color:' class='price-value'>Consulte<\/span>\n\t<\/div>\t\t\t\t\t\t<div class=\"column-item column-item-body\">\n\t\t\t\t\t\t\t<div class=\"column-item-data odd\">Sem limite de usu\u00e1rios<\/div>\n<div class=\"column-item-data even\">Sem limite de lan\u00e7amentos<\/div>\n<div class=\"column-item-data odd\">Software completo<\/div>\n\t\t\t\t\t\t<\/div>\n\t\t\t<div style=\" background-color:\" class=\"column-item column-item-footer\">\n\t<a style=\"background-color:#00a1f2;color:\" class=\"pricingtable-signup-name pricingtable-button rounded\" href=\"http:\/\/consultar\">Consultar<\/a>\n<\/div>\n\n\t\t<\/div><div style=\"width:;margin: \" class=\"column column-5 \">\n\n\n\t\t\t<div style=\" background-color:#1e8dbc;color: #000000\" class=\"column-item column-item-header\">\n\t<span style=\"font-size:;\" class=\"pricingtable-header-name\">Combo ERP+BANK<\/span>\n\t\t\t<span class='pt-hd'>   <\/span>\n\t<\/div><div style=\" background-color:; color:\" class=\"column-item column-item-price\">\n\t<span style='font-size:;line-height:;color:' class='price-value'>Consulte<\/span>\n\t<\/div>\t\t\t\t\t\t<div class=\"column-item column-item-body\">\n\t\t\t\t\t\t\t<div class=\"column-item-data odd\">-<\/div>\n<div class=\"column-item-data even\">-<\/div>\n<div class=\"column-item-data odd\">Software completo<\/div>\n\t\t\t\t\t\t<\/div>\n\t\t\t<div style=\" background-color:\" class=\"column-item column-item-footer\">\n\t<a style=\"background-color:#00a1f2;color:\" class=\"pricingtable-signup-name pricingtable-button rounded\" href=\"http:\/\/consultar\">Consultar<\/a>\n<\/div>\n\n\t\t<\/div>\n<\/div>\n\n\n<\/div>\n\t\t\t\t\t\t<\/div>\n\t\t\t\t<\/div>\n\t\t\t\t\t<\/div>\n\t\t<\/div>\n\t\t\t\t\t<\/div>\n\t\t<\/section>\n\t\t\t\t<section class=\"elementor-section elementor-top-section elementor-element elementor-element-87b9b55 elementor-section-boxed elementor-section-height-default elementor-section-height-default\" data-id=\"87b9b55\" data-element_type=\"section\" data-e-type=\"section\">\n\t\t\t\t\t\t<div class=\"elementor-container elementor-column-gap-default\">\n\t\t\t\t\t<div class=\"elementor-column elementor-col-50 elementor-top-column elementor-element elementor-element-d15b534\" data-id=\"d15b534\" data-element_type=\"column\" data-e-type=\"column\">\n\t\t\t<div class=\"elementor-widget-wrap elementor-element-populated\">\n\t\t\t\t\t\t<div class=\"elementor-element elementor-element-e51bff6 elementor-widget elementor-widget-text-editor\" data-id=\"e51bff6\" data-element_type=\"widget\" data-e-type=\"widget\" data-widget_type=\"text-editor.default\">\n\t\t\t\t<div class=\"elementor-widget-container\">\n\t\t\t\t\t\t\t\t\t<p><b>OBSERVA\u00c7\u00d5ES:<\/b><\/p><ul><li>(*) Usu\u00e1rios simult\u00e2neos.<\/li><li>(**) Qtde. m\u00e1xima de documentos fiscais emitidos por m\u00eas.<\/li><li>(***) O valor do Combo ser\u00e1 acrescido ao Plano Able Business ERP escolhido. Ex: Plano <b>ERP Light<\/b> + <b>Bank <\/b>a mensalidade\u00a0\u00e9 a soma do valor do pacote ERP Light mais o valor Combo.\u00a0<\/li><li>Valor mensal por CNPJ\/CPF &#8211; Desconto a partir do 2o. CNPJ\/CPF.<\/li><li>Sem limite de usu\u00e1rios cadastrados e sim conectados simultaneamente.\u00a0<\/li><li><i><b>CONSULTE OUTRO PLANO CONFORME A SUA NECESSIDADE.<\/b><\/i><\/li><\/ul>\t\t\t\t\t\t\t\t<\/div>\n\t\t\t\t<\/div>\n\t\t\t\t\t<\/div>\n\t\t<\/div>\n\t\t\t\t<div class=\"elementor-column elementor-col-50 elementor-top-column elementor-element elementor-element-0b57827\" data-id=\"0b57827\" data-element_type=\"column\" data-e-type=\"column\">\n\t\t\t<div class=\"elementor-widget-wrap elementor-element-populated\">\n\t\t\t\t\t\t<div class=\"elementor-element elementor-element-48f1334 elementor-widget elementor-widget-text-editor\" data-id=\"48f1334\" data-element_type=\"widget\" data-e-type=\"widget\" data-widget_type=\"text-editor.default\">\n\t\t\t\t<div class=\"elementor-widget-container\">\n\t\t\t\t\t\t\t\t\t<p><strong>COBERTURA:<\/strong><\/p>\n<ul>\n<li>Suporte t\u00e9cnico incluso.<\/li>\n<li>Atualiza\u00e7\u00f5es legislativas.<\/li>\n<li>Treinamento sem limites.<\/li>\n<li>\n<p>Novas vers\u00f5es do software.<\/p>\n<\/li>\n<\/ul>\t\t\t\t\t\t\t\t<\/div>\n\t\t\t\t<\/div>\n\t\t\t\t\t<\/div>\n\t\t<\/div>\n\t\t\t\t\t<\/div>\n\t\t<\/section>\n\t\t\t\t<\/div>\n\t\t","protected":false},"excerpt":{"rendered":"<p>CONSULTE OS NOSSOS PLANOS OBSERVA\u00c7\u00d5ES: (*) Usu\u00e1rios simult\u00e2neos. (**) Qtde. m\u00e1xima de documentos fiscais emitidos por m\u00eas. (***) O valor do Combo ser\u00e1 acrescido ao Plano Able Business ERP escolhido. Ex: Plano ERP Light + Bank a mensalidade\u00a0\u00e9 a soma do valor do pacote ERP Light mais o valor Combo.\u00a0 Valor mensal por CNPJ\/CPF &#8211; &hellip; <\/p>\n<p class=\"link-more\"><a href=\"https:\/\/servsystem.com.br\/erp\/precos\/\" class=\"more-link\">Continue reading<span class=\"screen-reader-text\"> &#8220;Pre\u00e7os&#8221;<\/span><\/a><\/p>\n","protected":false},"author":1,"featured_media":0,"parent":0,"menu_order":0,"comment_status":"closed","ping_status":"closed","template":"full-width.php","meta":{"footnotes":""},"class_list":["post-12","page","type-page","status-publish","hentry"],"_links":{"self":[{"href":"https:\/\/servsystem.com.br\/erp\/wp-json\/wp\/v2\/pages\/12"}],"collection":[{"href":"https:\/\/servsystem.com.br\/erp\/wp-json\/wp\/v2\/pages"}],"about":[{"href":"https:\/\/servsystem.com.br\/erp\/wp-json\/wp\/v2\/types\/page"}],"author":[{"embeddable":true,"href":"https:\/\/servsystem.com.br\/erp\/wp-json\/wp\/v2\/users\/1"}],"replies":[{"embeddable":true,"href":"https:\/\/servsystem.com.br\/erp\/wp-json\/wp\/v2\/comments?post=12"}],"version-history":[{"count":51,"href":"https:\/\/servsystem.com.br\/erp\/wp-json\/wp\/v2\/pages\/12\/revisions"}],"predecessor-version":[{"id":1294,"href":"https:\/\/servsystem.com.br\/erp\/wp-json\/wp\/v2\/pages\/12\/revisions\/1294"}],"wp:attachment":[{"href":"https:\/\/servsystem.com.br\/erp\/wp-json\/wp\/v2\/media?parent=12"}],"curies":[{"name":"wp","href":"https:\/\/api.w.org\/{rel}","templated":true}]}}