{"id":1392,"date":"2024-08-01T16:17:03","date_gmt":"2024-08-01T19:17:03","guid":{"rendered":"https:\/\/servsystem.com.br\/erp\/?page_id=1392"},"modified":"2024-08-02T16:19:24","modified_gmt":"2024-08-02T19:19:24","slug":"e-commerce","status":"publish","type":"page","link":"https:\/\/servsystem.com.br\/erp\/e-commerce\/","title":{"rendered":"E-commerce"},"content":{"rendered":"\n<figure class=\"wp-block-image\"><img fetchpriority=\"high\" decoding=\"async\" width=\"840\" height=\"330\" src=\"https:\/\/servsystem.com.br\/erp\/wp-content\/uploads\/2024\/08\/top-ecommerce.png\" alt=\"\" class=\"wp-image-1410\" srcset=\"https:\/\/servsystem.com.br\/erp\/wp-content\/uploads\/2024\/08\/top-ecommerce.png 840w, https:\/\/servsystem.com.br\/erp\/wp-content\/uploads\/2024\/08\/top-ecommerce-300x118.png 300w, https:\/\/servsystem.com.br\/erp\/wp-content\/uploads\/2024\/08\/top-ecommerce-768x302.png 768w, https:\/\/servsystem.com.br\/erp\/wp-content\/uploads\/2024\/08\/top-ecommerce-200x79.png 200w\" sizes=\"(max-width: 840px) 100vw, 840px\" \/><\/figure>\n\n\n\n<p>\n\t\t\t<font face=\"Arial\" size=\"5\" color=\"#0066FF\">\n\t\t\t<b>Conectividade Perfeita<\/b><\/font><\/p>\n\n\n\n<font face=\"Arial\"><span class=\"style10\"> <p><strong>Conex\u00e3o&nbsp;<\/strong>O aplicativo de integra\u00e7\u00e3o&nbsp;<strong>\u201cE-Commerce API\u201d<\/strong>&nbsp;permite estabelecer uma ponta perfeita entre o seu software&nbsp;<strong>Able Business <\/strong>&nbsp;com os maiores marketplaces do mercado.&nbsp;Gerencie seus produtos, estoque e pedidos em um \u00fanico lugar, reduzindo erros e maximizando efici\u00eancia.<\/p>\n\n\n\n<p><strong>Explos\u00e3o nas Vendas Online<\/strong>&nbsp;J\u00e1 imaginou a sua marca brilhando em plataformas de e-commerce de renome? Com a nossa solu\u00e7\u00e3o, voc\u00ea pode listar seus produtos em diversos marketplaces, alcan\u00e7ando uma base de clientes ampla e diversificada.<\/p>\n\n\n\n<p><strong>Visibilidade Aumentada<\/strong>&nbsp;Seja notado por uma audi\u00eancia global. A integra\u00e7\u00e3o com marketplaces n\u00e3o apenas impulsiona suas vendas, mas tamb\u00e9m coloca sua marca na frente de milh\u00f5es de olhos famintos por novidades.<\/p>\n\n\n\n<p><strong>Incentive-se a Crescer Online<\/strong>&nbsp;Se voc\u00ea ainda n\u00e3o explorou o mundo do com\u00e9rcio eletr\u00f4nico, agora \u00e9 a hora! Nossos especialistas est\u00e3o prontos para orient\u00e1-lo, desde a configura\u00e7\u00e3o at\u00e9 a conquista do sucesso no mundo digital.<\/p>\n\n\n\n<p><strong>Mude o Jogo<\/strong>&nbsp;O cen\u00e1rio de vendas est\u00e1 evoluindo constantemente. Aproveite a oportunidade de crescer al\u00e9m das fronteiras tradicionais e posicione-se para o sucesso a longo prazo.<\/p>\n\n\n\n<p><strong>Abra as Portas do Seu Neg\u00f3cio<\/strong>&nbsp;N\u00e3o deixe que limita\u00e7\u00f5es geogr\u00e1ficas limitem suas ambi\u00e7\u00f5es. Junte-se a n\u00f3s para abrir um novo mundo de possibilidades e ampliar o alcance da sua marca.<\/p>\n\n\n\n<p><strong>Confira Nossa Oferta Especial<\/strong>\u00a0Aproveite nossa oferta especial de integra\u00e7\u00e3o Able Business + Marketplace e d\u00ea o primeiro passo para um futuro de crescimento digital. Se voc\u00ea ainda n\u00e3o vende online, n\u00e3o perca a chance de expandir seus horizontes!<\/p>\n\n\n\n<p><strong>Entre em Contato Hoje<\/strong>&nbsp;Entre em contato conosco para obter mais informa\u00e7\u00f5es sobre como nossa solu\u00e7\u00e3o pode revolucionar suas vendas e expandir sua presen\u00e7a online. Estamos prontos para gui\u00e1-lo nessa jornada emocionante!<\/p>\n\n\n\n<p>N\u00e3o espere mais. Conecte-se ao sucesso com a Conex\u00e3o Able Business + Marketplace. Sua jornada de crescimento come\u00e7a agora!<\/p>\n\n\n\n<p style=\"text-align:center\"><strong>Principais Marketplaces<\/strong><\/p>\n\n\n\n<figure class=\"wp-block-image\"><img decoding=\"async\" width=\"840\" height=\"393\" src=\"https:\/\/servsystem.com.br\/erp\/wp-content\/uploads\/2024\/08\/market_places-geral.png\" alt=\"\" class=\"wp-image-1395\" srcset=\"https:\/\/servsystem.com.br\/erp\/wp-content\/uploads\/2024\/08\/market_places-geral.png 840w, https:\/\/servsystem.com.br\/erp\/wp-content\/uploads\/2024\/08\/market_places-geral-300x140.png 300w, https:\/\/servsystem.com.br\/erp\/wp-content\/uploads\/2024\/08\/market_places-geral-768x359.png 768w, https:\/\/servsystem.com.br\/erp\/wp-content\/uploads\/2024\/08\/market_places-geral-200x94.png 200w\" sizes=\"(max-width: 840px) 100vw, 840px\" \/><\/figure>\n\n\n\n<p style=\"text-align:center\"><strong>Parceiros<\/strong><\/p>\n\n\n\n<p><\/p>\n\n\n\n<div class=\"wp-block-image\"><figure class=\"aligncenter is-resized\"><img decoding=\"async\" src=\"https:\/\/servsystem.com.br\/erp\/wp-content\/uploads\/2024\/08\/parceiro-visual-e-commerce-1.png\" alt=\"\" class=\"wp-image-1405\" width=\"292\" height=\"40\" srcset=\"https:\/\/servsystem.com.br\/erp\/wp-content\/uploads\/2024\/08\/parceiro-visual-e-commerce-1.png 380w, https:\/\/servsystem.com.br\/erp\/wp-content\/uploads\/2024\/08\/parceiro-visual-e-commerce-1-300x41.png 300w, https:\/\/servsystem.com.br\/erp\/wp-content\/uploads\/2024\/08\/parceiro-visual-e-commerce-1-200x27.png 200w\" sizes=\"(max-width: 292px) 100vw, 292px\" \/><\/figure><\/div>\n\n\n\n<div class=\"wp-block-image\"><figure class=\"aligncenter is-resized\"><img loading=\"lazy\" decoding=\"async\" src=\"https:\/\/servsystem.com.br\/erp\/wp-content\/uploads\/2024\/08\/parceiro-tray-tra.png\" alt=\"\" class=\"wp-image-1396\" width=\"110\" height=\"49\" srcset=\"https:\/\/servsystem.com.br\/erp\/wp-content\/uploads\/2024\/08\/parceiro-tray-tra.png 336w, https:\/\/servsystem.com.br\/erp\/wp-content\/uploads\/2024\/08\/parceiro-tray-tra-300x134.png 300w, https:\/\/servsystem.com.br\/erp\/wp-content\/uploads\/2024\/08\/parceiro-tray-tra-200x89.png 200w\" sizes=\"(max-width: 110px) 100vw, 110px\" \/><\/figure><\/div>\n","protected":false},"excerpt":{"rendered":"<p>Conectividade Perfeita Conex\u00e3o&nbsp;O aplicativo de integra\u00e7\u00e3o&nbsp;\u201cE-Commerce API\u201d&nbsp;permite estabelecer uma ponta perfeita entre o seu software&nbsp;Able Business &nbsp;com os maiores marketplaces do mercado.&nbsp;Gerencie seus produtos, estoque e pedidos em um \u00fanico lugar, reduzindo erros e maximizando efici\u00eancia. Explos\u00e3o nas Vendas Online&nbsp;J\u00e1 imaginou a sua marca brilhando em plataformas de e-commerce de renome? Com a nossa solu\u00e7\u00e3o, &hellip; <\/p>\n<p class=\"link-more\"><a href=\"https:\/\/servsystem.com.br\/erp\/e-commerce\/\" class=\"more-link\">Continue reading<span class=\"screen-reader-text\"> &#8220;E-commerce&#8221;<\/span><\/a><\/p>\n","protected":false},"author":1,"featured_media":0,"parent":0,"menu_order":0,"comment_status":"closed","ping_status":"closed","template":"","meta":{"footnotes":""},"class_list":["post-1392","page","type-page","status-publish","hentry"],"_links":{"self":[{"href":"https:\/\/servsystem.com.br\/erp\/wp-json\/wp\/v2\/pages\/1392"}],"collection":[{"href":"https:\/\/servsystem.com.br\/erp\/wp-json\/wp\/v2\/pages"}],"about":[{"href":"https:\/\/servsystem.com.br\/erp\/wp-json\/wp\/v2\/types\/page"}],"author":[{"embeddable":true,"href":"https:\/\/servsystem.com.br\/erp\/wp-json\/wp\/v2\/users\/1"}],"replies":[{"embeddable":true,"href":"https:\/\/servsystem.com.br\/erp\/wp-json\/wp\/v2\/comments?post=1392"}],"version-history":[{"count":8,"href":"https:\/\/servsystem.com.br\/erp\/wp-json\/wp\/v2\/pages\/1392\/revisions"}],"predecessor-version":[{"id":1413,"href":"https:\/\/servsystem.com.br\/erp\/wp-json\/wp\/v2\/pages\/1392\/revisions\/1413"}],"wp:attachment":[{"href":"https:\/\/servsystem.com.br\/erp\/wp-json\/wp\/v2\/media?parent=1392"}],"curies":[{"name":"wp","href":"https:\/\/api.w.org\/{rel}","templated":true}]}}