{"id":261,"date":"2019-08-22T10:44:48","date_gmt":"2019-08-22T13:44:48","guid":{"rendered":"https:\/\/servsystem.com.br\/erp\/?page_id=261"},"modified":"2024-06-27T10:31:51","modified_gmt":"2024-06-27T13:31:51","slug":"download","status":"publish","type":"page","link":"https:\/\/servsystem.com.br\/erp\/download\/","title":{"rendered":"Download"},"content":{"rendered":"\n<script>\n  (function(i,s,o,g,r,a,m){i['GoogleAnalyticsObject']=r;i[r]=i[r]||function(){\n  (i[r].q=i[r].q||[]).push(arguments)},i[r].l=1*new Date();a=s.createElement(o),\n  m=s.getElementsByTagName(o)[0];a.async=1;a.src=g;m.parentNode.insertBefore(a,m)\n  })(window,document,'script','https:\/\/www.google-analytics.com\/analytics.js','ga');\n\n  ga('create', 'UA-89780925-1', 'auto');\n  ga('send', 'pageview');\n\n<\/script>\n\n\n\n<tr>\n\t\t<td bgcolor=\"#FFFFFF\" valign=\"top\" height=\"243\">\n\t\t<div align=\"center\">\n\t\t\t<div align=\"center\">\n\t\t\t\t<table border=\"0\" width=\"48%\">\n\t\t\t\t\t<tr>\n\t\t\t\t\t\t<td>\n\t\t\t\t\t\t<p class=\"texto2 style8 style6\" style=\"margin-top: 0; margin-bottom: 0\" align=\"center\">\n\t\t\t\t\t\t<span class=\"style1\"><b>\n\t\t\t\t\t\t<font face=\"Arial\" size=\"5\" color=\"#FF0000\">DOWNLOAD<\/font><\/b><\/span><\/p>\n\t\t\t\t\t<tr>\n\t\t\t\t\t\t<td bordercolorlight=\"#FF0000\">\n\t\t\t\t\t\t<font face=\"Arial\"><b><span class=\"style1\">\n\t\t\t\t\t\t<font \n\n\ncolor=\"#FF0000\">ALERTA<\/font><font size=\"2\">:<\/font><\/span><font size=\"2\"> Os j\u00e1 usu\u00e1rios deste software N\u00c3O dever\u00e3o fazer download de vers\u00f5es de demonstra\u00e7\u00e3o do software, pois ao instal\u00e1-lo poder\u00e1 ter conflito de vers\u00f5es.<\/font><\/b><\/font><tr>\n\t\t\t\t\t\t<td>\n\t\t\t\t\t\t<p style=\"margin-top: 0; margin-bottom: 0\" align=\"left\">\n\t\t\t\t\t\t<font face=\"Arial\" size=\"2\">As informa\u00e7\u00f5es abaixo s\u00e3o necess\u00e1rias para que possamos dar um melhor atendimento \n\t\t\t\t\t\t\u00e0 sua empresa, portanto, solicitamos o preenchimento do \n\t\t\t\t\t\tm\u00e1ximo de informa\u00e7\u00f5es.<br>\n\t\t\t\t\t\t<br>\n\t\t\t\t\t\t<\/font><b>\n<p style=\"margin:0 30px; \" align=\"center\">\n       <span class=\"style9\"> \n\t\t\t\t\t\t<font color=\"#0000FF\" face=\"Arial\">Ap\u00f3s o envio deste \n\t\t\t\t\t\tformul\u00e1rio, voc\u00ea receber\u00e1 em seu e-mail\n\t\t\t\t\t\tum link para que voc\u00ea efetue o download do \n\t\t\t\t\t\tsoftware.<\/font><\/span><\/b><\/p><p style=\"margin:0 30px; \" align=\"center\">\n\t\t\t\t\t\t<span class=\"style9\"><b>\n\t\t\t\t\t\t<font face=\"Arial\" color=\"#0000FF\" size=\"2\">(Verifique \n\t\t\t\t\t\ttamb\u00e9m em SPAM ou lixo eletr\u00f4nico, pois por conter link, \n\t\t\t\t\t\tdependendo <\/font><\/b><\/span>\n\t\t\t\t\t\t<p style=\"margin:0 30px; \" align=\"center\">\n\t\t\t\t\t\t<span class=\"style9\"><b>\n\t\t\t\t\t\t<font face=\"Arial\" color=\"#0000FF\" size=\"2\">do provedor \n\t\t\t\t\t\tde e-mails, o e-mail \u00e9 considerado perigoso)<\/font><\/b><\/span><\/table>\n                       <p style=\"margin-top: 0; margin-bottom: 0\"><font size=\"1\">&nbsp; <\/font><\/div>\n\n\t\t\t<table border=\"0\" width=\"43%\" bordercolor=\"#3399FF\" cellspacing=\"1\" bordercolordark=\"#FFFFFF\" bgcolor=\"#99CCFF\">\n\t\t\t\t<tr>\n\t\t\t\t\t<td>\n\n\n\n\n\n                         <FORM ACTION=\"https:\/\/www.servsystem.com.br\/apps\/erp\/formERP.php\" METHOD=\"POST\" class=\"texto2\" onSubmit=\"return valida_form();\" language=\"JavaScript\">\n\t\t\t\t\t\t \t<input type=\"hidden\" name=\"Destino\" value=\"Download\" \/>\n                           \t<font face=\"Arial\"> \n               <smal><FONT\n\t\t\t\t  COLOR=\"#FF0000\"><b>*<\/b> <\/FONT><span lang=\"pt-br\">\n\t\t\t\t<font size=\"2\">Campos<b> <\/b>\n\t\t\t\tobrigat\u00f3rios<\/font><\/span><\/smal>\n               <smal><\/smal>\n             \t<\/font>\n\t\t\t\t\t\t\t<table border=\"0\" width=\"67%\">\n\t\t\t\t\t\t\t\t<tr>\n\t\t\t\t\t\t\t\t\t<td width=\"113\">&nbsp;<\/td>\n\t\t\t\t\t\t\t\t\t<td bgcolor=\"#3399FF\"><p style=\"margin-top: 0; margin-bottom: 0\"><B> <FONT color=\"#FFFFFF\" face=\"Arial\" size=\"2\">\n\t\t\t\t\t\t\t\t\tDADOS DA EMPRESA<\/FONT><\/B> <\/td>\n\t\t\t\t\t\t\t\t<\/tr>\n\t\t\t\t\t\t\t\t<tr>\n\t\t\t\t\t\t\t\t\t<td width=\"113\"><p style=\"margin-top: 0; margin-bottom: 0\"> \n\t\t\t\t\t\t\t\t<font face=\"Arial\" size=\"2\">\n                                 <SMAl>Empresa<FONT COLOR=\"#FF0000\">*<\/FONT><\/SMAl>\n                               <\/font><\/td>\n\t\t\t\t\t\t\t\t\t<td>\n                                 <smal> <font face=\"Arial\">\n\t\t\t\t\t\t\t\t\t<!--webbot bot=\"Validation\" i-minimum-length=\"1\" i-maximum-length=\"45\" --><INPUT TYPE=\"text\" NAME=\"Empresa*\" id=\"empresa\" SIZE=\"48\" MAXLENGHT=\"50\" TABINDEX=\"1\" MAXLENGTH=\"45\"><\/font><\/smal><\/td>\n\t\t\t\t\t\t\t\t<\/tr>\n\t\t\t\t\t\t\t\t<tr>\n\t\t\t\t\t\t\t\t\t<td width=\"113\"><p style=\"margin-top: 0; margin-bottom: 0\"> \n\t\t\t\t\t\t\t\t<font face=\"Arial\" size=\"2\">\n                                 <SMAl>Nome fantasia<\/SMAl>\n                               <\/font><\/td>\n\t\t\t\t\t\t\t\t\t<td>\n                                 <SMAl> <font face=\"Arial\">\n                                     <INPUT TYPE=\"text\" NAME=\"Apelido\" SIZE=\"30\" MAXLENGHT=\"50\" TABINDEX=\"2\"><\/font><\/SMAl><\/td>\n\t\t\t\t\t\t\t\t<\/tr>\n\t\t\t\t\t\t\t\t<tr>\n\t\t\t\t\t\t\t\t\t<td width=\"113\"><font face=\"Arial\"><smal><font size=\"2\">Website<\/font><\/smal>\n                               <\/font><\/td>\n\t\t\t\t\t\t\t\t\t<td>\n                                 <SMAl><font face=\"Arial\">\n\t\t\t\t\t\t\t\t\t<!--webbot bot=\"Validation\" i-minimum-length=\"1\" i-maximum-length=\"40\" --><INPUT TYPE=\"text\"  NAME=\"Web\" SIZE=\"48\" MAXLENGHT=\"35\" MAXLENGTH=\"40\" tabindex=\"3\"><\/font><\/SMAl><\/td>\n\t\t\t\t\t\t\t\t<\/tr>\n\t\t\t\t\t\t\t\t<tr>\n\t\t\t\t\t\t\t\t\t<td width=\"113\"> \n\t\t\t\t\t\t\t\t<font face=\"Arial\" size=\"2\">\n                                 <SMAl>Telefone Fixo<FONT COLOR=\"#FF0000\">*<\/FONT><\/SMAl><\/font><\/td>\n\t\t\t\t\t\t\t\t\t<td>\n                                 <SMAl> <font face=\"Arial\">\n                                     <!--webbot bot=\"Validation\" i-minimum-length=\"1\" i-maximum-length=\"25\" --><INPUT TYPE=\"text\"  NAME=\"Telefone*\" id=\"telefone\" SIZE=\"30\" MAXLENGHT=\"25\" MAXLENGTH=\"25\" tabindex=\"4\"><\/font><\/SMAl><\/td>\n\t\t\t\t\t\t\t\t<\/tr>\n\t\t\t\t\t\t\t\t<tr>\n\t\t\t\t\t\t\t\t\t<td width=\"113\">&nbsp;<\/td>\n\t\t\t\t\t\t\t\t\t<td bgcolor=\"#3399FF\"><p style=\"margin-top: 0; margin-bottom: 0\"><B> <FONT color=\"#FFFFFF\" face=\"Arial\" size=\"2\">PESSOA\n                                 PARA CONTATO<\/FONT><\/B><\/td>\n\t\t\t\t\t\t\t\t<\/tr>\n\t\t\t\t\t\t\t\t<tr>\n\t\t\t\t\t\t\t\t\t<td width=\"113\"><p style=\"margin-top: 0; margin-bottom: 0\"> \n\t\t\t\t\t\t\t\t<font face=\"Arial\" size=\"2\">\n                                 <SMAl>Nome<FONT COLOR=\"#FF0000\">*<\/FONT><\/SMAl>\n                               <\/font><\/td>\n\t\t\t\t\t\t\t\t\t<td> <font face=\"Arial\">\n\t\t\t\t\t\t\t\t\t<!--webbot bot=\"Validation\" i-minimum-length=\"1\" i-maximum-length=\"45\" --><INPUT TYPE=\"text\" NAME=\"Nome*\" id=\"nome\" SIZE=\"48\"\n\t\t\t\t  MAXLENGHT=\"50\" MAXLENGTH=\"45\" tabindex=\"5\"><\/font><\/td>\n\t\t\t\t\t\t\t\t<\/tr>\n\t\t\t\t\t\t\t\t<tr>\n\t\t\t\t\t\t\t\t\t<td width=\"113\"> <font face=\"Arial\">\n                                 <SMAl><font size=\"2\">Fun&ccedil;&atilde;o<\/font><\/SMAl>\n                               <\/font><\/td>\n\t\t\t\t\t\t\t\t\t<td> <font face=\"Arial\">\n\t\t\t\t\t\t\t\t\t<!--webbot bot=\"Validation\" i-minimum-length=\"1\" i-maximum-length=\"45\" --><INPUT TYPE=\"text\"\n\t\t\t\t  NAME=\"Funcao\" SIZE=\"30\" MAXLENGHT=\"35\" MAXLENGTH=\"45\" tabindex=\"6\"><\/font><\/td>\n\t\t\t\t\t\t\t\t<\/tr>\n\t\t\t\t\t\t\t\t<tr>\n\t\t\t\t\t\t\t\t\t<td width=\"113\"><p style=\"margin-top: 0; margin-bottom: 0\"> \n\t\t\t\t\t\t\t\t<font face=\"Arial\" size=\"2\">\n                                 <SMAl>E-mail<FONT COLOR=\"#FF0000\">*<\/FONT><\/SMAl>\n                               <\/font><\/td>\n\t\t\t\t\t\t\t\t\t<td><font face=\"Arial\">\n\t\t\t\t\t\t\t\t\t<!--webbot bot=\"Validation\" i-minimum-length=\"1\" i-maximum-length=\"45\" --><INPUT TYPE=\"text\" NAME=\"Email\" id=\"email\"\n\t\t\t\t  SIZE=\"48\" MAXLENGHT=\"50\" MAXLENGTH=\"45\" tabindex=\"7\"><\/font><\/td>\n\t\t\t\t\t\t\t\t<\/tr>\n\t\t\t\t\t\t\t\t<tr>\n\t\t\t\t\t\t\t\t\t<td width=\"113\"><p style=\"margin-top: 0; margin-bottom: 0\"> \n\t\t\t\t\t\t\t\t<font face=\"Arial\" size=\"2\">Celular<\/font><font face=\"Arial\">\n                                 <\/font><\/td>\n\t\t\t\t\t\t\t\t\t<td> <font face=\"Arial\">\n\t\t\t\t\t\t\t\t\t<!--webbot bot=\"Validation\" i-minimum-length=\"1\" i-maximum-length=\"45\" --><INPUT TYPE=\"text\"\n\t\t\t\t  NAME=\"Celular\" SIZE=\"30\" MAXLENGHT=\"35\" MAXLENGTH=\"45\" tabindex=\"8\"><\/font><\/td>\n\t\t\t\t\t\t\t\t<\/tr>\n\t\t\t\t\t\t\t\t<tr>\n\t\t\t\t\t\t\t\t\t<td width=\"113\">\n\t\t\t\t\t\t\t\t<p style=\"margin-top: 0; margin-bottom: 0\"> \n\t\t\t\t\t\t\t\t&nbsp;<\/td>\n\t\t\t\t\t\t\t\t\t<td> \n\t\t\t\t\t\t\t\t<font face=\"Arial\" size=\"2\">\n                                 <SMAl>Sua\n                                   empresa &eacute; uma?<\/SMAl>\n                               <\/font><\/td>\n\t\t\t\t\t\t\t\t<\/tr>\n\t\t\t\t\t\t\t\t<tr>\n\t\t\t\t\t\t\t\t\t<td width=\"113\">&nbsp;<\/td>\n\t\t\t\t\t\t\t\t\t<td><p style=\"margin-top: 0; margin-bottom: 0\"> <font face=\"Arial\">\n                                   <INPUT TYPE=\"checkbox\" NAME=\"INDUSTRIA\" VALUE=\"Sim\"\n\t\t\t\t  FACE=\"Arial\" tabindex=\"9\">\n                                   <font size=\"2\"> Ind&uacute;stria<\/font><\/font><\/td>\n\t\t\t\t\t\t\t\t<\/tr>\n\t\t\t\t\t\t\t\t<tr>\n\t\t\t\t\t\t\t\t\t<td width=\"113\">&nbsp;<\/td>\n\t\t\t\t\t\t\t\t\t<td><p style=\"margin-top: 0; margin-bottom: 0\"> <font face=\"Arial\">\n                                   <INPUT TYPE=\"checkbox\" NAME=\"DISTRIBUIDORA\" VALUE=\"Sim\"\n\t\t\t\t  FACE=\"Arial\" tabindex=\"10\">\n                                   <font size=\"2\">Distribuidora<\/font><\/font><\/td>\n\t\t\t\t\t\t\t\t<\/tr>\n\t\t\t\t\t\t\t\t<tr>\n\t\t\t\t\t\t\t\t\t<td width=\"113\">&nbsp;<\/td>\n\t\t\t\t\t\t\t\t\t<td><font face=\"Arial\">\n                                 <INPUT TYPE=\"checkbox\" NAME=\"INDUSTRIAeSERV\" VALUE=\"Sim\"\n\t\t\t\t  FACE=\"Arial\" tabindex=\"11\">\n                                 <\/font><font size=\"2\" face=\"Arial\"><span lang=\"pt-br\">I<\/span>nd&uacute;stria \n                                   c\/<span lang=\"pt-br\"> <\/span>servi&ccedil;o de \n                                   beneficiamento<\/font><\/td>\n\t\t\t\t\t\t\t\t<\/tr>\n\t\t\t\t\t\t\t\t<tr>\n\t\t\t\t\t\t\t\t\t<td width=\"113\">&nbsp;<\/td>\n\t\t\t\t\t\t\t\t\t<td><font face=\"Arial\">\n                                 <INPUT TYPE=\"checkbox\" NAME=\"SERV_PREF\" VALUE=\"Sim\"\n\t\t\t\t  FACE=\"Arial\" tabindex=\"12\">\n                               <\/font><font size=\"2\" face=\"Arial\">Servi&ccedil;os &quot;Prefeitura&quot;<\/font><\/td>\n\t\t\t\t\t\t\t\t<\/tr>\n\t\t\t\t\t\t\t\t<tr>\n\t\t\t\t\t\t\t\t\t<td width=\"113\">&nbsp;<\/td>\n\t\t\t\t\t\t\t\t\t<td><p style=\"margin-top: 0; margin-bottom: 0\"> <font face=\"Arial\">\n                                   <INPUT TYPE=\"checkbox\" NAME=\"SERV_OUTROS\" VALUE=\"Sim\"\n\t\t\t\t  FACE=\"Arial\" tabindex=\"13\">\n                                   <font size=\"2\"> Outros<\/font><\/font><\/td>\n\t\t\t\t\t\t\t\t<\/tr>\n\t\t\t\t\t\t\t\t<tr>\n\t\t\t\t\t\t\t\t\t<td width=\"113\">&nbsp;<\/td>\n\t\t\t\t\t\t\t\t\t<td>\n                           \t<p style=\"margin-top: 0; margin-bottom: 0\">\n\t\t\t\t\t\t\t<font face=\"Arial\" size=\"2\">\n                                 <smal>Descreva\n                                   as principais atividades e produtos\n                                   da sua empresa:<\/smal>\n                               <\/font><\/p>\n                           \t\t\t<\/td>\n\t\t\t\t\t\t\t\t<\/tr>\n\t\t\t\t\t\t\t\t<tr>\n\t\t\t\t\t\t\t\t\t<td width=\"113\">&nbsp;<\/td>\n\t\t\t\t\t\t\t\t\t<td> <font face=\"Arial\"> \n\t\t\t\t\t\t\t\t\t<TEXTAREA NAME=\"DESCRICAO\" ROWS=\"5\" COLS=\"43\" tabindex=\"14\"><\/TEXTAREA><\/font><\/td>\n\t\t\t\t\t\t\t\t<\/tr>\n\t\t\t\t\t\t\t\t<tr>\n\t\t\t\t\t\t\t\t\t<td width=\"113\">&nbsp;<\/td>\n\t\t\t\t\t\t\t\t\t<td> \n\t\t\t\t\t\t\t\t<font size=\"2\" face=\"Arial\">J&aacute; houve\n                                 contato com um de nossos representantes?&nbsp;&nbsp;<\/font><\/td>\n\t\t\t\t\t\t\t\t<\/tr>\n\t\t\t\t\t\t\t\t<tr>\n\t\t\t\t\t\t\t\t\t<td width=\"113\">&nbsp;<\/td>\n\t\t\t\t\t\t\t\t\t<td><font face=\"Arial\">\n                                         <input type=\"radio\" value=\"RSim\" name=\"Revenda\" tabindex=\"15\">\n                                         <font size=\"2\"> Sim&nbsp;&nbsp; <\/font>\n                                         <input type=\"radio\" value=\"RNao\" name=\"Revenda\">\n                                         <font size=\"2\"> N&atilde;o<\/font><\/font><\/td>\n\t\t\t\t\t\t\t\t<\/tr>\n\t\t\t\t\t\t\t\t<tr>\n\t\t\t\t\t\t\t\t\t<td width=\"113\">&nbsp;<\/td>\n\t\t\t\t\t\t\t\t\t<td><font size=\"2\" face=\"Arial\">Nome\n                                 do representante&nbsp;&nbsp;&nbsp;&nbsp; <\/font><font face=\"Arial\">\n\t\t\t\t\t\t\t\t\t<!--webbot bot=\"Validation\" i-minimum-length=\"1\" i-maximum-length=\"45\" --><INPUT TYPE=\"text\"\n\t\t\t\t  NAME=\"Representante\" SIZE=\"30\" MAXLENGHT=\"35\" MAXLENGTH=\"45\" tabindex=\"16\"><\/font><\/td>\n\t\t\t\t\t\t\t\t<\/tr>\n\t\t\t\t\t\t\t\t<tr>\n\t\t\t\t\t\t\t\t\t<td width=\"113\">&nbsp;<\/td>\n\t\t\t\t\t\t\t\t\t<td>\n                           <p style=\"margin-top: 0; margin-bottom: 0\"> \n\t\t\t\t\t\t\t<font face=\"Arial\" size=\"2\">\n                             <smal><b>Eu gostaria de:<\/b><\/smal>\n                             <\/font> <\/p>\n                           \t\t\t<\/td>\n\t\t\t\t\t\t\t\t<\/tr>\n\t\t\t\t\t\t\t\t<tr>\n\t\t\t\t\t\t\t\t\t<td width=\"113\">&nbsp;<\/td>\n\t\t\t\t\t\t\t\t\t<td> <font face=\"Arial\">\n                                   <INPUT TYPE=\"checkbox\" NAME=\"TELEFONEMA\" VALUE=\"Sim\"\n\t\t\t\t  FACE=\"Arial\" tabindex=\"17\">\n                                   <font size=\"2\"> Receber contato de um representante<\/font><\/font><\/td>\n\t\t\t\t\t\t\t\t<\/tr>\n\t\t\t\t\t\t\t\t<tr>\n\t\t\t\t\t\t\t\t\t<td width=\"113\">&nbsp;<\/td>\n\t\t\t\t\t\t\t\t\t<td>\n                           <p style=\"margin-top: 0; margin-bottom: 0\"> <b> \n\t\t\t\t\t\t\t<font face=\"Arial\" size=\"2\"> Como tomou conhecimento \n                                 dos nossos softwares?<\/font><\/b><\/p>\n                           \t\t\t<\/td>\n\t\t\t\t\t\t\t\t<\/tr>\n\t\t\t\t\t\t\t\t<tr>\n\t\t\t\t\t\t\t\t\t<td width=\"113\">&nbsp;<\/td>\n\t\t\t\t\t\t\t\t\t<td><font face=\"Arial\">\n                                 <input type=\"radio\" name=\"Midia\" value=\"Google\" tabindex=\"18\">\n                                 <font size=\"2\"> Google<\/font><\/font><\/td>\n\t\t\t\t\t\t\t\t<\/tr>\n\t\t\t\t\t\t\t\t<tr>\n\t\t\t\t\t\t\t\t\t<td width=\"113\">&nbsp;<\/td>\n\t\t\t\t\t\t\t\t\t<td><font face=\"Arial\">\n                                 <input type=\"radio\" name=\"Midia\" value=\"Revista\">\n                                 <font size=\"2\"> Revista<\/font><\/font><\/td>\n\t\t\t\t\t\t\t\t<\/tr>\n\t\t\t\t\t\t\t\t<tr>\n\t\t\t\t\t\t\t\t\t<td width=\"113\">&nbsp;<\/td>\n\t\t\t\t\t\t\t\t\t<td><font face=\"Arial\">\n                                 <input type=\"radio\" name=\"Midia\" value=\"Internet\">\n                                 <font size=\"2\">Banner na internet<\/font><\/font><\/td>\n\t\t\t\t\t\t\t\t<\/tr>\n\t\t\t\t\t\t\t\t<tr>\n\t\t\t\t\t\t\t\t\t<td width=\"113\">&nbsp;<\/td>\n\t\t\t\t\t\t\t\t\t<td><font face=\"Arial\">\n                                 <input type=\"radio\" name=\"Midia\" value=\"Contador\">\n                                 <font size=\"2\"> Indica&ccedil;&atilde;o <\/font><\/font><\/td>\n\t\t\t\t\t\t\t\t<\/tr>\n\t\t\t\t\t\t\t\t<tr>\n\t\t\t\t\t\t\t\t\t<td width=\"113\">&nbsp;<\/td>\n\t\t\t\t\t\t\t\t\t<td><font size=\"2\" face=\"Arial\"> Quem?:&nbsp;\n                                   <input type=\"text\" name=\"Contador\" size=\"37\" tabindex=\"19\"><\/font><\/td>\n\t\t\t\t\t\t\t\t<\/tr>\n\t\t\t\t\t\t\t\t<tr>\n\t\t\t\t\t\t\t\t\t<td width=\"113\">&nbsp;<\/td>\n\t\t\t\t\t\t\t\t\t<td> \n\t\t\t\t\t\t\t\t<b><font face=\"Arial\" size=\"2\">Eu quero fazer \n\t\t\t\t\t\t\t\tdownload dos seguintes programas:<\/font><\/b><\/td>\n\t\t\t\t\t\t\t\t<\/tr>\n\t\t\t\t\t\t\t\t<tr>\n\t\t\t\t\t\t\t\t\t<td width=\"113\">&nbsp;<\/td>\n\t\t\t\t\t\t\t\t\t<td> \n\t\t\t\t\t\t\t\t<font face=\"Arial\">\n                                   <INPUT TYPE=\"checkbox\" NAME=\"Able_Business\" VALUE=\"Sim\"\n\t\t\t\t  FACE=\"Arial\" tabindex=\"17\"> <font size=\"2\">\n\t\t\t\t\t\t\t\t<font color=\"#008000\"><b>Able Business<\/b><\/font> \n\t\t\t\t\t\t\t\t&#8211; Gest\u00e3o Empresarial<\/font><\/font><\/td>\n\t\t\t\t\t\t\t\t<\/tr>\n\t\t\t\t\t\t\t\t<tr>\n\t\t\t\t\t\t\t\t\t<td width=\"113\">&nbsp;<\/td>\n\t\t\t\t\t\t\t\t\t<td> \n\t\t\t\t\t\t\t\t<font face=\"Arial\">\n                                   <INPUT TYPE=\"checkbox\" NAME=\"Able_Bank\" VALUE=\"Sim\"\n\t\t\t\t  FACE=\"Arial\" tabindex=\"17\">\n                                   <font size=\"2\"><font color=\"#FF0000\"><b>Able \n\t\t\t\t\t\t\t\tBank <\/b><\/font>&#8211; Bancos Cont\u00e1bil <\/font><\/font><\/td>\n\t\t\t\t\t\t\t\t<\/tr>\n\t\t\t\t\t\t\t\t<tr>\n\t\t\t\t\t\t\t\t\t<td width=\"113\">&nbsp;<\/td>\n\t\t\t\t\t\t\t\t\t<td> \n\t\t\t\t\t\t\t\t<font face=\"Arial\">\n\n\n<INPUT name=\"enviar\" TYPE=\"submit\"\n\tVALUE=\"Enviar\" tabindex=\"20\">&nbsp;&nbsp;&nbsp;&nbsp;\n                                         \n<INPUT name=\"reset\" TYPE=\"reset\" VALUE=\"Limpar\" tabindex=\"22\"><\/font><\/td>\n\t\t\t\t\t\t\t\t<\/tr>\n\t\t\t\t\t\t\t<\/table>\n\t\t\t\t\t\t\t\n\t\t\t\t\t\t<\/table>\n\n                      \n          <\/div>\n\t\t\t \t<input type=\"hidden\" name=\"Destino\" value=\"Download\" \/>\n       <\/FORM>\n  \n                      \n                      \n                         \n <script type=\"text\/javascript\"> function valida_form() {\n\tempresa = document.getElementById(\"empresa\").value;\n\ttelefone = document.getElementById(\"telefone\").value;\n\tnome = document.getElementById(\"nome\").value;\n\temail = document.getElementById(\"email\").value;\n\t\n\t\n\tif (empresa == \"\") \n\t{ \t\talert(\"Os campos marcados com (*) s\u00e3o de preenchimento obrigat\u00f3rio!\");\n\t\treturn false; }\n\t\t\n\t\n\tif (nome == \"\") \n\t{ \t\talert(\"Os campos marcados com (*) s\u00e3o de preenchimento obrigat\u00f3rio!\");\n\t\treturn false; }\n\t\n\tif (telefone == \"\") \n\t{ \t\talert(\"Os campos marcados com (*) s\u00e3o de preenchimento obrigat\u00f3rio!\");\n\t\treturn false; }\n\t\t\n\tif (email == \"\") \n\t{ \t\talert(\"Os campos marcados com (*) s\u00e3o de preenchimento obrigat\u00f3rio!\");\n\t\treturn false; }\n\t\t\t\n\t\t\t\n\treturn true;\n}\n            <\/script>                     <\/TD>\n                   <\/TR>\n                 <\/TABLE>\n\n\t\t\t\t\t<\/td>\n\t\t\t\t<\/tr>\n\t\t\t<\/table>\n\t\t<\/div>\n\t\t<\/td>\n\t\t<\/tr>\n\t\t\t<\/table>\n\t\t\t<\/td>\n\t\t<\/tr>\n\t<\/table>\n<\/div>\n\n\n\n<p> <\/p>\n","protected":false},"excerpt":{"rendered":"<p>DOWNLOAD ALERTA: Os j\u00e1 usu\u00e1rios deste software N\u00c3O dever\u00e3o fazer download de vers\u00f5es de demonstra\u00e7\u00e3o do software, pois ao instal\u00e1-lo poder\u00e1 ter conflito de vers\u00f5es. As informa\u00e7\u00f5es abaixo s\u00e3o necess\u00e1rias para que possamos dar um melhor atendimento \u00e0 sua empresa, portanto, solicitamos o preenchimento do m\u00e1ximo de informa\u00e7\u00f5es. Ap\u00f3s o envio deste formul\u00e1rio, voc\u00ea receber\u00e1 &hellip; <\/p>\n<p class=\"link-more\"><a href=\"https:\/\/servsystem.com.br\/erp\/download\/\" class=\"more-link\">Continue reading<span class=\"screen-reader-text\"> &#8220;Download&#8221;<\/span><\/a><\/p>\n","protected":false},"author":1,"featured_media":0,"parent":0,"menu_order":0,"comment_status":"closed","ping_status":"closed","template":"full-width.php","meta":{"footnotes":""},"class_list":["post-261","page","type-page","status-publish","hentry"],"_links":{"self":[{"href":"https:\/\/servsystem.com.br\/erp\/wp-json\/wp\/v2\/pages\/261"}],"collection":[{"href":"https:\/\/servsystem.com.br\/erp\/wp-json\/wp\/v2\/pages"}],"about":[{"href":"https:\/\/servsystem.com.br\/erp\/wp-json\/wp\/v2\/types\/page"}],"author":[{"embeddable":true,"href":"https:\/\/servsystem.com.br\/erp\/wp-json\/wp\/v2\/users\/1"}],"replies":[{"embeddable":true,"href":"https:\/\/servsystem.com.br\/erp\/wp-json\/wp\/v2\/comments?post=261"}],"version-history":[{"count":34,"href":"https:\/\/servsystem.com.br\/erp\/wp-json\/wp\/v2\/pages\/261\/revisions"}],"predecessor-version":[{"id":1352,"href":"https:\/\/servsystem.com.br\/erp\/wp-json\/wp\/v2\/pages\/261\/revisions\/1352"}],"wp:attachment":[{"href":"https:\/\/servsystem.com.br\/erp\/wp-json\/wp\/v2\/media?parent=261"}],"curies":[{"name":"wp","href":"https:\/\/api.w.org\/{rel}","templated":true}]}}