{"id":365,"date":"2019-08-27T10:57:20","date_gmt":"2019-08-27T13:57:20","guid":{"rendered":"https:\/\/servsystem.com.br\/erp\/?page_id=365"},"modified":"2024-06-27T10:29:16","modified_gmt":"2024-06-27T13:29:16","slug":"contadores","status":"publish","type":"page","link":"https:\/\/servsystem.com.br\/erp\/contadores\/","title":{"rendered":"Contadores\/Parceiros"},"content":{"rendered":"\n<script>\n  (function(i,s,o,g,r,a,m){i['GoogleAnalyticsObject']=r;i[r]=i[r]||function(){\n  (i[r].q=i[r].q||[]).push(arguments)},i[r].l=1*new Date();a=s.createElement(o),\n  m=s.getElementsByTagName(o)[0];a.async=1;a.src=g;m.parentNode.insertBefore(a,m)\n  })(window,document,'script','https:\/\/www.google-analytics.com\/analytics.js','ga');\n\n  ga('create', 'UA-89780925-1', 'auto');\n  ga('send', 'pageview');\n\n<\/script>\n\n\n\n<table width=\"960\" border=\"0\" align=\"center\" cellpadding=\"0\" cellspacing=\"0\" bgcolor=\"#ffffff\">\n  <tr>\n  <\/tr>\n\n\n\t\t<tr>\n\t\t\t<td>\n\t\t\t\t\t<p class=\"MsoNormal\" style=\"margin-top: 0; margin-bottom: 0\" align=\"justify\">\n\t\t\t\t\t<span style=\"font-family: Arial; color: #17365D; font-weight: 700\">\n\t\t\t\t\t<font size=\"4\">Estamos credenciando novos parceiros \n\t\t\t\t\tcomerciais em todo o territ\u00f3rio nacional.<\/font><\/span><\/p>\n\t\t\t\t\t<p class=\"MsoNormal\" style=\"margin-top: 0; margin-bottom: 0\" align=\"justify\">\n\t\t\t\t\t<span style=\"font-family: Arial\">&nbsp;<\/span><\/p>\n\t\t\t\t\t<p class=\"MsoNormal\" style=\"margin-top: 0; margin-bottom: 0\" align=\"justify\">\n\t\t\t\t\t<span style=\"font-family: Arial\">Este programa de parceria \u00e9 \n\t\t\t\t\tvoltado para quem tem interesse em trabalhar em conjunto com \n\t\t\t\t\tuma das <\/span>\n\t\t\t\t\t<font face=\"Arial\">melhores produtoras de softwares de \n\t\t\t\t\tGest\u00e3o Empresarial.<\/font><\/p>\n\t\t\t\t\t<p class=\"MsoNormal\" style=\"margin-top: 0; margin-bottom: 0\" align=\"justify\">\n\t\t\t\t\t&nbsp;<\/p>\n\t\t\t\t\t<p class=\"MsoNormal\" style=\"margin-top: 0; margin-bottom: 0\" align=\"justify\">\n\t\t\t\t\t<span style=\"font-family: Arial\"><i>Alguns exemplos de \n\t\t\t\t\tempresas parceiras:<\/i> <\/span><\/p>\n\t\t\t\t\t<ul>\n\t\t\t\t\t\t<li>\n\t\t\t\t\t\t<p class=\"MsoNormal\" style=\"margin-top: 0; margin-bottom: 0\" align=\"justify\">\n\t\t\t\t\t\t<span style=\"font-family: Arial\"><b>Escrit\u00f3rios de \n\t\t\t\t\t\tcontabilidade,<\/b><\/span><\/p><\/li>\n\t\t\t\t\t\t<li>\n\t\t\t\t\t\t<p class=\"MsoNormal\" style=\"margin-top: 0; margin-bottom: 0\" align=\"justify\">\n\t\t\t\t\t\t<span style=\"font-family: Arial\"><b>\n\t\t\t\t\t\tPrestadores de servi\u00e7os em TI,<\/b><\/span><\/p>\n\t\t\t\t\t\t<\/li>\n\t\t\t\t\t\t<li>\n\t\t\t\t\t\t<p class=\"MsoNormal\" style=\"margin-top: 0; margin-bottom: 0\" align=\"justify\">\n\t\t\t\t\t\t<span style=\"font-family: Arial\"><b>Assessoria e \n\t\t\t\t\t\tconsultoria em gest\u00e3o empresarial,<\/b><\/span><\/p><\/li>\n\t\t\t\t\t\t<li>\n\t\t\t\t\t\t<p class=\"MsoNormal\" style=\"margin-top: 0; margin-bottom: 0\" align=\"justify\">\n\t\t\t\t\t\t<b><span style=\"font-family: Arial\">\n\t\t\t\t\t\tDesenvolvedores em e-commerce,<\/span><\/b><\/p>\n\t\t\t\t\t\t<\/li>\n\t\t\t\t\t\t<li>\n\t\t\t\t\t\t<p class=\"MsoNormal\" style=\"margin-top: 0; margin-bottom: 0\" align=\"justify\">\n\t\t\t\t\t\t<span style=\"font-family: Arial\"><b>Com\u00e9rcio de \n\t\t\t\t\t\tequipamentos de inform\u00e1tica,<\/b><\/span><\/p>\n\t\t\t\t\t\t<\/li>\n\t\t\t\t\t\t<li>\n\t\t\t\t\t\t<p class=\"MsoNormal\" style=\"margin-top: 0; margin-bottom: 0\" align=\"justify\">\n\t\t\t\t\t\t<b><span style=\"font-family: Arial\">\n\t\t\t\t\t\tEspecialistas em solu\u00e7\u00f5es de ERP,<\/span><\/b><\/p>\n\t\t\t\t\t\t<\/li>\n\t\t\t\t\t\t<li>\n\t\t\t\t\t\t<p class=\"MsoNormal\" style=\"margin-top: 0; margin-bottom: 0\" align=\"justify\">\n\t\t\t\t\t\t<b><span style=\"font-family: Arial\">e<\/span><\/b><span style=\"font-family: Arial\"><b>tc..<\/b><\/span><\/p>\n\t\t\t\t\t\t<\/li>\n\t\t\t\t\t<\/ul>\n\t\t\t\t\t<p class=\"MsoNormal\" style=\"margin-top: 0; margin-bottom: 0\" align=\"justify\">\n\t\t\t\t\t<span style=\"font-family: Arial; font-style: italic\">\n\t\t\t\t\tAlgumas das vantagens: <\/span><\/p>\n\t\t\t\t\t<ul>\n\t\t\t\t\t\t<li>\n\t\t\t\t\t\t<p class=\"MsoNormal\" style=\"margin-top: 0; margin-bottom: 0\" align=\"justify\">\n\t\t\t\t\t\t<span style=\"font-family: Arial; font-weight: 700\">\n\t\t\t\t\t\tAmplia\u00e7\u00e3o do portf\u00f3lio de produtos ofertados aos seus \n\t\t\t\t\t\tclientes, <\/span><\/p><\/li>\n\t\t\t\t\t\t<li>\n\t\t\t\t\t\t<p class=\"MsoNormal\" style=\"margin-top: 0; margin-bottom: 0\" align=\"justify\">\n\t\t\t\t\t\t<span style=\"font-family: Arial; font-weight: 700\">\n\t\t\t\t\t\tPossibilidade de conquistar novos clientes,<\/span><\/p>\n\t\t\t\t\t\t<\/li>\n\t\t\t\t\t\t<li>\n\t\t\t\t\t\t<p class=\"MsoNormal\" style=\"margin-top: 0; margin-bottom: 0\" align=\"justify\">\n\t\t\t\t\t\t<span style=\"font-family: Arial; font-weight: 700\">\n\t\t\t\t\t\tReceita adicional para a sua empresa,<\/span><\/p>\n\t\t\t\t\t\t<\/li>\n\t\t\t\t\t\t<li>\n\t\t\t\t\t\t<p class=\"MsoNormal\" style=\"margin-top: 0; margin-bottom: 0\" align=\"justify\">\n\t\t\t\t\t\t<span style=\"font-family: Arial; font-weight: 700\">\n\t\t\t\t\t\tVenda de servi\u00e7os agregados aos softwares,<\/span><\/p>\n\t\t\t\t\t\t<\/li>\n\t\t\t\t\t\t<li>\n\t\t\t\t\t\t<p class=\"MsoNormal\" style=\"margin-top: 0; margin-bottom: 0\" align=\"justify\">\n\t\t\t\t\t\t<span style=\"font-family: Arial; font-weight: 700\">\n\t\t\t\t\t\tetc..<\/span><\/p><\/li>\n\t\t\t\t\t<\/ul>\n\t\t\t\t\t<p class=\"MsoNormal\" style=\"margin-top: 0; margin-bottom: 0\" align=\"justify\">\n\t\t\t\t\t<span style=\"font-family: Arial\">Temos 3 modalidades de \n\t\t\t\t\tparceria com intera\u00e7\u00e3o diferenciada junto ao cliente final. \n\t\t\t\t\tVeja qual a melhor modalidade para a sua empresa.<\/span><\/p>\n\t\t\t\t\t<p class=\"MsoNormal\" style=\"margin-top: 0; margin-bottom: 0\" align=\"justify\">\n\t\t\t\t\t<span style=\"font-family: Arial\">&nbsp;<\/span><\/p>\n\t\t\t\t\t<p class=\"MsoNormal\" style=\"margin-top: 0; margin-bottom: 0\" align=\"justify\">\n\t\t\t\t\t<b><span style=\"font-family: Arial; background: silver\">\n\t\t\t\t\tPARCEIRO INDICADOR:<\/span><span style=\"font-family: Arial\"> <\/span><\/b><\/p>\n\t\t\t\t\t<p class=\"MsoNormal\" style=\"text-align: justify; margin-top: 0; margin-bottom: 0\">\n\t\t\t\t\t<span style=\"font-family: Arial\">Investimento: Baixo&nbsp;<\/span><\/p>\n\t\t\t\t\t<p class=\"MsoNormal\" style=\"text-align: justify; margin-top: 0; margin-bottom: 0\">\n\t\t\t\t\t&nbsp;<\/p>\n\t\t\t\t\t<p class=\"MsoNormal\" style=\"text-align: justify; margin-top: 0; margin-bottom: 0\">\n\t\t\t\t\t<span style=\"font-family: Arial; background: silver; font-weight:700\">\n\t\t\t\t\tPARCEIRO REPRESENTANTE:<\/span><\/p>\n\t\t\t\t\t<p class=\"MsoNormal\" style=\"text-align: justify; margin-top: 0; margin-bottom: 0\">\n\t\t\t\t\t<span style=\"font-family: Arial\">\n\t\t\t\t\tInvestimento: Moderado<\/span><\/p>\n\t\t\t\t\t<p class=\"MsoNormal\" style=\"text-align: justify; margin-top: 0; margin-bottom: 0\">\n\t\t\t\t\t&nbsp;<\/p>\n\t\t\t\t\t<p class=\"MsoNormal\" style=\"text-align: justify; margin-top: 0; margin-bottom: 0\">\n\t\t\t\t\t<span style=\"font-family: Arial; background: silver; font-weight:700\">\n\t\t\t\t\tPARCEIRO T\u00c9CNICO:<\/span><\/p>\n\t\t\t\t\t<p class=\"MsoListParagraph\" style=\"text-align: justify; margin-top: 0; margin-bottom: 0\">\n\t\t\t\t\t<span style=\"font-family: Arial\">\n\t\t\t\t\tInvestimento: Moderado\/Alto <\/span><\/p>\n\t\t\t\t\t<p class=\"MsoNormal\" style=\"text-align: justify; margin-top: 0; margin-bottom: 0\">&nbsp;<\/p>\n\t\t\t\t\t<p class=\"MsoNormal\" style=\"text-align: justify; margin-top: 0; margin-bottom: 0\">\n\t\t\t\t\t<span style=\"font-family: Arial\">Oferecemos aos nossos \n\t\t\t\t\tparceiros treinamento em nossa sede para todos os nossos \n\t\t\t\t\tprodutos.<br>\n&nbsp;<\/span><\/td>\n\t\t<\/tr>\n\t\t<tr>\n\t\t\t<td>\n\t\t\t<p class=\"texto2 style8 style6\" style=\"margin-top: 0; margin-bottom: 0\" align=\"justify\"> \n\t\t\t<font face=\"Arial\">Para ser um Parceiro Comercial da Serv-System, \n\t\t\tpreencha o cadastro abaixo que entraremos em contato para maiores \n\t\t\tesclarecimentos.<\/font><\/p>\n\t\t\t<p class=\"texto2 style8 style6\" style=\"margin-top: 0; margin-bottom: 0\"> &nbsp;<\/p>\n\t\t\t<p class=\"texto2 style8 style6\" style=\"margin-top: 0; margin-bottom: 0\"> \n\t\t\t<font face=\"Arial\"> \n\t\t\t<span lang=\"pt-br\">Todas<\/span> informa\u00e7\u00f5es abaixo s\u00e3o necess\u00e1rias \n\t\t\tpara que possamos analisar o seu cadastro.&nbsp;<\/font><\/p>\n             <\/td>\n\t\t<\/tr>\n\t\t<\/table>\n\t\t\n\t\t\n<table width=\"980\" border=\"0\" align=\"center\" cellpadding=\"0\" cellspacing=\"0\" bgcolor=\"#ffffff\">\n  \n  <tr>\n   <td bgcolor=\"#FFFFFF\"><div align=\"center\">\n     \n     \n     \n\t\t<table width=\"87%\" border=\"0\" height=\"0\">\n       <TR bordercolor=\"#111111\" class=\"Sandro\">\n         <TD align=\"left\" valign=\"top\">\n\n     <FORM ACTION=\"https:\/\/www.servsystem.com.br\/apps\/erp\/formERP.php\" METHOD=\"POST\" class=\"texto2\" onSubmit=\"return valida_form();\" language=\"JavaScript\">\n\t\t\t\t\t\t \t<input type=\"hidden\" name=\"Destino\" value=\"representante\" \/>\n\n\t\t\t \t<div align=\"left\">\n  \n                 \n                   <p class=\"texto2 style8 style6\" style=\"margin-top: 0; margin-bottom: 0\">&nbsp;<\/p>\n\t\t\t\t\t<table border=\"0\" width=\"85%\" cellspacing=\"1\" bgcolor=\"#99CCFF\">\n\t\t\t\t\t\t<tr>\n\t\t\t\t\t\t\t<td width=\"145\">&nbsp;<\/td>\n\t\t\t\t\t\t\t<td> \n\t\t\t<font face=\"Arial\" size=\"2\"> \n\t\t\t<FONT\n\t\t\t\t  COLOR=\"#FF0000\">\n               <smal>(<b>*<\/b>) <\/smal>\n               <\/FONT>\n                 <smal> Os campos assinalados com asterisco s\u00e3o de preenchimento \n\t\t\t\t\t\t\tobrigat\u00f3rio<\/smal><\/font><\/td>\n\t\t\t\t\t\t<\/tr>\n\t\t\t\t\t\t<tr>\n\t\t\t\t\t\t\t<td width=\"145\"><font face=\"Arial\">Modalidade de \n\t\t\t\t\t\tinteresse:&nbsp;<\/font><\/td>\n\t\t\t\t\t\t\t<td><font face=\"Arial\">\n\t\t\t\t\t\t<font size=\"3\">\n\t\t\t\t\t\t<input type=\"checkbox\" name=\"Indicador\" value=\"ON\"><\/font> \n\t\t\t\t\t\tIndicador&nbsp;<br>\n\t\t\t\t\t\t<font size=\"3\">\n\t\t\t\t\t\t<input type=\"checkbox\" name=\"Representante\" value=\"ON\"><\/font> \n\t\t\t\t\t\tRepresentante<br>\n\t\t\t\t\t\t<font size=\"3\">\n\t\t\t\t\t\t<input type=\"checkbox\" name=\"Tecnico\" value=\"ON\"><\/font> \n\t\t\t\t\t\tT\u00e9cnico<\/font><\/td>\n\t\t\t\t\t\t<\/tr>\n\t\t\t\t\t\t<tr>\n\t\t\t\t\t\t\t<td width=\"145\">&nbsp;<\/td>\n\t\t\t\t\t\t\t<td bgcolor=\"#0099FF\"><B> \n\t\t\t\t\t\t<FONT color=\"#FFFFFF\" face=\"Arial\">DADOS\n                       DA EMPRESA<\/FONT><\/B><\/td>\n\t\t\t\t\t\t<\/tr>\n\t\t\t\t\t\t<tr>\n\t\t\t\t\t\t\t<td width=\"145\">\n                       <font face=\"Arial\">\n                       <SMAl>Nome\n                         fantasia<\/SMAl>\n                     <\/font><\/td>\n\t\t\t\t\t\t\t<td>\n                       <SMAl>\n                           <font size=\"3\" face=\"Arial\">\n                           <INPUT TYPE=\"text\"\n\t\t\t\t  NAME=\"Apelido\" SIZE=\"44\" MAXLENGHT=\"50\"><\/font><\/SMAl><\/td>\n\t\t\t\t\t\t<\/tr>\n\t\t\t\t\t\t<tr>\n\t\t\t\t\t\t\t<td width=\"145\">\n                       <font face=\"Arial\">\n                       <SMAl>Empresa<\/SMAl><SMAl><b><FONT\n\t\t\t\t  COLOR=\"#FF0000\">*<\/FONT><\/b><\/SMAl>\n                     \t<SMAl><\/SMAl>\n                     &nbsp;<\/font><\/td>\n\t\t\t\t\t\t\t<td>\n\t\t\t\t\t\t<font size=\"3\" face=\"Arial\">\n\t\t\t\t\t\t\t<!--webbot bot=\"Validation\" i-minimum-length=\"1\" i-maximum-length=\"45\" --><INPUT TYPE=\"text\"\n\t\t\t\t  NAME=\"Empresa*\" id=\"empresa\" SIZE=\"53\" MAXLENGHT=\"50\"\n\t\t\t\t  MAXLENGTH=\"45\"><\/font><\/td>\n\t\t\t\t\t\t<\/tr>\n\t\t\t\t\t\t<tr>\n\t\t\t\t\t\t\t<td width=\"145\">\n\t\t\t\t\t\t<font face=\"Arial\">CNPJ\n                     <\/font><\/td>\n\t\t\t\t\t\t\t<td><font size=\"3\" face=\"Arial\">\n\t\t\t\t\t\t\t<!--webbot bot=\"Validation\" i-minimum-length=\"1\" i-maximum-length=\"40\" --><INPUT TYPE=\"text\"\n\t\t\t\t  NAME=\"Cnpj*\" SIZE=\"53\" MAXLENGHT=\"50\" MAXLENGTH=\"40\"><\/font><\/td>\n\t\t\t\t\t\t<\/tr>\n\t\t\t\t\t\t<tr>\n\t\t\t\t\t\t\t<td width=\"145\">\n                       <font face=\"Arial\">\n                       <SMAl>Endere\u00e7o<b><FONT\n\t\t\t\t  COLOR=\"#FF0000\">*<\/FONT><\/b><\/SMAl><\/font><\/td>\n\t\t\t\t\t\t\t<td>\n\t\t\t\t\t\t<font size=\"3\" face=\"Arial\">\n\t\t\t\t\t\t\t<!--webbot bot=\"Validation\" i-minimum-length=\"1\" i-maximum-length=\"40\" --><INPUT TYPE=\"text\"\n\t\t\t\t  NAME=\"Endereco*\" id=\"endereco\" SIZE=\"53\" MAXLENGHT=\"50\" MAXLENGTH=\"40\"><\/font><\/td>\n\t\t\t\t\t\t<\/tr>\n\t\t\t\t\t\t<tr>\n\t\t\t\t\t\t\t<td width=\"145\">\n                       <font face=\"Arial\">\n                       <SMAl>CEP<\/SMAl><SMAl><b><FONT COLOR=\"#FF0000\">*<\/FONT><\/b><\/SMAl><\/font><\/td>\n\t\t\t\t\t\t\t<td>\n\t\t\t\t\t\t<font size=\"3\" face=\"Arial\">\n\t\t\t\t\t\t\t<!--webbot bot=\"Validation\" i-minimum-length=\"4\" i-maximum-length=\"9\" --><INPUT TYPE=\"text\"\n\t\t\t\t  NAME=\"CEP*\" id=\"cep\" SIZE=\"19\" MAXLENGHT=\"9\" MAXLENGTH=\"9\"><\/font><\/td>\n\t\t\t\t\t\t<\/tr>\n\t\t\t\t\t\t<tr>\n\t\t\t\t\t\t\t<td width=\"145\"><p style=\"margin-top: 0; margin-bottom: 0\">\n                       <font face=\"Arial\">\n                       <SMAl>Bairro<b><FONT COLOR=\"#FF0000\">*<\/FONT><\/b><\/SMAl>\n                     \t<\/font><\/td>\n\t\t\t\t\t\t\t<td>\n\t\t\t\t\t\t<font size=\"3\" face=\"Arial\">\n\t\t\t\t\t\t\t<!--webbot bot=\"Validation\" i-minimum-length=\"1\" i-maximum-length=\"35\" --><INPUT\n\t\t\t\t  TYPE=\"text\" NAME=\"Bairro*\" id=\"bairro\" SIZE=\"53\" MAXLENGHT=\"50\"\n\t\t\t\t  MAXLENGTH=\"35\"><\/font><\/td>\n\t\t\t\t\t\t<\/tr>\n\t\t\t\t\t\t<tr>\n\t\t\t\t\t\t\t<td width=\"145\"><p style=\"margin-top: 0; margin-bottom: 0\">\n                       <font face=\"Arial\">\n                       <SMAl>Estado<b><FONT COLOR=\"#FF0000\">*<\/FONT><\/b><\/SMAl>\n                     \t<\/font><\/td>\n\t\t\t\t\t\t\t<td>\n                       <SMAl>\n                           <font size=\"3\" face=\"Arial\">\n                           <SELECT NAME=\"UF*\" id=\"uf\" SIZE=\"1\" style=\"font-family: Arial\">\n                             <OPTION>(selecione) <\/OPTION>\n                             <OPTION>AC <\/OPTION>\n                             <OPTION>AL <\/OPTION>\n                             <OPTION>AM <\/OPTION>\n                             <OPTION>AP <\/OPTION>\n                             <OPTION>BA <\/OPTION>\n                             <OPTION>CE <\/OPTION>\n                             <OPTION>DF <\/OPTION>\n                             <OPTION>ES <\/OPTION>\n                             <OPTION>GO <\/OPTION>\n                             <OPTION>MA <\/OPTION>\n                             <OPTION>MG <\/OPTION>\n                             <OPTION>MS <\/OPTION>\n                             <OPTION>MT <\/OPTION>\n                             <OPTION>PA <\/OPTION>\n                             <OPTION>PB <\/OPTION>\n                             <OPTION>PE <\/OPTION>\n                             <OPTION>PI <\/OPTION>\n                             <OPTION>PR <\/OPTION>\n                             <OPTION>RJ <\/OPTION>\n                             <OPTION>RN <\/OPTION>\n                             <OPTION>RO <\/OPTION>\n                             <OPTION>RR <\/OPTION>\n                             <OPTION>RS <\/OPTION>\n                             <OPTION>SC <\/OPTION>\n                             <OPTION>SE <\/OPTION>\n                             <OPTION SELECTED=\"SELECTED\" VALUE=\"SP \">SP<\/OPTION>\n                             <OPTION>TO <\/OPTION>\n                           <\/SELECT><\/font><\/SMAl><\/td>\n\t\t\t\t\t\t<\/tr>\n\t\t\t\t\t\t<tr>\n\t\t\t\t\t\t\t<td width=\"145\"><p style=\"margin-top: 0; margin-bottom: 0\">\n                       <font face=\"Arial\">\n                       <SMAl>Cidade<b><FONT COLOR=\"#FF0000\">*<\/FONT><\/b><\/SMAl>\n                     \t<\/font>\n                     \t\t<\/td>\n\t\t\t\t\t\t\t<td>\n\t\t\t\t\t\t<font size=\"3\" face=\"Arial\">\n\t\t\t\t\t\t\t<!--webbot bot=\"Validation\" i-minimum-length=\"1\" i-maximum-length=\"35\" --><INPUT TYPE=\"text\"\n\t\t\t\t  NAME=\"Cidade*\" id=\"cidade\" SIZE=\"53\" MAXLENGHT=\"50\" MAXLENGTH=\"35\"><\/font><\/td>\n\t\t\t\t\t\t<\/tr>\n\t\t\t\t\t\t<tr>\n\t\t\t\t\t\t\t<td width=\"145\"><p style=\"margin-top: 0; margin-bottom: 0\">\n                       <font face=\"Arial\">\n                       <SMAl>Telefone<b><FONT COLOR=\"#FF0000\">*<\/FONT><\/b><\/SMAl>\n                     \t<\/font>\n                     \t\t<\/td>\n\t\t\t\t\t\t\t<td>\n\t\t\t\t\t\t<font size=\"3\" face=\"Arial\">\n\t\t\t\t\t\t\t<!--webbot bot=\"Validation\" i-minimum-length=\"1\" i-maximum-length=\"25\" --><INPUT TYPE=\"text\"\n\t\t\t\t  NAME=\"Telefone*\" id=\"telefone\" SIZE=\"53\" MAXLENGHT=\"25\" MAXLENGTH=\"25\"><\/font><\/td>\n\t\t\t\t\t\t<\/tr>\n\t\t\t\t\t\t<tr>\n\t\t\t\t\t\t\t<td width=\"145\">\n                       <font face=\"Arial\">Celular\n                     <\/font>\n                     \t\t<\/td>\n\t\t\t\t\t\t\t<td>\n\t\t\t\t\t\t<font size=\"3\" face=\"Arial\">\n\t\t\t\t\t\t\t<!--webbot bot=\"Validation\" i-minimum-length=\"1\" i-maximum-length=\"25\" --><INPUT TYPE=\"text\" NAME=\"Celular\" SIZE=\"42\"\n\t\t\t\t  MAXLENGHT=\"25\" MAXLENGTH=\"25\"><\/font><\/td>\n\t\t\t\t\t\t<\/tr>\n\t\t\t\t\t\t<tr>\n\t\t\t\t\t\t\t<td width=\"145\"><p style=\"margin-top: 0; margin-bottom: 0\">\n                       <font face=\"Arial\">\n                       <SMAl>E-mail<b><FONT COLOR=\"#FF0000\">*<\/FONT><\/b><\/SMAl>\n                     \t<\/font>\n                     \t\t<\/td>\n\t\t\t\t\t\t\t<td>\n\t\t\t\t\t\t<font size=\"3\" face=\"Arial\">\n\t\t\t\t\t\t\t<!--webbot bot=\"Validation\" i-minimum-length=\"1\" i-maximum-length=\"45\" --><INPUT TYPE=\"text\" NAME=\"Email*\" id=\"email\" SIZE=\"53\"\n\t\t\t\t  MAXLENGHT=\"50\" MAXLENGTH=\"45\"><\/font><\/td>\n\t\t\t\t\t\t<\/tr>\n\t\t\t\t\t\t<tr>\n\t\t\t\t\t\t\t<td width=\"145\">\n                       <font face=\"Arial\">\n                       <smal>Website<\/smal>\n                     <\/font>\n                     \t\t<\/td>\n\t\t\t\t\t\t\t<td>\n\t\t\t\t\t\t<font size=\"3\" face=\"Arial\">\n\t\t\t\t\t\t\t<!--webbot bot=\"Validation\" i-minimum-length=\"1\" i-maximum-length=\"40\" --><INPUT TYPE=\"text\"\n\t\t\t\t  NAME=\"Web\" SIZE=\"42\" MAXLENGHT=\"35\" MAXLENGTH=\"40\"><\/font><\/td>\n\t\t\t\t\t\t<\/tr>\n\t\t\t\t\t\t<tr>\n\t\t\t\t\t\t\t<td width=\"145\">&nbsp;<\/td>\n\t\t\t\t\t\t\t<td bgcolor=\"#0099FF\"><p style=\"margin-top: 0; margin-bottom: 0\"><B> \n\t\t\t\t\t\t<FONT color=\"#FFFFFF\" face=\"Arial\">PESSOA\n                       PARA CONTATO<\/FONT><\/B><\/td>\n\t\t\t\t\t\t<\/tr>\n\t\t\t\t\t\t<tr>\n\t\t\t\t\t\t\t<td width=\"145\"><p style=\"margin-top: 0; margin-bottom: 0\">\n                       <font face=\"Arial\">\n                       <SMAl>Nome<b><FONT COLOR=\"#FF0000\">*<\/FONT><\/b><\/SMAl>\n                     \t<\/font>\n                     \t\t<\/td>\n\t\t\t\t\t\t\t<td><font size=\"3\" face=\"Arial\">\n\t\t\t\t\t\t\t<!--webbot bot=\"Validation\" i-minimum-length=\"1\" i-maximum-length=\"45\" --><INPUT TYPE=\"text\" NAME=\"Nome*\" id=\"nome\" SIZE=\"55\"\n\t\t\t\t  MAXLENGHT=\"50\" MAXLENGTH=\"45\"><\/font><\/td>\n\t\t\t\t\t\t<\/tr>\n\t\t\t\t\t\t<tr>\n\t\t\t\t\t\t\t<td width=\"145\">\n                       <font face=\"Arial\">\n                       <SMAl>Fun&ccedil;&atilde;o<\/SMAl>\n                     <\/font>\n                     \t\t<\/td>\n\t\t\t\t\t\t\t<td>\n\t\t\t\t\t\t<font size=\"3\" face=\"Arial\">\n\t\t\t\t\t\t\t<!--webbot bot=\"Validation\" i-minimum-length=\"1\" i-maximum-length=\"45\" --><INPUT TYPE=\"text\"\n\t\t\t\t  NAME=\"Funcao\" SIZE=\"43\" MAXLENGHT=\"35\" MAXLENGTH=\"45\"><\/font><\/td>\n\t\t\t\t\t\t<\/tr>\n\t\t\t\t\t\t<tr>\n\t\t\t\t\t\t\t<td width=\"145\"><p style=\"margin-top: 0; margin-bottom: 0\">\n                       <font face=\"Arial\">\n                       <SMAl>E-mail<\/SMAl><\/font><\/td>\n\t\t\t\t\t\t<td>\n\t\t\t\t\t\t<font size=\"3\" face=\"Arial\">\n\t\t\t\t\t\t<!--webbot bot=\"Validation\" i-minimum-length=\"1\" i-maximum-length=\"45\" --><INPUT TYPE=\"text\" NAME=\"EmailPessoal*\"\n\t\t\t\t  SIZE=\"55\" MAXLENGHT=\"50\" MAXLENGTH=\"45\"><\/font><\/td>\n\t\t\t\t\t<\/tr>\n\t\t\t\t\t<tr>\n\t\t\t\t\t\t<td width=\"145\">&nbsp;<\/td>\n\t\t\t\t\t\t<td> \n\t\t\t\t\t<font face=\"Arial\">Voc&ecirc; j&aacute; conhece\n                     os Sistemas da Serv-System Inform&aacute;tica?&nbsp;&nbsp;<br>\n\t\t\t\t\t\t&nbsp;&nbsp;&nbsp;\n\t\t\t\t\t<font size=\"3\"> \n                                      <input type=\"radio\" value=\"ConheceSIM\" name=\"R2\"><\/font>\n                     Sim&nbsp;&nbsp;&nbsp;&nbsp;&nbsp;&nbsp;\n                     <font size=\"3\">\n                     <input type=\"radio\" value=\"ConheceNAO\" name=\"R2\"><\/font>\n                     N&atilde;o<\/font><\/td>\n\t\t\t\t\t<\/tr>\n\t\t\t\t\t<tr>\n\t\t\t\t\t\t<td width=\"145\">&nbsp;<\/td>\n\t\t\t\t\t\t<td>\n\t\t\t\t\t<font face=\"Arial\">Voc&ecirc; j&aacute; representa\n                     outros softwares?&nbsp;\n                                      <font size=\"3\">\n                                      <br>\n\t\t\t\t\t\t&nbsp;&nbsp;&nbsp;&nbsp;\n                                      <input type=\"radio\" value=\"OutrosSIM\" name=\"R1\"><\/font>\n                     \tSim&nbsp;&nbsp;&nbsp;&nbsp;&nbsp;\n                     <font size=\"3\">\n                     <input type=\"radio\" value=\"OutrosNAO\" name=\"R1\"><\/font>\n                     N&atilde;o<\/font><\/td>\n\t\t\t\t\t\t<\/tr>\n\t\t\t\t\t\t<tr>\n\t\t\t\t\t\t\t<td width=\"145\">&nbsp;<\/td>\n\t\t\t\t\t\t\t<td>\n\t\t\t\t\t<font face=\"Arial\">Se sim, quais?<br>\n\t\t\t\t\t<\/font>\n\t\t\t\t\t<span class=\"texto\"> \n                   <font size=\"3\" face=\"Arial\"> \n                   <TEXTAREA NAME=\"quais_softwares\" ROWS=\"5\" COLS=\"46\"><\/TEXTAREA><\/font><\/span><\/td>\n\t\t\t\t\t\t<\/tr>\n\t\t\t\t\t\t<tr>\n\t\t\t\t\t\t\t<td width=\"145\">&nbsp;<\/td>\n\t\t\t\t\t\t\t<td><p style=\"margin-top: 0; margin-bottom: 0\">\n                     <font face=\"Arial\">\n                     <smal>Descreva\n                       as principais atividades e produtos que a sua empresa\n                       representa:<\/smal>\n                   <\/font><span class=\"texto\"> \n\t\t\t\t\t\t<font size=\"3\" face=\"Arial\">\n                   <TEXTAREA NAME=\"DESCRICAO\" ROWS=\"5\" COLS=\"46\"><\/TEXTAREA><\/font><\/span><\/td>\n\t\t\t\t\t\t<\/tr>\n\t\t\t\t\t\t<tr>\n\t\t\t\t\t\t\t<td width=\"145\">&nbsp;<\/td>\n\t\t\t\t\t\t\t<td><span class=\"texto\"> \n\t\t\t\t\t\t<font face=\"Arial\"> Agradecemos o contato e ap&oacute;s recebermos o seu cadastro, entraremos\n                   em contato o mais breve poss&iacute;vel.<\/font><\/span><\/td>\n\t\t\t\t\t\t<\/tr>\n\t\t\t\t\t\t<tr>\n\t\t\t\t\t\t\t<td width=\"145\">&nbsp;<\/td>\n\t\t\t\t\t\t\t<td>\n                         <font size=\"3\" face=\"Arial\">\n                         <INPUT name=\"enviar\" TYPE=\"submit\"\n\t\tVALUE=\"Enviar\" style=\"font-family: Arial\">&nbsp;&nbsp;&nbsp; <\/font>\n                         <font size=\"3\">\n                         <INPUT name=\"reset\" TYPE=\"reset\" VALUE=\"Limpar\" style=\"font-family: Arial\"><\/font><\/td>\n\t\t\t\t\t\t<\/tr>\n\t\t\t\t\t<\/table><\/td>\n\t\t\t\t\t\t\t<\/tr>\n              <\/table>\n\t\t\t\t\n               <\/div>\n\t\t\t \t<input type=\"hidden\" name=\"Destino\" value=\"Representante\" \/>\n             <\/FORM>\n             \n             \n\n             \n          \n     <script type=\"text\/javascript\"> function valida_form() {\n\tempresa = document.getElementById(\"empresa\").value;\n\tendereco = document.getElementById(\"endereco\").value;\n\tcep = document.getElementById(\"cep\").value;\n\tbairro = document.getElementById(\"bairro\").value;\n\tuf = document.getElementById(\"uf\").value;\n\tcidade = document.getElementById(\"cidade\").value;\n\ttelefone = document.getElementById(\"telefone\").value;\n\temail = document.getElementById(\"email\").value;\n    nome = document.getElementById(\"nome\").value;\n\n\t\n\tif (empresa == \"\") \n\t{ \t\talert(\"Os campos marcados com (*) s\u00e3o de preenchimento obrigat\u00f3rio!\");\n\t\treturn false; }\n\tif (endereco == \"\") \n\t{ \t\talert(\"Os campos marcados com (*) s\u00e3o de preenchimento obrigat\u00f3rio!\");\n\t\treturn false; }\n\tif (cep == \"\") \n\t{ \t\talert(\"Os campos marcados com (*) s\u00e3o de preenchimento obrigat\u00f3rio!\");\n\t\treturn false; }\n\tif (bairro == \"\") \n\t{ \t\talert(\"Os campos marcados com (*) s\u00e3o de preenchimento obrigat\u00f3rio!\");\n\t\treturn false; }\n\tif (uf == \"\") \n\t{ \t\talert(\"Os campos marcados com (*) s\u00e3o de preenchimento obrigat\u00f3rio!\");\n\t\treturn false; }\n\tif (cidade == \"\") \n\t{ \t\talert(\"Os campos marcados com (*) s\u00e3o de preenchimento obrigat\u00f3rio!\");\n\t\treturn false; }\n\tif (telefone == \"\") \n\t{ \t\talert(\"Os campos marcados com (*) s\u00e3o de preenchimento obrigat\u00f3rio!\");\n\t\treturn false; }\n\tif (email == \"\") \n\t{ \t\talert(\"Os campos marcados com (*) s\u00e3o de preenchimento obrigat\u00f3rio!\");\n\t\treturn false; }\n\tif (nome == \"\") \n\t{ \t\talert(\"Os campos marcados com (*) s\u00e3o de preenchimento obrigat\u00f3rio!\");\n\t\treturn false; }\n\n\t\t\n\treturn true;\n}\n            <\/script>                        \n             \n             \n             \n   <\/TD>\n      <\/TR>\n          \n\n\n\n\n       <\/table>\n   <\/div><\/td>\n  <\/tr>\n  <\/table>\n","protected":false},"excerpt":{"rendered":"<p>Estamos credenciando novos parceiros comerciais em todo o territ\u00f3rio nacional. &nbsp; Este programa de parceria \u00e9 voltado para quem tem interesse em trabalhar em conjunto com uma das melhores produtoras de softwares de Gest\u00e3o Empresarial. &nbsp; Alguns exemplos de empresas parceiras: Escrit\u00f3rios de contabilidade, Prestadores de servi\u00e7os em TI, Assessoria e consultoria em gest\u00e3o empresarial, &hellip; <\/p>\n<p class=\"link-more\"><a href=\"https:\/\/servsystem.com.br\/erp\/contadores\/\" class=\"more-link\">Continue reading<span class=\"screen-reader-text\"> &#8220;Contadores\/Parceiros&#8221;<\/span><\/a><\/p>\n","protected":false},"author":1,"featured_media":0,"parent":0,"menu_order":0,"comment_status":"closed","ping_status":"closed","template":"full-width.php","meta":{"footnotes":""},"class_list":["post-365","page","type-page","status-publish","hentry"],"_links":{"self":[{"href":"https:\/\/servsystem.com.br\/erp\/wp-json\/wp\/v2\/pages\/365"}],"collection":[{"href":"https:\/\/servsystem.com.br\/erp\/wp-json\/wp\/v2\/pages"}],"about":[{"href":"https:\/\/servsystem.com.br\/erp\/wp-json\/wp\/v2\/types\/page"}],"author":[{"embeddable":true,"href":"https:\/\/servsystem.com.br\/erp\/wp-json\/wp\/v2\/users\/1"}],"replies":[{"embeddable":true,"href":"https:\/\/servsystem.com.br\/erp\/wp-json\/wp\/v2\/comments?post=365"}],"version-history":[{"count":21,"href":"https:\/\/servsystem.com.br\/erp\/wp-json\/wp\/v2\/pages\/365\/revisions"}],"predecessor-version":[{"id":1351,"href":"https:\/\/servsystem.com.br\/erp\/wp-json\/wp\/v2\/pages\/365\/revisions\/1351"}],"wp:attachment":[{"href":"https:\/\/servsystem.com.br\/erp\/wp-json\/wp\/v2\/media?parent=365"}],"curies":[{"name":"wp","href":"https:\/\/api.w.org\/{rel}","templated":true}]}}