{"id":623,"date":"2019-09-17T15:20:15","date_gmt":"2019-09-17T18:20:15","guid":{"rendered":"https:\/\/servsystem.com.br\/erp\/?page_id=623"},"modified":"2024-06-27T10:37:10","modified_gmt":"2024-06-27T13:37:10","slug":"nf-es","status":"publish","type":"page","link":"https:\/\/servsystem.com.br\/erp\/nf-es\/","title":{"rendered":"Nota Fiscal Eletr\u00f4nica de servi\u00e7os"},"content":{"rendered":"\n<style>\n\n<!--\n\nbody {\n\n\tbackground-color: #CCCCCC;\n\n\tmargin-left: 0px;\n\n\tmargin-top: 0px;\n\n\tmargin-right: 0px;\n\n\tmargin-bottom: 0px;\n\n}\n\n\n\n.font07 { font-family: Arial; font-size: 7pt }\n\n.font08 { font-family: Arial; font-size: 8pt }\n\n.font10 { font-family: Arial; font-size: 10pt }\n\n.txt { width: 100% }\n\n.btn { width: 200 }\n\n-->\n\n<\/style>\n\n\n\n<script language=\"JavaScript\">\n\n\n\n\/\/\tdocument.title = \"::::: Serv System Inform\u00e1tica ::: Consulta NFe :::::\";\n\n\n\n\tnum = new Array(10);\n\n\tnum[0] = 0;\n\n\tnum[1] = 1;\n\n\tnum[2] = 2;\n\n\tnum[3] = 3;\n\n\tnum[4] = 4;\n\n\tnum[5] = 5;\n\n\tnum[6] = 6;\n\n\tnum[7] = 7;\n\n\tnum[8] = 8;\n\n\tnum[9] = 9;\n\n\n\n\tfunction conta_cod() {\n\n\t\ttam = 6;\n\n\t\tcod = form_nfe.cod_user.value;\n\n\t\tif (cod.length > tam) {\n\n\t\t\talert(\"O tamanho m\u00e1ximo para o campo \\\"C\u00f3digo de Usu\u00e1rio\\\" \u00e9 de 6 caracteres.\");\n\n\t\t\tform_nfe.cod_user.value = cod.substring(0,tam);\n\n\t\t\tform_nfe.cod_user.focus();\n\n\t\t\treturn(false);\n\n\t\t}\n\n\t}\n\n\n\n\tfunction conta_cnpj() {\n\n\t\ttam = 14;\n\n\t\tcnpj = form_nfe.cnpj.value;\n\n\t\tif (cnpj.length > tam) {\n\n\t\t\talert(\"O campo \\\"CNPJ\\\/CPF\\\" deve ter 14 caracteres se for \\\"CNPJ\\\" ou 11 caracteres se for \\\"CPF\\\".\");\n\n\t\t\tform_nfe.cnpj.value = cnpj.substring(0,tam);\n\n\t\t\tform_nfe.cnpj.focus();\n\n\t\t\treturn(false);\n\n\t\t}\n\n\t}\n\n\n\n\tfunction valida_cod() {\n\n\t\tc = 0;\n\n\t\tcod = form_nfe.cod_user.value;\n\n\t\tfor(k=0;k<cod.length;k++) {\n\n\t\t\tfor(i=0;i<10;i++) {\n\n\t\t\t\tif (cod.charAt(k) != num[i]) {\n\n\t\t\t\t\tc = c+1;\n\n\t\t\t\t}\n\n\t\t\t}\n\n\t\t\tif (c>9) {\n\n\t\t\t\talert(\"Utilize apenas n\u00fameros de 0 a 9 no campo \\\"C\u00f3digo de Usu\u00e1rio\\\".\");\n\n\t\t\t\tform_nfe.cod_user.value = \"\";\n\n\t\t\t\tform_nfe.cod_user.focus();\n\n\t\t\t\treturn(false);\n\n\t\t\t\tbreak;\n\n\t\t\t}\n\n\t\t\telse {\n\n\t\t\t\tc = 0;\n\n\t\t\t}\n\n\t\t}\n\n\t}\n\n\n\n\tfunction valida_cnpj() {\n\n\t\tc = 0;\n\n\t\tcnpj = form_nfe.cnpj.value;\n\n\t\tfor(k=0;k<cnpj.length;k++) {\n\n\t\t\tfor(i=0;i<10;i++) {\n\n\t\t\t\tif (cnpj.charAt(k) != num[i]) {\n\n\t\t\t\t\tc = c+1;\n\n\t\t\t\t}\n\n\t\t\t}\n\n\t\t\tif (c>9) {\n\n\t\t\t\talert(\"Utilize apenas n\u00fameros de 0 a 9 no campo \\\"CNPJ\\\".\");\n\n\t\t\t\tform_nfe.cnpj.value = \"\";\n\n\t\t\t\tform_nfe.cnpj.focus();\n\n\t\t\t\treturn(false);\n\n\t\t\t\tbreak;\n\n\t\t\t}\n\n\t\t\telse {\n\n\t\t\t\tc = 0;\n\n\t\t\t}\n\n\t\t}\n\n\t}\n\n\n\n\tfunction valida_rps() {\n\n\t\tc = 0;\n\n\t\trps = form_nfe.rps.value;\n\n\t\tfor(k=0;k<rps.length;k++) {\n\n\t\t\tfor(i=0;i<10;i++) {\n\n\t\t\t\tif (rps.charAt(k) != num[i]) {\n\n\t\t\t\t\tc = c+1;\n\n\t\t\t\t}\n\n\t\t\t}\n\n\t\t\tif (c>9) {\n\n\t\t\t\talert(\"Utilize apenas n\u00fameros de 0 a 9 no campo \\\"N\u00famero do RPS\\\".\");\n\n\t\t\t\tform_nfe.rps.value = \"\";\n\n\t\t\t\tform_nfe.rps.focus();\n\n\t\t\t\treturn(false);\n\n\t\t\t\tbreak;\n\n\t\t\t}\n\n\t\t\telse {\n\n\t\t\t\tc = 0;\n\n\t\t\t}\n\n\t\t}\n\n\t}\n\n\n\n\tfunction valida_form() {\n\n\t\tcod = form_nfe.cod_user.value;\n\n\t\tcnpj = form_nfe.cnpj.value;\n\n\t\trps = form_nfe.rps.value;\n\n\t\tif (cod.length != 6) {\n\n\t\t\talert(\"Preencha corretamente o campo \\\"C\u00f3digo de Usu\u00e1rio\\\".\\nO C\u00f3digo de Usu\u00e1rio deve conter 6 d\u00edgitos, incluindo zeros \u00e0 esquerda.\");\n\n\t\t\tform_nfe.cod_user.focus();\n\n\t\t\treturn(false);\n\n\t\t}\n\n\t\tif (cnpj.length != 14 & cnpj.length != 11) {\n\n\t\t\talert(\"Preencha corretamente o campo \\\"CNPJ\\\/CPF\\\".\\nO campo \\\"CNPJ\\\/CPF\\\" deve ter 14 caracteres se for \\\"CNPJ\\\" ou 11 caracteres se for \\\"CPF\\\".\");\n\n\t\t\tform_nfe.cnpj.focus();\n\n\t\t\treturn(false);\n\n\t\t}\n\n\t\tif (rps.length == 0) {\n\n\t\t\talert(\"Preencha corretamente o campo \\\"N\u00famero do RPS\\\".\");\n\n\t\t\tform_nfe.rps.focus();\n\n\t\t\treturn(false);\n\n\t\t}\n\n\t}\n\n\n\n\tfunction keypressed(event) {\n\n\t\tif (window.event) {\n\n\t\t\tl = event.keyCode;\n\n\t\t\tif (l != 8 & l != 9 & l != 13 & l != 16 & l != 37 & l != 39 & l != 46 & l != 48 & l != 49 & l != 50 & l != 51 & l != 52 & l != 53 & l != 54 & l != 55 & l != 56 & l != 57 & l != 96 & l != 97 & l != 98 & l != 99 & l != 100 & l != 101 & l != 102 & l != 103 & l != 104 & l != 105) {\n\n\t\t\t\talert(\"S\u00f3 \u00e9 permitido digitar n\u00fameros nesta p\u00e1gina.\");\n\n\t\t\t\treturn(false);\n\n\t\t\t}\n\n\t\t}\n\n\t\telse if (event.which) {\n\n\t\t\tl = event.which;\n\n\t\t\tif (l != 8 & l != 9 & l != 13 & l != 16 & l != 37& l != 39 & l != 46 & l != 48 & l != 49 & l != 50 & l != 51 & l != 52 & l != 53 & l != 54 & l != 55 & l != 56 & l != 57 & l != 96 & l != 97 & l != 98 & l != 99 & l != 100 & l != 101 & l != 102 & l != 103 & l != 104 & l != 105) {\n\n\t\t\t\talert(\"S\u00f3 \u00e9 permitido digitar n\u00fameros nesta p\u00e1gina.\");\n\n\t\t\t\treturn(false);\n\n\t\t\t}\n\n\t\t}\n\n\t}\n\n\t\n\n\tfunction mousepressed() {\n\n\t\tif (event.button == 2 || event.button == 3) {\n\n\t\t\talert(\"Solicita\u00e7\u00e3o inv\u00e1lida!\");\n\n\t\t\treturn(false);\n\n\t\t}\n\n\t}\n\n\n\n<\/script>\n\n\n\n<\/head>\n\n\n\n<body topmargin=\"0\" leftmargin=\"0\" onKeyDown=\"return keypressed(event)\" onMouseDown=\"return mousepressed(event)\">\n\n\n\n<div align=\"center\">\n\n\n\n<table width=\"670\" border=\"0\" cellpadding=\"0\" cellspacing=\"0\" bgcolor=\"#ffffff\">\n\n  <tr>\n\n   <td><div align=\"left\">\n\n\n\n<table width=\"68%\" height=\"100%\" cellspacing=\"0\" cellpadding=\"0\">\n\n<tr>\n\n\t<td width=\"77%\" height=\"100%\" align=\"center\" valign=\"middle\">\n\n\t\t<div align=\"left\">\n\n\t\t<table cellpadding=\"4\" cellspacing=\"0\" align=\"left\" width=\"598\">\n\n\t\t\t<tr>\n\n\t\t\t\t<td width=\"93%\">\n\n\t\t\t\t<font color=\"#000000\" face=\"Arial\"><b>Para obter\n\n\t\t\t\tas informa\u00e7\u00f5es para consultar e imprimir a sua Nota\n\n\t\t\t\tFiscal de Servi\u00e7os Eletr\u00f4nica preencha os campos abaixo.<\/b><\/font><\/p>\n\n\t\t\t\t<div align=\"center\">\n\n\t\t\t\t<table width=\"500\" bgcolor=\"#FFFFFF\" style=\"border-left-style:solid; border-left-width:0; border-right-style:solid; border-right-width:0; border-top-style:solid; border-bottom-style:solid; border-bottom-width:0\" cellspacing=\"1\">\n\n\t\t\t\t\t\t<form name=\"form_nfe\" action=\"https:\/\/www.servsystem.com.br\/apps\/Nfes\/nfes.php\" method=\"post\" onSubmit=\"return valida_form(this)\">\n\n\t\t\t\t\t\t<tr>\n\n\t\t\t\t\t\t\t<td width=\"100%\" colspan=\"2\">\n\n\t\t\t\t\t\t\t\t<p align=\"center\" class=\"font08\"><b>\n\t\t\t\t\t\t\t\t<font color=\"#FF0000\" size=\"3\">Use\tsomente n\u00fameros nos campos abaixo<\/font><\/b><font size=\"3\">\n\t\t\t\t\t\t\t\t<\/font>\n\n\t\t\t\t\t\t\t<\/td>\n\n\t\t\t\t\t\t<\/tr>\n\n\t\t\t\t\t\t<tr>\n\n\t\t\t\t\t\t\t<td width=\"25%\">\n\n\t\t\t\t\t\t\t\t<p class=\"font10\">C\u00f3digo de Usu\u00e1rio:<\/p>\n\n\t\t\t\t\t\t\t<\/td>\n\n\t\t\t\t\t\t\t<td width=\"75%\"><input type=\"text\" size=\"50\" name=\"cod_user\" tabindex=\"1\" class=\"txt\" onBlur=\"valida_cod()\" onKeyUp=\"conta_cod()\"><\/td>\n\n\t\t\t\t\t\t<\/tr>\n\n\t\t\t\t\t\t<tr>\n\n\t\t\t\t\t\t\t<td width=\"100%\" colspan=\"2\">\n\n\t\t\t\t\t\t\t\t<p class=\"font07\"><font color=\"#FF0000\">*<\/font>\n\n\t\t\t\t\t\t\t\tO c\u00f3digo de usu\u00e1rio encontra-se ap\u00f3s a Raz\u00e3o\n\n\t\t\t\t\t\t\t\tSocial no RPS (Recibo Provis\u00f3rio de\tServi\u00e7o).\n\n\t\t\t\t\t\t\t<\/td>\n\n\t\t\t\t\t\t<\/tr>\n\n\t\t\t\t\t\t<tr>\n\n\t\t\t\t\t\t\t<td width=\"25%\">\n\n\t\t\t\t\t\t\t\t<p class=\"font10\">CNPJ \/ CPF:<\/p>\n\n\t\t\t\t\t\t\t<\/td>\n\n\t\t\t\t\t\t\t<td width=\"75%\"><input type=\"text\" size=\"50\" name=\"cnpj\" tabindex=\"2\" class=\"txt\" onBlur=\"valida_cnpj()\" onKeyUp=\"conta_cnpj()\"><\/td>\n\n\t\t\t\t\t\t<\/tr>\n\n\t\t\t\t\t\t<tr>\n\n\t\t\t\t\t\t\t<td width=\"100%\" colspan=\"2\">\n\n\t\t\t\t\t\t\t\t<p class=\"font07\"><font color=\"#FF0000\">*<\/font>\n\n\t\t\t\t\t\t\t\tInsira o seu CNPJ\/CPF sem ponto (.), barra\n\n\t\t\t\t\t\t\t\t(\/) ou h\u00edfen (-).\n\n\t\t\t\t\t\t\t<\/td>\n\n\t\t\t\t\t\t<\/tr>\n\n\t\t\t\t\t\t<tr>\n\n\t\t\t\t\t\t\t<td width=\"25%\">\n\n\t\t\t\t\t\t\t\t<p class=\"font10\">N\u00famero do RPS:<\/p>\n\n\t\t\t\t\t\t\t<\/td>\n\n\t\t\t\t\t\t\t<td width=\"75%\"><input type=\"text\" size=\"50\" name=\"rps\" tabindex=\"3\" class=\"txt\" onBlur=\"valida_rps()\"><\/td>\n\n\t\t\t\t\t\t<\/tr>\n\n\t\t\t\t\t\t<tr>\n\n\t\t\t\t\t\t\t<td width=\"100%\" colspan=\"2\">\n\n\t\t\t\t\t\t\t\t<p align=\"center\"><input type=\"submit\" value=\"Visualizar a NFS-e\" tabindex=\"4\" class=\"btn\"><\/td>\n\n\t\t\t\t\t\t<\/tr>\n\n\t\t\t\t\t\t<\/form>\n\n\t\t\t\t\t<\/table>\n\n\t\t\t\t<\/div>\n\n\t\t\t\t<\/td>\n\n\t\t\t<\/tr>\n\n\t\t<\/table>\n\n\t\n\n\t\t<\/div>\n\n\t\n\n\t<\/td>\t\n\n<\/tr>\n\n<\/table>\n\n   <\/div><\/td>\n\n  <\/tr>\n\n  <\/table>\n\n<\/div>\n\n<\/body>\n","protected":false},"excerpt":{"rendered":"<p>Para obter as informa\u00e7\u00f5es para consultar e imprimir a sua Nota Fiscal de Servi\u00e7os Eletr\u00f4nica preencha os campos abaixo. Use somente n\u00fameros nos campos abaixo C\u00f3digo de Usu\u00e1rio: * O c\u00f3digo de usu\u00e1rio encontra-se ap\u00f3s a Raz\u00e3o Social no RPS (Recibo Provis\u00f3rio de Servi\u00e7o). CNPJ \/ CPF: * Insira o seu CNPJ\/CPF sem ponto (.), &hellip; <\/p>\n<p class=\"link-more\"><a href=\"https:\/\/servsystem.com.br\/erp\/nf-es\/\" class=\"more-link\">Continue reading<span class=\"screen-reader-text\"> &#8220;Nota Fiscal Eletr\u00f4nica de servi\u00e7os&#8221;<\/span><\/a><\/p>\n","protected":false},"author":1,"featured_media":0,"parent":0,"menu_order":0,"comment_status":"closed","ping_status":"closed","template":"","meta":{"footnotes":""},"class_list":["post-623","page","type-page","status-publish","hentry"],"_links":{"self":[{"href":"https:\/\/servsystem.com.br\/erp\/wp-json\/wp\/v2\/pages\/623"}],"collection":[{"href":"https:\/\/servsystem.com.br\/erp\/wp-json\/wp\/v2\/pages"}],"about":[{"href":"https:\/\/servsystem.com.br\/erp\/wp-json\/wp\/v2\/types\/page"}],"author":[{"embeddable":true,"href":"https:\/\/servsystem.com.br\/erp\/wp-json\/wp\/v2\/users\/1"}],"replies":[{"embeddable":true,"href":"https:\/\/servsystem.com.br\/erp\/wp-json\/wp\/v2\/comments?post=623"}],"version-history":[{"count":9,"href":"https:\/\/servsystem.com.br\/erp\/wp-json\/wp\/v2\/pages\/623\/revisions"}],"predecessor-version":[{"id":1355,"href":"https:\/\/servsystem.com.br\/erp\/wp-json\/wp\/v2\/pages\/623\/revisions\/1355"}],"wp:attachment":[{"href":"https:\/\/servsystem.com.br\/erp\/wp-json\/wp\/v2\/media?parent=623"}],"curies":[{"name":"wp","href":"https:\/\/api.w.org\/{rel}","templated":true}]}}