{"id":636,"date":"2019-09-18T10:43:12","date_gmt":"2019-09-18T13:43:12","guid":{"rendered":"https:\/\/servsystem.com.br\/erp\/?page_id=636"},"modified":"2024-06-27T10:42:12","modified_gmt":"2024-06-27T13:42:12","slug":"sobre-nos","status":"publish","type":"page","link":"https:\/\/servsystem.com.br\/erp\/sobre-nos\/","title":{"rendered":"Sobre n\u00f3s"},"content":{"rendered":"\n<figure class=\"wp-block-image\"><a href=\"http:\/\/www.servsystem.com.br\"><img decoding=\"async\" width=\"385\" height=\"65\" src=\"https:\/\/servsystem.com.br\/erp\/wp-content\/uploads\/2019\/09\/logoss83.jpg\" alt=\"\" class=\"wp-image-642\" srcset=\"https:\/\/servsystem.com.br\/erp\/wp-content\/uploads\/2019\/09\/logoss83.jpg 385w, https:\/\/servsystem.com.br\/erp\/wp-content\/uploads\/2019\/09\/logoss83-300x51.jpg 300w, https:\/\/servsystem.com.br\/erp\/wp-content\/uploads\/2019\/09\/logoss83-200x34.jpg 200w\" sizes=\"(max-width: 385px) 100vw, 385px\" \/><\/a><\/figure>\n\n\n\n<div align=\"center\">\n\t<div align=\"left\">\n\t\t<table border=\"0\" width=\"536\" cellspacing=\"1\">\n\t\t\t<tr>\n\t\t\t\t<td>\n\t\t\t<p style=\"margin-left: 10px; margin-right: 10px; margin-top: 0\" align=\"justify\"> \n\t\t\t<font face=\"Arial\"><span class=\"style10\">A Serv-System foi fundada \n\t\t\tem 1983. Formada por profissionais atuantes na \u00e1rea, desde ent\u00e3o \n\t\t\tdesenvolve solu\u00e7\u00f5es em software para diferentes setores do mercado.<\/span><\/font><p style=\"margin-left: 10px; margin-right: 10px; margin-top: 0\" align=\"justify\"> \n\t\t\t<font face=\"Arial\"><span class=\"style10\"><br>\n\t\t\tDurante todos esses anos mantivemos o foco na busca constante de \n\t\t\tsolu\u00e7\u00f5es, criando ferramentas que combinam agilidade, praticidade e \n\t\t\tconfiabilidade, agregadas aos valores dos profissionais que d\u00e3o todo \n\t\t\to suporte ao cliente e que ajudam a fazer da Serv-System uma das \n\t\t\tempresas mais respeitadas na \u00e1rea de software de gest\u00e3o empresarial. \n\t\t\tHoje as solu\u00e7\u00f5es Serv-System s\u00e3o adotadas por empresas e suas \n\t\t\tfiliais em todo o territ\u00f3rio nacional.<\/span><\/font><p style=\"margin-left: 10px; margin-right: 10px; margin-top: 0\" align=\"justify\"> \n\t\t\t<font face=\"Arial\"><span class=\"style10\"><br>\n\t\t\tEsse sucesso se deve ao ininterrupto investimento em equipamentos, \n\t\t\tsoftwares e principalmente na contrata\u00e7\u00e3o e treinamento do nosso \n\t\t\tquadro de pessoal.<br>\n\t\t\t&nbsp;<\/span><\/font><p style=\"margin-left: 10px; margin-right: 10px; margin-top: 0\" align=\"justify\"> \n\t\t\t<font face=\"Arial\"><span class=\"style10\">Os nossos softwares atendem \n\t\t\tdesde as pequenas empresas at\u00e9 empresas l\u00edderes de mercado, \n\t\t\tconfirmando assim, que as solu\u00e7\u00f5es em software n\u00e3o t\u00eam que \n\t\t\tnecessariamente serem caras, mas sim representar a melhor rela\u00e7\u00e3o \n\t\t\tcusto\/benef\u00edcio para cada necessidade.<\/span><\/font><\/td>\n\t\t\t<\/tr>\n\t\t<\/table>\n\t<\/div>\n\t<p>&nbsp;<\/div>\n","protected":false},"excerpt":{"rendered":"<p>A Serv-System foi fundada em 1983. Formada por profissionais atuantes na \u00e1rea, desde ent\u00e3o desenvolve solu\u00e7\u00f5es em software para diferentes setores do mercado. Durante todos esses anos mantivemos o foco na busca constante de solu\u00e7\u00f5es, criando ferramentas que combinam agilidade, praticidade e confiabilidade, agregadas aos valores dos profissionais que d\u00e3o todo o suporte ao cliente &hellip; <\/p>\n<p class=\"link-more\"><a href=\"https:\/\/servsystem.com.br\/erp\/sobre-nos\/\" class=\"more-link\">Continue reading<span class=\"screen-reader-text\"> &#8220;Sobre n\u00f3s&#8221;<\/span><\/a><\/p>\n","protected":false},"author":1,"featured_media":0,"parent":0,"menu_order":0,"comment_status":"closed","ping_status":"closed","template":"full-width.php","meta":{"footnotes":""},"class_list":["post-636","page","type-page","status-publish","hentry"],"_links":{"self":[{"href":"https:\/\/servsystem.com.br\/erp\/wp-json\/wp\/v2\/pages\/636"}],"collection":[{"href":"https:\/\/servsystem.com.br\/erp\/wp-json\/wp\/v2\/pages"}],"about":[{"href":"https:\/\/servsystem.com.br\/erp\/wp-json\/wp\/v2\/types\/page"}],"author":[{"embeddable":true,"href":"https:\/\/servsystem.com.br\/erp\/wp-json\/wp\/v2\/users\/1"}],"replies":[{"embeddable":true,"href":"https:\/\/servsystem.com.br\/erp\/wp-json\/wp\/v2\/comments?post=636"}],"version-history":[{"count":11,"href":"https:\/\/servsystem.com.br\/erp\/wp-json\/wp\/v2\/pages\/636\/revisions"}],"predecessor-version":[{"id":1358,"href":"https:\/\/servsystem.com.br\/erp\/wp-json\/wp\/v2\/pages\/636\/revisions\/1358"}],"wp:attachment":[{"href":"https:\/\/servsystem.com.br\/erp\/wp-json\/wp\/v2\/media?parent=636"}],"curies":[{"name":"wp","href":"https:\/\/api.w.org\/{rel}","templated":true}]}}