{"id":16,"date":"2019-08-13T15:27:28","date_gmt":"2019-08-13T18:27:28","guid":{"rendered":"http:\/\/servsystem.com.br\/jr\/?page_id=16"},"modified":"2025-09-23T11:16:29","modified_gmt":"2025-09-23T14:16:29","slug":"contato","status":"publish","type":"page","link":"https:\/\/servsystem.com.br\/jr\/contato\/","title":{"rendered":"Contato"},"content":{"rendered":"\t\t<div data-elementor-type=\"wp-page\" data-elementor-id=\"16\" class=\"elementor elementor-16\">\n\t\t\t\t\t\t<section class=\"elementor-section elementor-top-section elementor-element elementor-element-7423da0 elementor-section-boxed elementor-section-height-default elementor-section-height-default\" data-id=\"7423da0\" data-element_type=\"section\" data-e-type=\"section\">\n\t\t\t\t\t\t<div class=\"elementor-container elementor-column-gap-default\">\n\t\t\t\t\t<div class=\"elementor-column elementor-col-100 elementor-top-column elementor-element elementor-element-d886ba9\" data-id=\"d886ba9\" data-element_type=\"column\" data-e-type=\"column\">\n\t\t\t<div class=\"elementor-widget-wrap elementor-element-populated\">\n\t\t\t\t\t\t<div class=\"elementor-element elementor-element-a490621 elementor-widget elementor-widget-html\" data-id=\"a490621\" data-element_type=\"widget\" data-e-type=\"widget\" data-widget_type=\"html.default\">\n\t\t\t\t<div class=\"elementor-widget-container\">\n\t\t\t\t\t<script>\r\n  (function(i,s,o,g,r,a,m){i['GoogleAnalyticsObject']=r;i[r]=i[r]||function(){\r\n  (i[r].q=i[r].q||[]).push(arguments)},i[r].l=1*new Date();a=s.createElement(o),\r\n  m=s.getElementsByTagName(o)[0];a.async=1;a.src=g;m.parentNode.insertBefore(a,m)\r\n  })(window,document,'script','https:\/\/www.google-analytics.com\/analytics.js','ga');\r\n\r\n  ga('create', 'UA-89780925-1', 'auto');\r\n  ga('send', 'pageview');\r\n\r\n<\/script>\t\t\t\t<\/div>\n\t\t\t\t<\/div>\n\t\t\t\t\t<\/div>\n\t\t<\/div>\n\t\t\t\t\t<\/div>\n\t\t<\/section>\n\t\t\t\t<section class=\"elementor-section elementor-top-section elementor-element elementor-element-d515064 elementor-section-boxed elementor-section-height-default elementor-section-height-default\" data-id=\"d515064\" data-element_type=\"section\" data-e-type=\"section\">\n\t\t\t\t\t\t<div class=\"elementor-container elementor-column-gap-default\">\n\t\t\t\t\t<div class=\"elementor-column elementor-col-33 elementor-top-column elementor-element elementor-element-0f6582d\" data-id=\"0f6582d\" data-element_type=\"column\" data-e-type=\"column\">\n\t\t\t<div class=\"elementor-widget-wrap\">\n\t\t\t\t\t\t\t<\/div>\n\t\t<\/div>\n\t\t\t\t<div class=\"elementor-column elementor-col-33 elementor-top-column elementor-element elementor-element-1dcf92a\" data-id=\"1dcf92a\" data-element_type=\"column\" data-e-type=\"column\">\n\t\t\t<div class=\"elementor-widget-wrap elementor-element-populated\">\n\t\t\t\t\t\t<div class=\"elementor-element elementor-element-8700785 elementor-icon-list--layout-traditional elementor-list-item-link-full_width elementor-widget elementor-widget-icon-list\" data-id=\"8700785\" data-element_type=\"widget\" data-e-type=\"widget\" data-widget_type=\"icon-list.default\">\n\t\t\t\t<div class=\"elementor-widget-container\">\n\t\t\t\t\t\t\t<ul class=\"elementor-icon-list-items\">\n\t\t\t\t\t\t\t<li class=\"elementor-icon-list-item\">\n\t\t\t\t\t\t\t\t\t\t\t<span class=\"elementor-icon-list-icon\">\n\t\t\t\t\t\t\t<i aria-hidden=\"true\" class=\"fas fa-phone-alt\"><\/i>\t\t\t\t\t\t<\/span>\n\t\t\t\t\t\t\t\t\t\t<span class=\"elementor-icon-list-text\">11 3562-0003<\/span>\n\t\t\t\t\t\t\t\t\t<\/li>\n\t\t\t\t\t\t\t\t<li class=\"elementor-icon-list-item\">\n\t\t\t\t\t\t\t\t\t\t\t<span class=\"elementor-icon-list-icon\">\n\t\t\t\t\t\t\t<i aria-hidden=\"true\" class=\"fas fa-street-view\"><\/i>\t\t\t\t\t\t<\/span>\n\t\t\t\t\t\t\t\t\t\t<span class=\"elementor-icon-list-text\">Rua das Glic\u00ednias, 49 - S\u00e3o Paulo - SP <\/span>\n\t\t\t\t\t\t\t\t\t<\/li>\n\t\t\t\t\t\t\t\t<li class=\"elementor-icon-list-item\">\n\t\t\t\t\t\t\t\t\t\t\t<span class=\"elementor-icon-list-icon\">\n\t\t\t\t\t\t\t<i aria-hidden=\"true\" class=\"fas fa-at\"><\/i>\t\t\t\t\t\t<\/span>\n\t\t\t\t\t\t\t\t\t\t<span class=\"elementor-icon-list-text\">contato@servsystem.com.br<\/span>\n\t\t\t\t\t\t\t\t\t<\/li>\n\t\t\t\t\t\t\t\t<li class=\"elementor-icon-list-item\">\n\t\t\t\t\t\t\t\t\t\t\t<span class=\"elementor-icon-list-icon\">\n\t\t\t\t\t\t\t<i aria-hidden=\"true\" class=\"far fa-clock\"><\/i>\t\t\t\t\t\t<\/span>\n\t\t\t\t\t\t\t\t\t\t<span class=\"elementor-icon-list-text\">Seg. a Sex. das 08:30h \u00e0s 17:30h<\/span>\n\t\t\t\t\t\t\t\t\t<\/li>\n\t\t\t\t\t\t<\/ul>\n\t\t\t\t\t\t<\/div>\n\t\t\t\t<\/div>\n\t\t\t\t\t<\/div>\n\t\t<\/div>\n\t\t\t\t<div class=\"elementor-column elementor-col-33 elementor-top-column elementor-element elementor-element-43789f3\" data-id=\"43789f3\" data-element_type=\"column\" data-e-type=\"column\">\n\t\t\t<div class=\"elementor-widget-wrap\">\n\t\t\t\t\t\t\t<\/div>\n\t\t<\/div>\n\t\t\t\t\t<\/div>\n\t\t<\/section>\n\t\t\t\t<section class=\"elementor-section elementor-top-section elementor-element elementor-element-b744f5e elementor-section-boxed elementor-section-height-default elementor-section-height-default\" data-id=\"b744f5e\" data-element_type=\"section\" data-e-type=\"section\">\n\t\t\t\t\t\t<div class=\"elementor-container elementor-column-gap-default\">\n\t\t\t\t\t<div class=\"elementor-column elementor-col-33 elementor-top-column elementor-element elementor-element-e130001\" data-id=\"e130001\" data-element_type=\"column\" data-e-type=\"column\">\n\t\t\t<div class=\"elementor-widget-wrap\">\n\t\t\t\t\t\t\t<\/div>\n\t\t<\/div>\n\t\t\t\t<div class=\"elementor-column elementor-col-33 elementor-top-column elementor-element elementor-element-b3ba67c\" data-id=\"b3ba67c\" data-element_type=\"column\" data-e-type=\"column\">\n\t\t\t<div class=\"elementor-widget-wrap elementor-element-populated\">\n\t\t\t\t\t\t<div class=\"elementor-element elementor-element-4406d05 elementor-widget elementor-widget-google_maps\" data-id=\"4406d05\" data-element_type=\"widget\" data-e-type=\"widget\" data-widget_type=\"google_maps.default\">\n\t\t\t\t<div class=\"elementor-widget-container\">\n\t\t\t\t\t\t\t<div class=\"elementor-custom-embed\">\n\t\t\t<iframe loading=\"lazy\"\n\t\t\t\t\tsrc=\"https:\/\/maps.google.com\/maps?q=rua%20das%20glic%C3%ADnias%2C%2049&#038;t=m&#038;z=15&#038;output=embed&#038;iwloc=near\"\n\t\t\t\t\ttitle=\"rua das glic\u00ednias, 49\"\n\t\t\t\t\taria-label=\"rua das glic\u00ednias, 49\"\n\t\t\t><\/iframe>\n\t\t<\/div>\n\t\t\t\t\t\t<\/div>\n\t\t\t\t<\/div>\n\t\t\t\t\t<\/div>\n\t\t<\/div>\n\t\t\t\t<div class=\"elementor-column elementor-col-33 elementor-top-column elementor-element elementor-element-df06a27\" data-id=\"df06a27\" data-element_type=\"column\" data-e-type=\"column\">\n\t\t\t<div class=\"elementor-widget-wrap\">\n\t\t\t\t\t\t\t<\/div>\n\t\t<\/div>\n\t\t\t\t\t<\/div>\n\t\t<\/section>\n\t\t\t\t<section class=\"elementor-section elementor-top-section elementor-element elementor-element-ac50e26 elementor-section-boxed elementor-section-height-default elementor-section-height-default\" data-id=\"ac50e26\" data-element_type=\"section\" data-e-type=\"section\">\n\t\t\t\t\t\t<div class=\"elementor-container elementor-column-gap-default\">\n\t\t\t\t\t<div class=\"elementor-column elementor-col-33 elementor-top-column elementor-element elementor-element-2f5b8ad\" data-id=\"2f5b8ad\" data-element_type=\"column\" data-e-type=\"column\">\n\t\t\t<div class=\"elementor-widget-wrap\">\n\t\t\t\t\t\t\t<\/div>\n\t\t<\/div>\n\t\t\t\t<div class=\"elementor-column elementor-col-33 elementor-top-column elementor-element elementor-element-fecaeaf\" data-id=\"fecaeaf\" data-element_type=\"column\" data-e-type=\"column\">\n\t\t\t<div class=\"elementor-widget-wrap elementor-element-populated\">\n\t\t\t\t\t\t<div class=\"elementor-element elementor-element-234f3a7 elementor-widget elementor-widget-html\" data-id=\"234f3a7\" data-element_type=\"widget\" data-e-type=\"widget\" data-widget_type=\"html.default\">\n\t\t\t\t<div class=\"elementor-widget-container\">\n\t\t\t\t\t<head>\r\n<title>SERV-SYSTEM Inform\u00e1tica<\/title>\r\n\r\n<meta http-equiv=\"Content-Type\" content=\"text\/html; charset=iso-8859-1\">\r\n\r\n<!--\r\n<meta http-equiv=\"Content-Type\" content=\"text\/html; charset=windows-1252\">\r\n-->\r\n\r\n<style type=\"text\/css\">\r\n<\/style>\r\n\r\n\r\n\r\n<!-- script do recapcha   -->\r\n<script src='https:\/\/www.google.com\/recaptcha\/api.js'><\/script> \r\n\r\n\r\n\r\n\r\n<\/head>\r\n\r\n\r\n<table border=\"1\" width=\"42%\" cellspacing=\"1\" bgcolor=\"#99CCFF\">\r\n<tbody>\r\n<tr>\r\n\r\n\r\n      <FORM ACTION=\"https:\/\/www.servsystem.com.br\/apps\/jr\/formJR-7d.php\" METHOD=\"POST\" class=\"texto2\" onSubmit=\"return valida_form();\" language=\"JavaScript\">\r\n\t \t<input type=\"hidden\" name=\"Destino\" value=\"contato\" \/>\r\n\r\n<table border=\"0\" width=\"42%\" cellspacing=\"1\" bgcolor=\"#99CCFF\">\r\n<tbody>\r\n<tr>\r\n<td width=\"122\" height=\"22\">&nbsp;<\/td>\r\n<td><span style=\"font-family: Arial;\">Mande-nos o seu E-mail que retornaremos em breve.<\/span><\/td>\r\n<\/tr>\r\n<tr>\r\n<td bgcolor=\"#99CCFF\" width=\"122\">&nbsp;<\/td>\r\n<td bgcolor=\"#99CCFF\"><span style=\"font-family: Arial;\"> <span style=\"color: #ff0000;\"><b>*<\/b> <\/span><b><span lang=\"pt-br\"><span style=\"font-size: small;\"> Campos obrigat\u00f3rios<\/span><\/span><\/b><\/span><\/td>\r\n<\/tr>\r\n<tr>\r\n<td bgcolor=\"#99CCFF\" width=\"122\">&nbsp;<\/td>\r\n<td bgcolor=\"#99CCFF\"><span style=\"font-family: Arial;\"> <b>Qual a sua op\u00e7\u00e3o?&nbsp;&nbsp;&nbsp; <\/b><\/span> <b><span style=\"font-family: Arial; font-size: medium;\"><select class=\"form\" tabindex=\"1\" name=\"Opcao\" size=\"1\">\r\n<option selected=\"selected\" value=\"\">-- Selecione --<\/option>\r\n<option value=\"Depto. de Suporte T\u00e9cnico\">Depto. de Suporte T\u00e9cnico <\/option>\r\n<option value=\"Depto. Comercial\">Depto. Comercial<\/option>\r\n<option value=\"Depto. Financeiro\">Depto. Financeiro<\/option>\r\n<option value=\"Depto. de Marketing\">Depto. de Marketing<\/option>\r\n<option value=\"SAC - Serv. Atend. Consumidor\">SAC - Serv. Atend. Consumidor<\/option>\r\n<option value=\"Outros\">Outros<\/option>\r\n<\/select><\/span><\/b><\/td>\r\n<\/tr>\r\n<tr>\r\n<td bgcolor=\"#99CCFF\" width=\"122\"><span style=\"font-family: Arial;\"> <span style=\"font-size: small;\">&nbsp;Empresa<\/span><span style=\"color: #ff0000; font-size: small;\">*&nbsp;<\/span><\/span><\/td>\r\n<td bgcolor=\"#99CCFF\"><span style=\"font-family: Arial; font-size: medium;\"> <input id=\"empresa\" tabindex=\"0\" maxlength=\"45\" name=\"Empresa*\" size=\"75\" type=\"text\"><\/span><\/td>\r\n<\/tr>\r\n<tr>\r\n<td bgcolor=\"#99CCFF\" width=\"122\"><span style=\"font-family: Arial; font-size: small;\"> Nome<span style=\"color: #ff0000;\">*&nbsp; <\/span> <\/span><\/td>\r\n<td bgcolor=\"#99CCFF\"><span style=\"font-family: Arial; font-size: medium;\"> <input id=\"nome\" maxlength=\"45\" name=\"Nome*\" size=\"75\" type=\"text\"><\/span><\/td>\r\n<\/tr>\r\n<tr>\r\n<td bgcolor=\"#99CCFF\" width=\"122\"><span style=\"font-family: Arial;\"> <span style=\"font-size: small;\">&nbsp;E-mail<span style=\"color: #ff0000;\">*<\/span><\/span><\/span><\/td>\r\n<td bgcolor=\"#99CCFF\"><span style=\"font-family: Arial; font-size: medium;\"> \r\n<!--webbot bot=\"Validation\" i-minimum-length=\"1\" i-maximum-length=\"45\" --><input id=\"email\" maxlength=\"45\" name=\"Email*\" size=\"75\" type=\"text\"><\/span><\/td>\r\n<\/tr>\r\n<tr>\r\n<td bgcolor=\"#99CCFF\" width=\"122\"><span style=\"font-family: Arial;\"> <span style=\"font-size: small;\">Telefone<span style=\"color: #ff0000;\">*<\/span><\/span> <\/span> <span style=\"font-size: small;\">&nbsp;<\/span><\/td>\r\n<td bgcolor=\"#99CCFF\"><span style=\"font-family: Arial; font-size: medium;\"> \r\n<!--webbot bot=\"Validation\" i-minimum-length=\"1\" i-maximum-length=\"45\" --><input id=\"telefone\" maxlength=\"45\" name=\"Telefone*\" size=\"75\" type=\"text\"><\/span><\/td>\r\n<\/tr>\r\n<tr>\r\n<td bgcolor=\"#99CCFF\" width=\"122\">&nbsp;<\/td>\r\n<td bgcolor=\"#99CCFF\"><span style=\"font-family: Arial; font-size: small;\"> Escreva a sua mensagem abaixo:<\/span><span style=\"color: #ff0000;\">*<\/span><\/td>\r\n<\/tr>\r\n<tr>\r\n<td bgcolor=\"#99CCFF\" width=\"122\">&nbsp;<\/td>\r\n<td bgcolor=\"#99CCFF\"><span class=\"texto2\"> <span style=\"font-family: Arial; font-size: medium;\"> <textarea id=\"DESCRICAO\" cols=\"64\" name=\"DESCRICAO\" rows=\"8\"><\/textarea><\/span><\/span><\/td>\r\n<\/tr>\r\n<tr>\r\n<td bgcolor=\"#99CCFF\" width=\"122\">&nbsp;<\/td>\r\n<td bgcolor=\"#99CCFF\"><span style=\"font-family: Arial;\"><span class=\"texto2\"> Agradecemos o seu contato <\/span><\/span><\/td>\r\n<\/tr>\r\n<tr>\r\n<td bgcolor=\"#99CCFF\" width=\"122\">&nbsp;<\/td>\r\n<td bgcolor=\"#99CCFF\">\r\n<table summary=\"1\">\r\n<tbody>\r\n<tr char=\"top\">\r\n<td rowspan=\"center\" char=\"top\" charoff=\"512\">\r\n<p style=\"margin: 0 10px;\"><span style=\"font-family: Arial;\">&nbsp;&nbsp;&nbsp;&nbsp;&nbsp; <\/span> <span style=\"font-family: Arial; font-size: medium;\"> <input name=\"enviar\" type=\"submit\" value=\"Enviar\"><\/span> <span style=\"font-family: Arial; font-size: medium;\"> &nbsp;&nbsp;&nbsp; <input name=\"reset\" type=\"reset\" value=\"Limpar\"> <\/span><\/p>\r\n\r\n\r\n<!-- div do recaptcha  -->\r\n    <div id='recaptcha' class=\"g-recaptcha\" data-sitekey= \"6LcrdlcmAAAAAHPjoQ4xttCt4IVzktXIuH25_07m\" data-callback=\"sendForm\" data-size=\"invisible\"><\/div>\r\n\r\n\r\n\r\n\r\n<\/td>\r\n<\/tr>\r\n<\/tbody>\r\n<\/table>\r\n<\/td>\r\n<\/tr>\r\n<\/tbody>\r\n<\/table>\r\n<p><span style=\"font-family: Arial;\"> <input name=\"Destino\" type=\"hidden\" value=\"Form\"> <\/span><\/p>\r\n<\/form>\r\n\r\n\r\n\r\n\r\n<script type=\"text\/javascript\"> function valida_form() {\r\n\tempresa = document.getElementById(\"empresa\").value;\r\n\tnome = document.getElementById(\"nome\").value;\r\n\ttelefone = document.getElementById(\"telefone\").value;\r\n        DESCRICAO = document.getElementById(\"DESCRICAO\").value;\r\n\temail = document.getElementById(\"email\").value;\r\n\tif (empresa == \"\")\r\n\t{ \t\talert(\"Os campos marcados com (*) s\u00e3o de preenchimento obrigat\u00f3rio!\");\r\n\t\treturn false; }\r\n\tif (nome == \"\")\r\n\t{ \t\talert(\"Os campos marcados com (*) s\u00e3o de preenchimento obrigat\u00f3rio!\");\r\n\t\treturn false; }\r\n\tif (email == \"\")\r\n\t{ \t\talert(\"Os campos marcados com (*) s\u00e3o de preenchimento obrigat\u00f3rio!\");\r\n\t\treturn false; }\r\n\tif (telefone == \"\")\r\n\t{ \t\talert(\"Os campos marcados com (*) s\u00e3o de preenchimento obrigat\u00f3rio!\");\r\n\t\treturn false; }\r\n\tif (DESCRICAO == \"\")\r\n\t{ \t\talert(\"Os campos marcados com (*) s\u00e3o de preenchimento obrigat\u00f3rio!\");\r\n\t\treturn false; }\r\n\treturn true;\r\n}\r\n            <\/script><\/p>\r\n<\/td><\/tr>\r\n\r\n<\/tbody>\r\n<\/table>\r\n\t\t\t\t<\/div>\n\t\t\t\t<\/div>\n\t\t\t\t\t<\/div>\n\t\t<\/div>\n\t\t\t\t<div class=\"elementor-column elementor-col-33 elementor-top-column elementor-element elementor-element-e4e7c86\" data-id=\"e4e7c86\" data-element_type=\"column\" data-e-type=\"column\">\n\t\t\t<div class=\"elementor-widget-wrap\">\n\t\t\t\t\t\t\t<\/div>\n\t\t<\/div>\n\t\t\t\t\t<\/div>\n\t\t<\/section>\n\t\t\t\t<section class=\"elementor-section elementor-top-section elementor-element elementor-element-710e2ae elementor-section-boxed elementor-section-height-default elementor-section-height-default\" data-id=\"710e2ae\" data-element_type=\"section\" data-e-type=\"section\">\n\t\t\t\t\t\t<div class=\"elementor-container elementor-column-gap-default\">\n\t\t\t\t\t<div class=\"elementor-column elementor-col-100 elementor-top-column elementor-element elementor-element-990c044\" data-id=\"990c044\" data-element_type=\"column\" data-e-type=\"column\">\n\t\t\t<div class=\"elementor-widget-wrap\">\n\t\t\t\t\t\t\t<\/div>\n\t\t<\/div>\n\t\t\t\t\t<\/div>\n\t\t<\/section>\n\t\t\t\t<\/div>\n\t\t","protected":false},"excerpt":{"rendered":"<p>11 3562-0003 Rua das Glic\u00ednias, 49 &#8211; S\u00e3o Paulo &#8211; SP contato@servsystem.com.br Seg. a Sex. das 08:30h \u00e0s 17:30h SERV-SYSTEM Inform\u00e1tica &nbsp; Mande-nos o seu E-mail que retornaremos em breve. &nbsp; * Campos obrigat\u00f3rios &nbsp; Qual a sua op\u00e7\u00e3o?&nbsp;&nbsp;&nbsp; &#8212; Selecione &#8212;Depto. de Suporte T\u00e9cnico Depto. ComercialDepto. FinanceiroDepto. de MarketingSAC &#8211; Serv. Atend. ConsumidorOutros &nbsp;Empresa*&nbsp; &hellip; <\/p>\n<p class=\"link-more\"><a href=\"https:\/\/servsystem.com.br\/jr\/contato\/\" class=\"more-link\">Continue reading<span class=\"screen-reader-text\"> &#8220;Contato&#8221;<\/span><\/a><\/p>\n","protected":false},"author":1,"featured_media":0,"parent":0,"menu_order":0,"comment_status":"closed","ping_status":"closed","template":"full-width.php","meta":{"footnotes":""},"class_list":["post-16","page","type-page","status-publish","hentry"],"_links":{"self":[{"href":"https:\/\/servsystem.com.br\/jr\/wp-json\/wp\/v2\/pages\/16","targetHints":{"allow":["GET"]}}],"collection":[{"href":"https:\/\/servsystem.com.br\/jr\/wp-json\/wp\/v2\/pages"}],"about":[{"href":"https:\/\/servsystem.com.br\/jr\/wp-json\/wp\/v2\/types\/page"}],"author":[{"embeddable":true,"href":"https:\/\/servsystem.com.br\/jr\/wp-json\/wp\/v2\/users\/1"}],"replies":[{"embeddable":true,"href":"https:\/\/servsystem.com.br\/jr\/wp-json\/wp\/v2\/comments?post=16"}],"version-history":[{"count":150,"href":"https:\/\/servsystem.com.br\/jr\/wp-json\/wp\/v2\/pages\/16\/revisions"}],"predecessor-version":[{"id":1274,"href":"https:\/\/servsystem.com.br\/jr\/wp-json\/wp\/v2\/pages\/16\/revisions\/1274"}],"wp:attachment":[{"href":"https:\/\/servsystem.com.br\/jr\/wp-json\/wp\/v2\/media?parent=16"}],"curies":[{"name":"wp","href":"https:\/\/api.w.org\/{rel}","templated":true}]}}