{"id":636,"date":"2019-09-18T10:43:12","date_gmt":"2019-09-18T13:43:12","guid":{"rendered":"http:\/\/servsystem.com.br\/jr\/?page_id=636"},"modified":"2024-06-27T15:14:31","modified_gmt":"2024-06-27T18:14:31","slug":"sobre-nos","status":"publish","type":"page","link":"https:\/\/servsystem.com.br\/jr\/sobre-nos\/","title":{"rendered":"Sobre n\u00f3s"},"content":{"rendered":"\t\t<div data-elementor-type=\"wp-page\" data-elementor-id=\"636\" class=\"elementor elementor-636\">\n\t\t\t\t\t\t<section class=\"elementor-section elementor-top-section elementor-element elementor-element-5ccef43 elementor-section-boxed elementor-section-height-default elementor-section-height-default\" data-id=\"5ccef43\" data-element_type=\"section\" data-e-type=\"section\">\n\t\t\t\t\t\t<div class=\"elementor-container elementor-column-gap-default\">\n\t\t\t\t\t<div class=\"elementor-column elementor-col-100 elementor-top-column elementor-element elementor-element-1b4b388\" data-id=\"1b4b388\" data-element_type=\"column\" data-e-type=\"column\">\n\t\t\t<div class=\"elementor-widget-wrap elementor-element-populated\">\n\t\t\t\t\t\t<div class=\"elementor-element elementor-element-11bc152 elementor-widget elementor-widget-html\" data-id=\"11bc152\" data-element_type=\"widget\" data-e-type=\"widget\" data-widget_type=\"html.default\">\n\t\t\t\t<div class=\"elementor-widget-container\">\n\t\t\t\t\t<script>\r\n  (function(i,s,o,g,r,a,m){i['GoogleAnalyticsObject']=r;i[r]=i[r]||function(){\r\n  (i[r].q=i[r].q||[]).push(arguments)},i[r].l=1*new Date();a=s.createElement(o),\r\n  m=s.getElementsByTagName(o)[0];a.async=1;a.src=g;m.parentNode.insertBefore(a,m)\r\n  })(window,document,'script','https:\/\/www.google-analytics.com\/analytics.js','ga');\r\n\r\n  ga('create', 'UA-89780925-1', 'auto');\r\n  ga('send', 'pageview');\r\n\r\n<\/script>\t\t\t\t<\/div>\n\t\t\t\t<\/div>\n\t\t\t\t\t<\/div>\n\t\t<\/div>\n\t\t\t\t\t<\/div>\n\t\t<\/section>\n\t\t\t\t<section class=\"elementor-section elementor-top-section elementor-element elementor-element-31ad3416 elementor-section-boxed elementor-section-height-default elementor-section-height-default\" data-id=\"31ad3416\" data-element_type=\"section\" data-e-type=\"section\">\n\t\t\t\t\t\t<div class=\"elementor-container elementor-column-gap-default\">\n\t\t\t\t\t<div class=\"elementor-column elementor-col-100 elementor-top-column elementor-element elementor-element-30ad9f2\" data-id=\"30ad9f2\" data-element_type=\"column\" data-e-type=\"column\">\n\t\t\t<div class=\"elementor-widget-wrap elementor-element-populated\">\n\t\t\t\t\t\t<div class=\"elementor-element elementor-element-5ae4aa1b elementor-widget elementor-widget-text-editor\" data-id=\"5ae4aa1b\" data-element_type=\"widget\" data-e-type=\"widget\" data-widget_type=\"text-editor.default\">\n\t\t\t\t<div class=\"elementor-widget-container\">\n\t\t\t\t\t\t\t\t\t\n<figure class=\"wp-block-image\"><a href=\"https:\/\/www.servsystem.com.br\"><img decoding=\"async\" width=\"385\" height=\"65\" class=\"wp-image-642\" src=\"http:\/\/servsystem.com.br\/jr\/wp-content\/uploads\/2019\/09\/logoss83.jpg\" alt=\"\" srcset=\"https:\/\/servsystem.com.br\/jr\/wp-content\/uploads\/2019\/09\/logoss83.jpg 385w, https:\/\/servsystem.com.br\/jr\/wp-content\/uploads\/2019\/09\/logoss83-300x51.jpg 300w, https:\/\/servsystem.com.br\/jr\/wp-content\/uploads\/2019\/09\/logoss83-200x34.jpg 200w\" sizes=\"(max-width: 385px) 100vw, 385px\" \/><\/a><\/figure>\n\n\n\n<p style=\"margin-left: 10px; margin-right: 10px; margin-top: 0;\" align=\"justify\"><span style=\"font-family: Arial;\"><span class=\"style10\">A Serv-System foi fundada em 1983. Formada por profissionais atuantes na \u00e1rea, desde ent\u00e3o desenvolve solu\u00e7\u00f5es em software para diferentes setores do mercado.<\/span><\/span><\/p>\n<p style=\"margin-left: 10px; margin-right: 10px; margin-top: 0;\" align=\"justify\"><span style=\"font-family: Arial;\"><span class=\"style10\"><br \/>Durante todos esses anos mantivemos o foco na busca constante de solu\u00e7\u00f5es, criando ferramentas que combinam agilidade, praticidade e confiabilidade, agregadas aos valores dos profissionais que d\u00e3o todo o suporte ao cliente e que ajudam a fazer da Serv-System uma das empresas mais respeitadas na \u00e1rea de software de gest\u00e3o empresarial. Hoje as solu\u00e7\u00f5es Serv-System s\u00e3o adotadas por empresas e suas filiais em todo o territ\u00f3rio nacional.<\/span><\/span><\/p>\n<p style=\"margin-left: 10px; margin-right: 10px; margin-top: 0;\" align=\"justify\"><span style=\"font-family: Arial;\"><span class=\"style10\"><br \/>Esse sucesso se deve ao ininterrupto investimento em equipamentos, softwares e principalmente na contrata\u00e7\u00e3o e treinamento do nosso quadro de pessoal.<br \/>\u00a0<\/span><\/span><\/p>\n<p style=\"margin-left: 10px; margin-right: 10px; margin-top: 0;\" align=\"justify\"><span style=\"font-family: Arial;\"><span class=\"style10\">Os nossos softwares atendem desde as pequenas empresas at\u00e9 empresas l\u00edderes de mercado, confirmando assim, que as solu\u00e7\u00f5es em software n\u00e3o t\u00eam que necessariamente serem caras, mas sim representar a melhor rela\u00e7\u00e3o custo\/benef\u00edcio para cada necessidade.<\/span><\/span><\/p>\n\t\t\t\t\t\t\t\t<\/div>\n\t\t\t\t<\/div>\n\t\t\t\t\t<\/div>\n\t\t<\/div>\n\t\t\t\t\t<\/div>\n\t\t<\/section>\n\t\t\t\t<\/div>\n\t\t","protected":false},"excerpt":{"rendered":"<p>A Serv-System foi fundada em 1983. Formada por profissionais atuantes na \u00e1rea, desde ent\u00e3o desenvolve solu\u00e7\u00f5es em software para diferentes setores do mercado. Durante todos esses anos mantivemos o foco na busca constante de solu\u00e7\u00f5es, criando ferramentas que combinam agilidade, praticidade e confiabilidade, agregadas aos valores dos profissionais que d\u00e3o todo o suporte ao cliente &hellip; <\/p>\n<p class=\"link-more\"><a href=\"https:\/\/servsystem.com.br\/jr\/sobre-nos\/\" class=\"more-link\">Continue reading<span class=\"screen-reader-text\"> &#8220;Sobre n\u00f3s&#8221;<\/span><\/a><\/p>\n","protected":false},"author":1,"featured_media":0,"parent":0,"menu_order":0,"comment_status":"closed","ping_status":"closed","template":"full-width.php","meta":{"footnotes":""},"class_list":["post-636","page","type-page","status-publish","hentry"],"_links":{"self":[{"href":"https:\/\/servsystem.com.br\/jr\/wp-json\/wp\/v2\/pages\/636","targetHints":{"allow":["GET"]}}],"collection":[{"href":"https:\/\/servsystem.com.br\/jr\/wp-json\/wp\/v2\/pages"}],"about":[{"href":"https:\/\/servsystem.com.br\/jr\/wp-json\/wp\/v2\/types\/page"}],"author":[{"embeddable":true,"href":"https:\/\/servsystem.com.br\/jr\/wp-json\/wp\/v2\/users\/1"}],"replies":[{"embeddable":true,"href":"https:\/\/servsystem.com.br\/jr\/wp-json\/wp\/v2\/comments?post=636"}],"version-history":[{"count":12,"href":"https:\/\/servsystem.com.br\/jr\/wp-json\/wp\/v2\/pages\/636\/revisions"}],"predecessor-version":[{"id":1262,"href":"https:\/\/servsystem.com.br\/jr\/wp-json\/wp\/v2\/pages\/636\/revisions\/1262"}],"wp:attachment":[{"href":"https:\/\/servsystem.com.br\/jr\/wp-json\/wp\/v2\/media?parent=636"}],"curies":[{"name":"wp","href":"https:\/\/api.w.org\/{rel}","templated":true}]}}